{"id":13478,"date":"2022-01-24T11:37:49","date_gmt":"2022-01-24T10:37:49","guid":{"rendered":"https:\/\/lauwers-law.be\/jaarboek-fiscale-rechtspraak-2020\/"},"modified":"2022-02-02T17:51:14","modified_gmt":"2022-02-02T16:51:14","slug":"jaarboek-fiscale-rechtspraak-2020-en","status":"publish","type":"page","link":"https:\/\/lauwers-law.be\/en\/jaarboek-fiscale-rechtspraak-2020-en\/","title":{"rendered":"Jaarboek fiscale rechtspraak 2020 en"},"content":{"rendered":"[vc_row type=&#8221;in_container&#8221; full_screen_row_position=&#8221;middle&#8221; column_margin=&#8221;default&#8221; column_direction=&#8221;default&#8221; column_direction_tablet=&#8221;default&#8221; column_direction_phone=&#8221;default&#8221; scene_position=&#8221;center&#8221; text_color=&#8221;dark&#8221; text_align=&#8221;left&#8221; row_border_radius=&#8221;none&#8221; row_border_radius_applies=&#8221;bg&#8221; overflow=&#8221;visible&#8221; overlay_strength=&#8221;0.3&#8243; gradient_direction=&#8221;left_to_right&#8221; shape_divider_position=&#8221;bottom&#8221; bg_image_animation=&#8221;none&#8221; source=&#8221;&#8221; text=&#8221;ONZE EXPERTISE&#8221; font_container=&#8221;tag:h2|text_align:left|color:%230b3279&#8243; use_theme_fonts=&#8221;yes&#8221; google_fonts=&#8221;font_family:Abril%20Fatface%3Aregular|font_style:400%20regular%3A400%3Anormal&#8221; css_animation=&#8221;&#8221; css=&#8221;.vc_custom_1504084780331{margin-bottom: 20px !important;}&#8221; link=&#8221;&#8221; el_class=&#8221;&#8221;][vc_column column_padding=&#8221;no-extra-padding&#8221; column_padding_tablet=&#8221;inherit&#8221; column_padding_phone=&#8221;inherit&#8221; column_padding_position=&#8221;all&#8221; column_element_spacing=&#8221;default&#8221; background_color_opacity=&#8221;1&#8243; background_hover_color_opacity=&#8221;1&#8243; column_shadow=&#8221;none&#8221; column_border_radius=&#8221;none&#8221; column_link_target=&#8221;_self&#8221; column_position=&#8221;default&#8221; gradient_direction=&#8221;left_to_right&#8221; overlay_strength=&#8221;0.3&#8243; width=&#8221;1\/1&#8243; tablet_width_inherit=&#8221;default&#8221; tablet_text_alignment=&#8221;default&#8221; phone_text_alignment=&#8221;default&#8221; animation_type=&#8221;default&#8221; bg_image_animation=&#8221;none&#8221; border_type=&#8221;simple&#8221; column_border_width=&#8221;none&#8221; column_border_style=&#8221;solid&#8221;][vc_custom_heading text=&#8221;Jaarboek Fiscale Rechtspraak 2020&#8243; font_container=&#8221;tag:h2|text_align:left|color:%230b3279&#8243; use_theme_fonts=&#8221;yes&#8221; css=&#8221;.vc_custom_1643021399730{margin-bottom: 20px !important;}&#8221;][\/vc_column][\/vc_row][vc_row type=&#8221;in_container&#8221; full_screen_row_position=&#8221;middle&#8221; column_margin=&#8221;default&#8221; column_direction=&#8221;default&#8221; column_direction_tablet=&#8221;default&#8221; column_direction_phone=&#8221;default&#8221; scene_position=&#8221;center&#8221; text_color=&#8221;dark&#8221; text_align=&#8221;left&#8221; row_border_radius=&#8221;none&#8221; row_border_radius_applies=&#8221;bg&#8221; overflow=&#8221;visible&#8221; overlay_strength=&#8221;0.3&#8243; gradient_direction=&#8221;left_to_right&#8221; shape_divider_position=&#8221;bottom&#8221; bg_image_animation=&#8221;none&#8221;][vc_column column_padding=&#8221;no-extra-padding&#8221; column_padding_tablet=&#8221;inherit&#8221; column_padding_phone=&#8221;inherit&#8221; column_padding_position=&#8221;all&#8221; column_element_spacing=&#8221;default&#8221; background_color_opacity=&#8221;1&#8243; background_hover_color_opacity=&#8221;1&#8243; column_shadow=&#8221;none&#8221; column_border_radius=&#8221;none&#8221; column_link_target=&#8221;_self&#8221; column_position=&#8221;default&#8221; gradient_direction=&#8221;left_to_right&#8221; overlay_strength=&#8221;0.3&#8243; width=&#8221;1\/2&#8243; tablet_width_inherit=&#8221;default&#8221; tablet_text_alignment=&#8221;default&#8221; phone_text_alignment=&#8221;default&#8221; animation_type=&#8221;default&#8221; bg_image_animation=&#8221;none&#8221; border_type=&#8221;simple&#8221; column_border_width=&#8221;none&#8221; column_border_style=&#8221;solid&#8221;][nectar_cascading_images image_1_bg_color=&#8221;#14387f&#8221; image_1_offset_x_sign=&#8221;-&#8221; image_1_offset_x=&#8221;15%&#8221; image_1_offset_y_sign=&#8221;-&#8221; image_1_offset_y=&#8221;15%&#8221; image_1_rotate_sign=&#8221;+&#8221; image_1_rotate=&#8221;none&#8221; image_1_scale=&#8221;0.75&#8243; image_1_animation=&#8221;Fade In&#8221; image_1_padding=&#8221;none&#8221; image_1_box_shadow=&#8221;none&#8221; image_1_max_width_desktop=&#8221;100%&#8221; image_1_max_width_mobile=&#8221;100%&#8221; image_1_image_width_mobile=&#8221;default&#8221; image_2_url=&#8221;12049&#8243; image_2_offset_x_sign=&#8221;-&#8221; image_2_offset_x=&#8221;5%&#8221; image_2_offset_y_sign=&#8221;-&#8221; image_2_offset_y=&#8221;5%&#8221; image_2_rotate_sign=&#8221;+&#8221; image_2_rotate=&#8221;none&#8221; image_2_scale=&#8221;0.75&#8243; image_2_animation=&#8221;Fade In&#8221; image_2_padding=&#8221;none&#8221; image_2_box_shadow=&#8221;small_depth&#8221; image_2_max_width_desktop=&#8221;100%&#8221; image_2_max_width_mobile=&#8221;100%&#8221; image_2_image_width_mobile=&#8221;default&#8221; image_3_offset_x_sign=&#8221;+&#8221; image_3_offset_x=&#8221;0%&#8221; image_3_offset_y_sign=&#8221;+&#8221; image_3_offset_y=&#8221;0%&#8221; image_3_rotate_sign=&#8221;+&#8221; image_3_rotate=&#8221;none&#8221; image_3_scale=&#8221;1&#8243; image_3_animation=&#8221;Fade In&#8221; image_3_padding=&#8221;auto&#8221; image_3_box_shadow=&#8221;none&#8221; image_3_max_width_desktop=&#8221;100%&#8221; image_3_max_width_mobile=&#8221;100%&#8221; image_3_image_width_mobile=&#8221;default&#8221; image_4_offset_x_sign=&#8221;+&#8221; image_4_offset_x=&#8221;0%&#8221; image_4_offset_y_sign=&#8221;+&#8221; image_4_offset_y=&#8221;0%&#8221; image_4_rotate_sign=&#8221;+&#8221; image_4_rotate=&#8221;none&#8221; image_4_scale=&#8221;1&#8243; image_4_animation=&#8221;Fade In&#8221; image_4_padding=&#8221;auto&#8221; image_4_box_shadow=&#8221;none&#8221; image_4_max_width_desktop=&#8221;100%&#8221; image_4_max_width_mobile=&#8221;100%&#8221; image_4_image_width_mobile=&#8221;default&#8221; element_sizing=&#8221;default&#8221; image_loading=&#8221;default&#8221; border_radius=&#8221;none&#8221; overflow=&#8221;visible&#8221;][\/vc_column][vc_column column_padding=&#8221;no-extra-padding&#8221; column_padding_tablet=&#8221;inherit&#8221; column_padding_phone=&#8221;inherit&#8221; column_padding_position=&#8221;all&#8221; column_element_spacing=&#8221;default&#8221; background_color_opacity=&#8221;1&#8243; background_hover_color_opacity=&#8221;1&#8243; column_shadow=&#8221;none&#8221; column_border_radius=&#8221;none&#8221; column_link_target=&#8221;_self&#8221; column_position=&#8221;default&#8221; gradient_direction=&#8221;left_to_right&#8221; overlay_strength=&#8221;0.3&#8243; width=&#8221;1\/2&#8243; tablet_width_inherit=&#8221;default&#8221; tablet_text_alignment=&#8221;default&#8221; phone_text_alignment=&#8221;default&#8221; animation_type=&#8221;default&#8221; bg_image_animation=&#8221;none&#8221; border_type=&#8221;simple&#8221; column_border_width=&#8221;none&#8221; column_border_style=&#8221;solid&#8221;][vc_column_text css=&#8221;.vc_custom_1643030568547{margin-bottom: 0px !important;}&#8221;]\n<h5 style=\"color: #14387f;\"><strong>Story Publishers<\/strong><\/h5>\n[\/vc_column_text][vc_column_text]\n<p style=\"font-size: 18px;\"><strong>Fiscaal Advocaat Thierry Lauwers maakt de balans op van de fiscale rechtspraak. In het \u2018Jaarboek Fiscale Rechtspraak 2020\u2019 biedt hij een\u00a0<\/strong><strong>overzicht van de meest opvallende fiscaalrechtelijke vonnissen en arresten van het voorbije jaar. E\u00e9n voor \u00e9\u00e9n werpen ze nieuw licht op\u00a0<\/strong><strong>vraagstukken, die relevant zijn voor de fiscale situatie van Belgische ondernemers en belastingplichtigen.<\/strong><\/p>\n[\/vc_column_text][vc_column_text]\n<p style=\"font-size: 18px;\">In zijn jaarlijks overzicht van de Belgische fiscale rechtspraak behandelt Thierry Lauwers \u2013 vennoot en oprichter van Lauwers Fiscale Advocaten \u2013 meer dan vijftig vonnissen en arresten.<\/p>\n[\/vc_column_text][vc_column_text css=&#8221;.vc_custom_1643025952679{padding-top: 20px !important;}&#8221;]\n<p style=\"font-size: 13px;\">Studenten krijgen 25% korting bij bestellen<\/p>\n[\/vc_column_text][nectar_btn size=&#8221;medium&#8221; open_new_tab=&#8221;true&#8221; button_style=&#8221;regular&#8221; button_color_2=&#8221;Accent-Color&#8221; icon_family=&#8221;iconsmind&#8221; el_class=&#8221;buttonCenter&#8221; text=&#8221;Online bestellen&#8221; icon_iconsmind=&#8221;iconsmind-Triangle-ArrowRight&#8221; url=&#8221;https:\/\/www.storypublishers.be\/collections\/boeken\/products\/jaarboek-fiscale-rechtspraak-2020&#8243;][\/vc_column][\/vc_row][vc_row type=&#8221;full_width_background&#8221; full_screen_row_position=&#8221;middle&#8221; column_margin=&#8221;default&#8221; column_direction=&#8221;default&#8221; column_direction_tablet=&#8221;default&#8221; column_direction_phone=&#8221;default&#8221; bg_color=&#8221;#f9f9f9&#8243; scene_position=&#8221;center&#8221; top_padding=&#8221;30&#8243; text_color=&#8221;dark&#8221; text_align=&#8221;left&#8221; row_border_radius=&#8221;none&#8221; row_border_radius_applies=&#8221;bg&#8221; overflow=&#8221;visible&#8221; advanced_gradient_angle=&#8221;0&#8243; overlay_strength=&#8221;0.3&#8243; gradient_direction=&#8221;left_to_right&#8221; shape_divider_position=&#8221;bottom&#8221; bg_image_animation=&#8221;none&#8221; gradient_type=&#8221;default&#8221; shape_type=&#8221;&#8221;][vc_column column_padding=&#8221;no-extra-padding&#8221; column_padding_tablet=&#8221;inherit&#8221; column_padding_phone=&#8221;inherit&#8221; column_padding_position=&#8221;all&#8221; column_element_spacing=&#8221;default&#8221; background_color_opacity=&#8221;1&#8243; background_hover_color_opacity=&#8221;1&#8243; column_shadow=&#8221;none&#8221; column_border_radius=&#8221;none&#8221; column_link_target=&#8221;_self&#8221; column_position=&#8221;default&#8221; advanced_gradient_angle=&#8221;0&#8243; gradient_direction=&#8221;left_to_right&#8221; overlay_strength=&#8221;0.3&#8243; width=&#8221;1\/1&#8243; tablet_width_inherit=&#8221;default&#8221; tablet_text_alignment=&#8221;default&#8221; phone_text_alignment=&#8221;default&#8221; animation_type=&#8221;default&#8221; bg_image_animation=&#8221;none&#8221; border_type=&#8221;simple&#8221; column_border_width=&#8221;none&#8221; column_border_style=&#8221;solid&#8221; gradient_type=&#8221;default&#8221;][vc_column_text]\n<h2><strong>Drie voorbeelden van fiscale rechtspraak uit 2020<\/strong><\/h2>\n[\/vc_column_text][\/vc_column][\/vc_row][vc_row type=&#8221;full_width_content&#8221; full_screen_row_position=&#8221;middle&#8221; column_margin=&#8221;none&#8221; equal_height=&#8221;yes&#8221; column_direction=&#8221;default&#8221; column_direction_tablet=&#8221;default&#8221; column_direction_phone=&#8221;default&#8221; scene_position=&#8221;center&#8221; top_padding=&#8221;0&#8243; constrain_group_1=&#8221;yes&#8221; bottom_padding=&#8221;0&#8243; left_padding_desktop=&#8221;0&#8243; constrain_group_2=&#8221;yes&#8221; right_padding_desktop=&#8221;0&#8243; text_color=&#8221;dark&#8221; text_align=&#8221;left&#8221; row_border_radius=&#8221;none&#8221; row_border_radius_applies=&#8221;bg&#8221; overflow=&#8221;visible&#8221; advanced_gradient_angle=&#8221;0&#8243; overlay_strength=&#8221;0.3&#8243; gradient_direction=&#8221;left_to_right&#8221; shape_divider_position=&#8221;bottom&#8221; bg_image_animation=&#8221;none&#8221; gradient_type=&#8221;default&#8221; shape_type=&#8221;&#8221;][vc_column column_padding=&#8221;padding-3-percent&#8221; column_padding_tablet=&#8221;inherit&#8221; column_padding_phone=&#8221;inherit&#8221; column_padding_position=&#8221;all&#8221; column_element_spacing=&#8221;default&#8221; background_color=&#8221;#f9f9f9&#8243; background_color_opacity=&#8221;1&#8243; background_hover_color_opacity=&#8221;1&#8243; column_shadow=&#8221;none&#8221; column_border_radius=&#8221;none&#8221; column_link_target=&#8221;_self&#8221; column_position=&#8221;default&#8221; advanced_gradient_angle=&#8221;0&#8243; gradient_direction=&#8221;left_to_right&#8221; overlay_strength=&#8221;0.3&#8243; width=&#8221;1\/3&#8243; tablet_width_inherit=&#8221;default&#8221; tablet_text_alignment=&#8221;default&#8221; phone_text_alignment=&#8221;default&#8221; animation_type=&#8221;default&#8221; bg_image_animation=&#8221;none&#8221; border_type=&#8221;simple&#8221; column_border_width=&#8221;none&#8221; column_border_style=&#8221;solid&#8221; gradient_type=&#8221;default&#8221;][split_line_heading animation_type=&#8221;line-reveal-by-space&#8221; font_style=&#8221;h2&#8243; text_color=&#8221;#eaeaea&#8221; line_reveal_by_space_text_effect=&#8221;default&#8221; stagger_animation=&#8221;true&#8221; content_alignment=&#8221;default&#8221; mobile_content_alignment=&#8221;inherit&#8221; link_target=&#8221;_self&#8221; text_content=&#8221;01&#8243; font_size=&#8221;4vw&#8221; font_size_phone=&#8221;10vw&#8221;][\/split_line_heading][vc_column_text]\n<p style=\"font-size: 16px;\">De aankoop van een bijna volledig vruchtgebruik van een appartement gefinancierd met een lening zonder enig perspectief of bewezen intentie van een (toekomstig economisch onderbouwd) rendement of meerwaarde, kan niet als een belegging worden aanzien zodat de daaraan verbonden kosten niet aftrekbaar zijn als beroepskosten.<\/p>\n[\/vc_column_text][\/vc_column][vc_column column_padding=&#8221;padding-3-percent&#8221; column_padding_tablet=&#8221;inherit&#8221; column_padding_phone=&#8221;inherit&#8221; column_padding_position=&#8221;all&#8221; column_element_spacing=&#8221;default&#8221; background_color=&#8221;#f9f9f9&#8243; background_color_opacity=&#8221;1&#8243; background_hover_color_opacity=&#8221;1&#8243; column_shadow=&#8221;none&#8221; column_border_radius=&#8221;none&#8221; column_link_target=&#8221;_self&#8221; column_position=&#8221;default&#8221; advanced_gradient_angle=&#8221;0&#8243; gradient_direction=&#8221;left_to_right&#8221; overlay_strength=&#8221;0.3&#8243; width=&#8221;1\/3&#8243; tablet_width_inherit=&#8221;default&#8221; tablet_text_alignment=&#8221;default&#8221; phone_text_alignment=&#8221;default&#8221; animation_type=&#8221;default&#8221; bg_image_animation=&#8221;none&#8221; border_type=&#8221;simple&#8221; column_border_width=&#8221;none&#8221; column_border_style=&#8221;solid&#8221; gradient_type=&#8221;default&#8221;][split_line_heading animation_type=&#8221;line-reveal-by-space&#8221; font_style=&#8221;h2&#8243; text_color=&#8221;#eaeaea&#8221; line_reveal_by_space_text_effect=&#8221;default&#8221; stagger_animation=&#8221;true&#8221; content_alignment=&#8221;default&#8221; mobile_content_alignment=&#8221;inherit&#8221; link_target=&#8221;_self&#8221; text_content=&#8221;02&#8243; font_size=&#8221;4vw&#8221; font_size_phone=&#8221;10vw&#8221;][\/split_line_heading][vc_column_text]\n<p style=\"font-size: 16px;\">Om na te gaan of er sprake is van een abnormaal beheer van een priv\u00e9-vermogen bij de overdracht van aandelen, dient nagegaan te worden wat elke andere burger, geplaatst in dezelfde omstandigheden, zou doen. Indien men slechts \u00e9\u00e9n specifiek bestanddeel van een vennootschap wenst over te dragen middels een aandelenoverdracht, en de vennootschap daarvoor ontdoet van alle nietdienstige bestanddelen, dan betreft dit een verrichting die elke andere burger, geplaatst in dezelfde omstandigheden, eveneens zou doen.<\/p>\n[\/vc_column_text][\/vc_column][vc_column column_padding=&#8221;padding-3-percent&#8221; column_padding_tablet=&#8221;inherit&#8221; column_padding_phone=&#8221;inherit&#8221; column_padding_position=&#8221;all&#8221; column_element_spacing=&#8221;default&#8221; background_color=&#8221;#f9f9f9&#8243; background_color_opacity=&#8221;1&#8243; background_hover_color_opacity=&#8221;1&#8243; column_shadow=&#8221;none&#8221; column_border_radius=&#8221;none&#8221; column_link_target=&#8221;_self&#8221; column_position=&#8221;default&#8221; advanced_gradient_angle=&#8221;0&#8243; gradient_direction=&#8221;left_to_right&#8221; overlay_strength=&#8221;0.3&#8243; width=&#8221;1\/3&#8243; tablet_width_inherit=&#8221;default&#8221; tablet_text_alignment=&#8221;default&#8221; phone_text_alignment=&#8221;default&#8221; animation_type=&#8221;default&#8221; bg_image_animation=&#8221;none&#8221; border_type=&#8221;simple&#8221; column_border_width=&#8221;none&#8221; column_border_style=&#8221;solid&#8221; gradient_type=&#8221;default&#8221;][split_line_heading animation_type=&#8221;line-reveal-by-space&#8221; font_style=&#8221;h2&#8243; text_color=&#8221;#eaeaea&#8221; line_reveal_by_space_text_effect=&#8221;default&#8221; stagger_animation=&#8221;true&#8221; content_alignment=&#8221;default&#8221; mobile_content_alignment=&#8221;inherit&#8221; link_target=&#8221;_self&#8221; text_content=&#8221;03&#8243; font_size=&#8221;4vw&#8221; font_size_phone=&#8221;10vw&#8221;][\/split_line_heading][vc_column_text]\n<p style=\"font-size: 16px;\">De voorafgaande machtiging van de politierechter betreffende het visitatierecht van de fiscus t.a.v. woningen mag niet in algemene bewoordingen zijn gesteld maar moet concreet en specifiek zijn met vermelding van concrete feiten zoals welk onderzoek, welke woning, aan welke belastingambtenaren de machtiging wordt verleend en de redenen waarom de visitatie noodzakelijk is.<\/p>\n[\/vc_column_text][\/vc_column][\/vc_row]\n","protected":false},"excerpt":{"rendered":"<p>[vc_row type=&#8221;in_container&#8221; full_screen_row_position=&#8221;middle&#8221; column_margin=&#8221;default&#8221; column_direction=&#8221;default&#8221; column_direction_tablet=&#8221;default&#8221; column_direction_phone=&#8221;default&#8221; scene_position=&#8221;center&#8221; text_color=&#8221;dark&#8221; text_align=&#8221;left&#8221; row_border_radius=&#8221;none&#8221; row_border_radius_applies=&#8221;bg&#8221; overflow=&#8221;visible&#8221; overlay_strength=&#8221;0.3&#8243; gradient_direction=&#8221;left_to_right&#8221; shape_divider_position=&#8221;bottom&#8221; bg_image_animation=&#8221;none&#8221; source=&#8221;&#8221; text=&#8221;ONZE EXPERTISE&#8221; font_container=&#8221;tag:h2|text_align:left|color:%230b3279&#8243; use_theme_fonts=&#8221;yes&#8221; google_fonts=&#8221;font_family:Abril%20Fatface%3Aregular|font_style:400%20regular%3A400%3Anormal&#8221; css_animation=&#8221;&#8221; css=&#8221;.vc_custom_1504084780331{margin-bottom:&#8230;<\/p>\n","protected":false},"author":7,"featured_media":0,"parent":0,"menu_order":0,"comment_status":"closed","ping_status":"closed","template":"","meta":{"content-type":"","_uf_show_specific_survey":0,"_uf_disable_surveys":false,"footnotes":""},"yoast_head":"<!-- This site is optimized with the Yoast SEO plugin v22.3 - https:\/\/yoast.com\/wordpress\/plugins\/seo\/ -->\n<title>Jaarboek fiscale rechtspraak 2020 en | Lauwers Law<\/title>\n<meta name=\"robots\" content=\"index, follow, max-snippet:-1, max-image-preview:large, max-video-preview:-1\" \/>\n<link rel=\"canonical\" href=\"https:\/\/lauwers-law.be\/en\/jaarboek-fiscale-rechtspraak-2020-en\/\" \/>\n<meta property=\"og:locale\" content=\"en_US\" \/>\n<meta property=\"og:type\" content=\"article\" \/>\n<meta property=\"og:title\" content=\"Jaarboek fiscale rechtspraak 2020 en | Lauwers Law\" \/>\n<meta property=\"og:description\" content=\"[vc_row type=&#8221;in_container&#8221; full_screen_row_position=&#8221;middle&#8221; column_margin=&#8221;default&#8221; column_direction=&#8221;default&#8221; column_direction_tablet=&#8221;default&#8221; column_direction_phone=&#8221;default&#8221; scene_position=&#8221;center&#8221; text_color=&#8221;dark&#8221; text_align=&#8221;left&#8221; row_border_radius=&#8221;none&#8221; row_border_radius_applies=&#8221;bg&#8221; overflow=&#8221;visible&#8221; overlay_strength=&#8221;0.3&#8243; gradient_direction=&#8221;left_to_right&#8221; shape_divider_position=&#8221;bottom&#8221; bg_image_animation=&#8221;none&#8221; source=&#8221;&#8221; text=&#8221;ONZE EXPERTISE&#8221; font_container=&#8221;tag:h2|text_align:left|color:%230b3279&#8243; use_theme_fonts=&#8221;yes&#8221; google_fonts=&#8221;font_family:Abril%20Fatface%3Aregular|font_style:400%20regular%3A400%3Anormal&#8221; css_animation=&#8221;&#8221; css=&#8221;.vc_custom_1504084780331{margin-bottom:...\" \/>\n<meta property=\"og:url\" content=\"https:\/\/lauwers-law.be\/en\/jaarboek-fiscale-rechtspraak-2020-en\/\" \/>\n<meta property=\"og:site_name\" content=\"Lauwers Law\" \/>\n<meta property=\"article:modified_time\" content=\"2022-02-02T16:51:14+00:00\" \/>\n<meta name=\"twitter:card\" content=\"summary_large_image\" \/>\n<meta name=\"twitter:site\" content=\"@lauwersthierry\" \/>\n<meta name=\"twitter:label1\" content=\"Est. reading time\" \/>\n\t<meta name=\"twitter:data1\" content=\"4 minutes\" \/>\n<script type=\"application\/ld+json\" class=\"yoast-schema-graph\">{\"@context\":\"https:\/\/schema.org\",\"@graph\":[{\"@type\":\"WebPage\",\"@id\":\"https:\/\/lauwers-law.be\/en\/jaarboek-fiscale-rechtspraak-2020-en\/\",\"url\":\"https:\/\/lauwers-law.be\/en\/jaarboek-fiscale-rechtspraak-2020-en\/\",\"name\":\"Jaarboek fiscale rechtspraak 2020 en | Lauwers Law\",\"isPartOf\":{\"@id\":\"https:\/\/lauwers-law.be\/#website\"},\"datePublished\":\"2022-01-24T10:37:49+00:00\",\"dateModified\":\"2022-02-02T16:51:14+00:00\",\"breadcrumb\":{\"@id\":\"https:\/\/lauwers-law.be\/en\/jaarboek-fiscale-rechtspraak-2020-en\/#breadcrumb\"},\"inLanguage\":\"en-US\",\"potentialAction\":[{\"@type\":\"ReadAction\",\"target\":[\"https:\/\/lauwers-law.be\/en\/jaarboek-fiscale-rechtspraak-2020-en\/\"]}]},{\"@type\":\"BreadcrumbList\",\"@id\":\"https:\/\/lauwers-law.be\/en\/jaarboek-fiscale-rechtspraak-2020-en\/#breadcrumb\",\"itemListElement\":[{\"@type\":\"ListItem\",\"position\":1,\"name\":\"Accueil\",\"item\":\"https:\/\/lauwers-law.be\/en\/\"},{\"@type\":\"ListItem\",\"position\":2,\"name\":\"Jaarboek fiscale rechtspraak 2020 en\"}]},{\"@type\":\"WebSite\",\"@id\":\"https:\/\/lauwers-law.be\/#website\",\"url\":\"https:\/\/lauwers-law.be\/\",\"name\":\"Lauwers Law\",\"description\":\"Fiscale Advocaten\",\"potentialAction\":[{\"@type\":\"SearchAction\",\"target\":{\"@type\":\"EntryPoint\",\"urlTemplate\":\"https:\/\/lauwers-law.be\/?s={search_term_string}\"},\"query-input\":\"required name=search_term_string\"}],\"inLanguage\":\"en-US\"}]}<\/script>\n<!-- \/ Yoast SEO plugin. -->","yoast_head_json":{"title":"Jaarboek fiscale rechtspraak 2020 en | Lauwers Law","robots":{"index":"index","follow":"follow","max-snippet":"max-snippet:-1","max-image-preview":"max-image-preview:large","max-video-preview":"max-video-preview:-1"},"canonical":"https:\/\/lauwers-law.be\/en\/jaarboek-fiscale-rechtspraak-2020-en\/","og_locale":"en_US","og_type":"article","og_title":"Jaarboek fiscale rechtspraak 2020 en | Lauwers Law","og_description":"[vc_row type=&#8221;in_container&#8221; full_screen_row_position=&#8221;middle&#8221; column_margin=&#8221;default&#8221; column_direction=&#8221;default&#8221; column_direction_tablet=&#8221;default&#8221; column_direction_phone=&#8221;default&#8221; scene_position=&#8221;center&#8221; text_color=&#8221;dark&#8221; text_align=&#8221;left&#8221; row_border_radius=&#8221;none&#8221; row_border_radius_applies=&#8221;bg&#8221; overflow=&#8221;visible&#8221; overlay_strength=&#8221;0.3&#8243; gradient_direction=&#8221;left_to_right&#8221; shape_divider_position=&#8221;bottom&#8221; bg_image_animation=&#8221;none&#8221; source=&#8221;&#8221; text=&#8221;ONZE EXPERTISE&#8221; font_container=&#8221;tag:h2|text_align:left|color:%230b3279&#8243; use_theme_fonts=&#8221;yes&#8221; google_fonts=&#8221;font_family:Abril%20Fatface%3Aregular|font_style:400%20regular%3A400%3Anormal&#8221; css_animation=&#8221;&#8221; css=&#8221;.vc_custom_1504084780331{margin-bottom:...","og_url":"https:\/\/lauwers-law.be\/en\/jaarboek-fiscale-rechtspraak-2020-en\/","og_site_name":"Lauwers Law","article_modified_time":"2022-02-02T16:51:14+00:00","twitter_card":"summary_large_image","twitter_site":"@lauwersthierry","twitter_misc":{"Est. reading time":"4 minutes"},"schema":{"@context":"https:\/\/schema.org","@graph":[{"@type":"WebPage","@id":"https:\/\/lauwers-law.be\/en\/jaarboek-fiscale-rechtspraak-2020-en\/","url":"https:\/\/lauwers-law.be\/en\/jaarboek-fiscale-rechtspraak-2020-en\/","name":"Jaarboek fiscale rechtspraak 2020 en | Lauwers Law","isPartOf":{"@id":"https:\/\/lauwers-law.be\/#website"},"datePublished":"2022-01-24T10:37:49+00:00","dateModified":"2022-02-02T16:51:14+00:00","breadcrumb":{"@id":"https:\/\/lauwers-law.be\/en\/jaarboek-fiscale-rechtspraak-2020-en\/#breadcrumb"},"inLanguage":"en-US","potentialAction":[{"@type":"ReadAction","target":["https:\/\/lauwers-law.be\/en\/jaarboek-fiscale-rechtspraak-2020-en\/"]}]},{"@type":"BreadcrumbList","@id":"https:\/\/lauwers-law.be\/en\/jaarboek-fiscale-rechtspraak-2020-en\/#breadcrumb","itemListElement":[{"@type":"ListItem","position":1,"name":"Accueil","item":"https:\/\/lauwers-law.be\/en\/"},{"@type":"ListItem","position":2,"name":"Jaarboek fiscale rechtspraak 2020 en"}]},{"@type":"WebSite","@id":"https:\/\/lauwers-law.be\/#website","url":"https:\/\/lauwers-law.be\/","name":"Lauwers Law","description":"Fiscale Advocaten","potentialAction":[{"@type":"SearchAction","target":{"@type":"EntryPoint","urlTemplate":"https:\/\/lauwers-law.be\/?s={search_term_string}"},"query-input":"required name=search_term_string"}],"inLanguage":"en-US"}]}},"_links":{"self":[{"href":"https:\/\/lauwers-law.be\/en\/wp-json\/wp\/v2\/pages\/13478\/"}],"collection":[{"href":"https:\/\/lauwers-law.be\/en\/wp-json\/wp\/v2\/pages\/"}],"about":[{"href":"https:\/\/lauwers-law.be\/en\/wp-json\/wp\/v2\/types\/page\/"}],"author":[{"embeddable":true,"href":"https:\/\/lauwers-law.be\/en\/wp-json\/wp\/v2\/users\/7\/"}],"replies":[{"embeddable":true,"href":"https:\/\/lauwers-law.be\/en\/wp-json\/wp\/v2\/comments\/?post=13478"}],"version-history":[{"count":0,"href":"https:\/\/lauwers-law.be\/en\/wp-json\/wp\/v2\/pages\/13478\/revisions\/"}],"wp:attachment":[{"href":"https:\/\/lauwers-law.be\/en\/wp-json\/wp\/v2\/media\/?parent=13478"}],"curies":[{"name":"wp","href":"https:\/\/api.w.org\/{rel}","templated":true}]}}