{"id":3967,"date":"2015-01-19T11:02:42","date_gmt":"2015-01-19T10:02:42","guid":{"rendered":"https:\/\/www.lauwers-seutin.be\/?page_id=3967"},"modified":"2017-12-15T14:19:37","modified_gmt":"2017-12-15T13:19:37","slug":"utilisation-cookies","status":"publish","type":"page","link":"https:\/\/lauwers-law.be\/fr\/utilisation-cookies\/","title":{"rendered":"Utilisation des cookies"},"content":{"rendered":"[vc_row type=\u00a0\u00bbin_container\u00a0\u00bb full_screen_row_position=\u00a0\u00bbmiddle\u00a0\u00bb scene_position=\u00a0\u00bbcenter\u00a0\u00bb text_color=\u00a0\u00bbdark\u00a0\u00bb text_align=\u00a0\u00bbleft\u00a0\u00bb overlay_strength=\u00a0\u00bb0.3&Prime;][vc_column column_padding=\u00a0\u00bbno-extra-padding\u00a0\u00bb column_padding_position=\u00a0\u00bball\u00a0\u00bb background_color_opacity=\u00a0\u00bb1&Prime; background_hover_color_opacity=\u00a0\u00bb1&Prime; column_shadow=\u00a0\u00bbnone\u00a0\u00bb width=\u00a0\u00bb5\/6&Prime; tablet_text_alignment=\u00a0\u00bbdefault\u00a0\u00bb phone_text_alignment=\u00a0\u00bbdefault\u00a0\u00bb column_border_width=\u00a0\u00bbnone\u00a0\u00bb column_border_style=\u00a0\u00bbsolid\u00a0\u00bb][vc_custom_heading text=\u00a0\u00bbUTILISATION COOKIES\u00a0\u00bb font_container=\u00a0\u00bbtag:h2|text_align:left|color:%230b3279&Prime; use_theme_fonts=\u00a0\u00bbyes\u00a0\u00bb css=\u00a0\u00bb.vc_custom_1505490879811{margin-bottom: 20px !important;}\u00a0\u00bb][vc_column_text]\n<p style=\"margin: .1pt 0cm .1pt 0cm;\">Ce site internet utilise des cookies. Un cookie est un fichier qui contient des petites parties d\u2019un texte qu\u2019un serveur internet envoie \u00e0 votre navigateur Web quand vous acc\u00e9dez \u00e0 un site internet. L\u2019objectif principal des cookies est de simplifier votre utilisation du site. Les cookies rendent l\u2019interaction entre les utilisateurs et les sites internet plus rapide et plus facile. Ils n\u2019ont pas acc\u00e8s \u00e0 votre ordinateur et ne peuvent pas lire les informations ou les documents personnels qui se trouvent sur votre disque dur. Ils ne peuvent pas non plus transporter de virus ou installer quelque chose de pr\u00e9judiciable sur celui-ci. Lauwers-Seutin utilise le \u201cconsentement implicite\u201d. Cela signifie qu\u2019en utilisant notre site internet, nous supposons que vous \u00eates d\u2019accord avec notre politique de cookies.<\/p>\n[\/vc_column_text][\/vc_column][vc_column column_padding=\u00a0\u00bbno-extra-padding\u00a0\u00bb column_padding_position=\u00a0\u00bball\u00a0\u00bb background_color_opacity=\u00a0\u00bb1&Prime; background_hover_color_opacity=\u00a0\u00bb1&Prime; column_shadow=\u00a0\u00bbnone\u00a0\u00bb width=\u00a0\u00bb1\/6&Prime; tablet_text_alignment=\u00a0\u00bbdefault\u00a0\u00bb phone_text_alignment=\u00a0\u00bbdefault\u00a0\u00bb column_border_width=\u00a0\u00bbnone\u00a0\u00bb column_border_style=\u00a0\u00bbsolid\u00a0\u00bb][\/vc_column][\/vc_row]\n","protected":false},"excerpt":{"rendered":"<p>[vc_row type=\u00a0\u00bbin_container\u00a0\u00bb full_screen_row_position=\u00a0\u00bbmiddle\u00a0\u00bb scene_position=\u00a0\u00bbcenter\u00a0\u00bb text_color=\u00a0\u00bbdark\u00a0\u00bb text_align=\u00a0\u00bbleft\u00a0\u00bb overlay_strength=\u00a0\u00bb0.3&Prime;][vc_column column_padding=\u00a0\u00bbno-extra-padding\u00a0\u00bb column_padding_position=\u00a0\u00bball\u00a0\u00bb background_color_opacity=\u00a0\u00bb1&Prime; background_hover_color_opacity=\u00a0\u00bb1&Prime; column_shadow=\u00a0\u00bbnone\u00a0\u00bb width=\u00a0\u00bb5\/6&Prime; tablet_text_alignment=\u00a0\u00bbdefault\u00a0\u00bb phone_text_alignment=\u00a0\u00bbdefault\u00a0\u00bb column_border_width=\u00a0\u00bbnone\u00a0\u00bb column_border_style=\u00a0\u00bbsolid\u00a0\u00bb][vc_custom_heading text=\u00a0\u00bbUTILISATION COOKIES\u00a0\u00bb font_container=\u00a0\u00bbtag:h2|text_align:left|color:%230b3279&Prime; use_theme_fonts=\u00a0\u00bbyes\u00a0\u00bb css=\u00a0\u00bb.vc_custom_1505490879811{margin-bottom: 20px !important;}\u00a0\u00bb][vc_column_text] Ce&#8230;<\/p>\n","protected":false},"author":5,"featured_media":0,"parent":0,"menu_order":0,"comment_status":"open","ping_status":"closed","template":"","meta":{"content-type":"","_uf_show_specific_survey":0,"_uf_disable_surveys":false,"footnotes":""},"yoast_head":"<!-- This site is optimized with the Yoast SEO plugin v22.3 - https:\/\/yoast.com\/wordpress\/plugins\/seo\/ -->\n<title>Utilisation des cookies | Lauwers Avocats en droit fiscal<\/title>\n<meta name=\"description\" content=\"Utilisation des cookies sur le site du Cabinet d\u2019Avocats Thierry Lauwers SPRL. Consultez notre politique \u00e0 ce sujet.\" \/>\n<meta name=\"robots\" content=\"index, follow, max-snippet:-1, max-image-preview:large, max-video-preview:-1\" \/>\n<link rel=\"canonical\" href=\"https:\/\/lauwers-law.be\/fr\/utilisation-cookies\/\" \/>\n<meta property=\"og:locale\" content=\"fr_FR\" \/>\n<meta property=\"og:type\" content=\"article\" \/>\n<meta property=\"og:title\" content=\"Utilisation des cookies | Lauwers Avocats en droit fiscal\" \/>\n<meta property=\"og:description\" content=\"Utilisation des cookies sur le site du Cabinet d\u2019Avocats Thierry Lauwers SPRL. Consultez notre politique \u00e0 ce sujet.\" \/>\n<meta property=\"og:url\" content=\"https:\/\/lauwers-law.be\/fr\/utilisation-cookies\/\" \/>\n<meta property=\"og:site_name\" content=\"Lauwers Law\" \/>\n<meta property=\"article:modified_time\" content=\"2017-12-15T13:19:37+00:00\" \/>\n<meta name=\"twitter:card\" content=\"summary_large_image\" \/>\n<meta name=\"twitter:site\" content=\"@lauwersthierry\" \/>\n<meta name=\"twitter:label1\" content=\"Dur\u00e9e de lecture estim\u00e9e\" \/>\n\t<meta name=\"twitter:data1\" content=\"1 minute\" \/>\n<script type=\"application\/ld+json\" class=\"yoast-schema-graph\">{\"@context\":\"https:\/\/schema.org\",\"@graph\":[{\"@type\":\"WebPage\",\"@id\":\"https:\/\/lauwers-law.be\/fr\/utilisation-cookies\/\",\"url\":\"https:\/\/lauwers-law.be\/fr\/utilisation-cookies\/\",\"name\":\"Utilisation des cookies | Lauwers Avocats en droit fiscal\",\"isPartOf\":{\"@id\":\"https:\/\/lauwers-law.be\/#website\"},\"datePublished\":\"2015-01-19T10:02:42+00:00\",\"dateModified\":\"2017-12-15T13:19:37+00:00\",\"description\":\"Utilisation des cookies sur le site du Cabinet d\u2019Avocats Thierry Lauwers SPRL. Consultez notre politique \u00e0 ce sujet.\",\"breadcrumb\":{\"@id\":\"https:\/\/lauwers-law.be\/fr\/utilisation-cookies\/#breadcrumb\"},\"inLanguage\":\"fr-FR\",\"potentialAction\":[{\"@type\":\"ReadAction\",\"target\":[\"https:\/\/lauwers-law.be\/fr\/utilisation-cookies\/\"]}]},{\"@type\":\"BreadcrumbList\",\"@id\":\"https:\/\/lauwers-law.be\/fr\/utilisation-cookies\/#breadcrumb\",\"itemListElement\":[{\"@type\":\"ListItem\",\"position\":1,\"name\":\"Accueil\",\"item\":\"https:\/\/lauwers-law.be\/fr\/\"},{\"@type\":\"ListItem\",\"position\":2,\"name\":\"Utilisation des cookies\"}]},{\"@type\":\"WebSite\",\"@id\":\"https:\/\/lauwers-law.be\/#website\",\"url\":\"https:\/\/lauwers-law.be\/\",\"name\":\"Lauwers Law\",\"description\":\"Avocats en Droit Fiscal\",\"potentialAction\":[{\"@type\":\"SearchAction\",\"target\":{\"@type\":\"EntryPoint\",\"urlTemplate\":\"https:\/\/lauwers-law.be\/?s={search_term_string}\"},\"query-input\":\"required name=search_term_string\"}],\"inLanguage\":\"fr-FR\"}]}<\/script>\n<!-- \/ Yoast SEO plugin. -->","yoast_head_json":{"title":"Utilisation des cookies | Lauwers Avocats en droit fiscal","description":"Utilisation des cookies sur le site du Cabinet d\u2019Avocats Thierry Lauwers SPRL. Consultez notre politique \u00e0 ce sujet.","robots":{"index":"index","follow":"follow","max-snippet":"max-snippet:-1","max-image-preview":"max-image-preview:large","max-video-preview":"max-video-preview:-1"},"canonical":"https:\/\/lauwers-law.be\/fr\/utilisation-cookies\/","og_locale":"fr_FR","og_type":"article","og_title":"Utilisation des cookies | Lauwers Avocats en droit fiscal","og_description":"Utilisation des cookies sur le site du Cabinet d\u2019Avocats Thierry Lauwers SPRL. Consultez notre politique \u00e0 ce sujet.","og_url":"https:\/\/lauwers-law.be\/fr\/utilisation-cookies\/","og_site_name":"Lauwers Law","article_modified_time":"2017-12-15T13:19:37+00:00","twitter_card":"summary_large_image","twitter_site":"@lauwersthierry","twitter_misc":{"Dur\u00e9e de lecture estim\u00e9e":"1 minute"},"schema":{"@context":"https:\/\/schema.org","@graph":[{"@type":"WebPage","@id":"https:\/\/lauwers-law.be\/fr\/utilisation-cookies\/","url":"https:\/\/lauwers-law.be\/fr\/utilisation-cookies\/","name":"Utilisation des cookies | Lauwers Avocats en droit fiscal","isPartOf":{"@id":"https:\/\/lauwers-law.be\/#website"},"datePublished":"2015-01-19T10:02:42+00:00","dateModified":"2017-12-15T13:19:37+00:00","description":"Utilisation des cookies sur le site du Cabinet d\u2019Avocats Thierry Lauwers SPRL. Consultez notre politique \u00e0 ce sujet.","breadcrumb":{"@id":"https:\/\/lauwers-law.be\/fr\/utilisation-cookies\/#breadcrumb"},"inLanguage":"fr-FR","potentialAction":[{"@type":"ReadAction","target":["https:\/\/lauwers-law.be\/fr\/utilisation-cookies\/"]}]},{"@type":"BreadcrumbList","@id":"https:\/\/lauwers-law.be\/fr\/utilisation-cookies\/#breadcrumb","itemListElement":[{"@type":"ListItem","position":1,"name":"Accueil","item":"https:\/\/lauwers-law.be\/fr\/"},{"@type":"ListItem","position":2,"name":"Utilisation des cookies"}]},{"@type":"WebSite","@id":"https:\/\/lauwers-law.be\/#website","url":"https:\/\/lauwers-law.be\/","name":"Lauwers Law","description":"Avocats en Droit Fiscal","potentialAction":[{"@type":"SearchAction","target":{"@type":"EntryPoint","urlTemplate":"https:\/\/lauwers-law.be\/?s={search_term_string}"},"query-input":"required name=search_term_string"}],"inLanguage":"fr-FR"}]}},"_links":{"self":[{"href":"https:\/\/lauwers-law.be\/fr\/wp-json\/wp\/v2\/pages\/3967\/"}],"collection":[{"href":"https:\/\/lauwers-law.be\/fr\/wp-json\/wp\/v2\/pages\/"}],"about":[{"href":"https:\/\/lauwers-law.be\/fr\/wp-json\/wp\/v2\/types\/page\/"}],"author":[{"embeddable":true,"href":"https:\/\/lauwers-law.be\/fr\/wp-json\/wp\/v2\/users\/5\/"}],"replies":[{"embeddable":true,"href":"https:\/\/lauwers-law.be\/fr\/wp-json\/wp\/v2\/comments\/?post=3967"}],"version-history":[{"count":0,"href":"https:\/\/lauwers-law.be\/fr\/wp-json\/wp\/v2\/pages\/3967\/revisions\/"}],"wp:attachment":[{"href":"https:\/\/lauwers-law.be\/fr\/wp-json\/wp\/v2\/media\/?parent=3967"}],"curies":[{"name":"wp","href":"https:\/\/api.w.org\/{rel}","templated":true}]}}