{"id":3981,"date":"2017-08-31T11:03:40","date_gmt":"2017-08-31T10:03:40","guid":{"rendered":"https:\/\/www.lauwers-seutin.be\/?page_id=3981"},"modified":"2018-10-02T17:39:02","modified_gmt":"2018-10-02T16:39:02","slug":"bitcoin-blockchain-et-crypto-monnaies","status":"publish","type":"page","link":"https:\/\/lauwers-law.be\/fr\/services\/bitcoin-blockchain-et-crypto-monnaies\/","title":{"rendered":"Bitcoin, Blockchain et Crypto-monnaies"},"content":{"rendered":"[vc_row type=\u00a0\u00bbin_container\u00a0\u00bb full_screen_row_position=\u00a0\u00bbmiddle\u00a0\u00bb scene_position=\u00a0\u00bbcenter\u00a0\u00bb text_color=\u00a0\u00bbdark\u00a0\u00bb text_align=\u00a0\u00bbleft\u00a0\u00bb overlay_strength=\u00a0\u00bb0.3&Prime; shape_divider_position=\u00a0\u00bbbottom\u00a0\u00bb][vc_column column_padding=\u00a0\u00bbno-extra-padding\u00a0\u00bb column_padding_position=\u00a0\u00bball\u00a0\u00bb background_color_opacity=\u00a0\u00bb1&Prime; background_hover_color_opacity=\u00a0\u00bb1&Prime; column_link_target=\u00a0\u00bb_self\u00a0\u00bb column_shadow=\u00a0\u00bbnone\u00a0\u00bb column_border_radius=\u00a0\u00bbnone\u00a0\u00bb width=\u00a0\u00bb1\/2&Prime; tablet_width_inherit=\u00a0\u00bbdefault\u00a0\u00bb tablet_text_alignment=\u00a0\u00bbdefault\u00a0\u00bb phone_text_alignment=\u00a0\u00bbdefault\u00a0\u00bb column_border_width=\u00a0\u00bbnone\u00a0\u00bb column_border_style=\u00a0\u00bbsolid\u00a0\u00bb][vc_custom_heading text=\u00a0\u00bbBITCOINS\u00a0\u00bb font_container=\u00a0\u00bbtag:h2|text_align:left|color:%230b3279&Prime; use_theme_fonts=\u00a0\u00bbyes\u00a0\u00bb css=\u00a0\u00bb.vc_custom_1505896113251{margin-bottom: 20px !important;}\u00a0\u00bb][vc_column_text]Les crypto-monnaies, et sa repr\u00e9sentante la plus embl\u00e9matique le BITCOIN, sont encore \u00e0 la une de l\u2019actualit\u00e9.<\/p>\n<ul>\n<li>Quel est le statut l\u00e9gal de cette crypto-monnaie en Belgique\u00a0? La question fait d\u00e9bat. En Belgique, aucune loi ou r\u00e8glementation ne traite sp\u00e9cifiquement du sujet des cryptos-monnaies.<\/li>\n<li>Quel est le point de vue de l\u2019administration fiscale belge\u00a0?<\/li>\n<li>Le Bitcoin est-il un moyen de payement l\u00e9gal selon la CJUE\u00a0?<\/li>\n<\/ul>\n<p>Quelles sont les cons\u00e9quences en ce qui concerne les imp\u00f4ts sur les revenus\u00a0?\u00a0 Une analyse s\u2019impose au cas par cas.<\/p>\n<p>Lauwers Avocats en droit fiscal r\u00e9pond \u00e0 toutes vos questions et\/ou remarques \u00e0 ce sujet.[\/vc_column_text][\/vc_column][vc_column column_padding=\u00a0\u00bbpadding-3-percent\u00a0\u00bb column_padding_position=\u00a0\u00bball\u00a0\u00bb background_color_opacity=\u00a0\u00bb1&Prime; background_hover_color_opacity=\u00a0\u00bb1&Prime; column_link_target=\u00a0\u00bb_self\u00a0\u00bb column_shadow=\u00a0\u00bbnone\u00a0\u00bb column_border_radius=\u00a0\u00bbnone\u00a0\u00bb width=\u00a0\u00bb1\/2&Prime; tablet_width_inherit=\u00a0\u00bbdefault\u00a0\u00bb tablet_text_alignment=\u00a0\u00bbdefault\u00a0\u00bb phone_text_alignment=\u00a0\u00bbdefault\u00a0\u00bb column_border_width=\u00a0\u00bbnone\u00a0\u00bb column_border_style=\u00a0\u00bbsolid\u00a0\u00bb][vc_custom_heading text=\u00a0\u00bbINDICE DES PRIX \u00a0\u00bb font_container=\u00a0\u00bbtag:h5|text_align:right|color:%230b3279&Prime; use_theme_fonts=\u00a0\u00bbyes\u00a0\u00bb css=\u00a0\u00bb.vc_custom_1515694924239{margin-bottom: 20px !important;}\u00a0\u00bb][vc_raw_js]JTNDc2NyaXB0JTIwdHlwZSUzRCUyMnRleHQlMkZqYXZhc2NyaXB0JTIyJTNFJTBBYmFzZVVybCUyMCUzRCUyMCUyMmh0dHBzJTNBJTJGJTJGd2lkZ2V0cy5jcnlwdG9jb21wYXJlLmNvbSUyRiUyMiUzQiUwQXZhciUyMHNjcmlwdHMlMjAlM0QlMjBkb2N1bWVudC5nZXRFbGVtZW50c0J5VGFnTmFtZSUyOCUyMnNjcmlwdCUyMiUyOSUzQiUwQXZhciUyMGVtYmVkZGVyJTIwJTNEJTIwc2NyaXB0cyU1QiUyMHNjcmlwdHMubGVuZ3RoJTIwLSUyMDElMjAlNUQlM0IlMEElMjhmdW5jdGlvbiUyMCUyOCUyOSU3QiUwQXZhciUyMGFwcE5hbWUlMjAlM0QlMjBlbmNvZGVVUklDb21wb25lbnQlMjh3aW5kb3cubG9jYXRpb24uaG9zdG5hbWUlMjklM0IlMEFpZiUyOGFwcE5hbWUlM0QlM0QlMjIlMjIlMjklN0JhcHBOYW1lJTNEJTIybG9jYWwlMjIlM0IlN0QlMEF2YXIlMjBzJTIwJTNEJTIwZG9jdW1lbnQuY3JlYXRlRWxlbWVudCUyOCUyMnNjcmlwdCUyMiUyOSUzQiUwQXMudHlwZSUyMCUzRCUyMCUyMnRleHQlMkZqYXZhc2NyaXB0JTIyJTNCJTBBcy5hc3luYyUyMCUzRCUyMHRydWUlM0IlMEF2YXIlMjB0aGVVcmwlMjAlM0QlMjBiYXNlVXJsJTJCJTI3c2VydmUlMkZ2MSUyRmNvaW4lMkZtdWx0aSUzRmZzeW1zJTNEQlRDJTJDRVRIJTJDTFRDJTJDWFJQJTJDQkNIJTJDQURBJTI2dHN5bXMlM0RFVVIlMjclM0IlMEFzLnNyYyUyMCUzRCUyMHRoZVVybCUyMCUyQiUyMCUyOCUyMHRoZVVybC5pbmRleE9mJTI4JTIyJTNGJTIyJTI5JTIwJTNFJTNEJTIwMCUyMCUzRiUyMCUyMiUyNiUyMiUyMCUzQSUyMCUyMiUzRiUyMiUyOSUyMCUyQiUyMCUyMmFwcCUzRCUyMiUyMCUyQiUyMGFwcE5hbWUlM0IlMEFlbWJlZGRlci5wYXJlbnROb2RlLmFwcGVuZENoaWxkJTI4cyUyOSUzQiUwQSU3RCUyOSUyOCUyOSUzQiUwQSUzQyUyRnNjcmlwdCUzRQ==[\/vc_raw_js][\/vc_column][\/vc_row][vc_row type=\u00a0\u00bbin_container\u00a0\u00bb full_screen_row_position=\u00a0\u00bbmiddle\u00a0\u00bb scene_position=\u00a0\u00bbcenter\u00a0\u00bb text_color=\u00a0\u00bbdark\u00a0\u00bb text_align=\u00a0\u00bbleft\u00a0\u00bb top_padding=\u00a0\u00bb3%\u00a0\u00bb bottom_padding=\u00a0\u00bb3%\u00a0\u00bb overlay_strength=\u00a0\u00bb0.3&Prime; shape_divider_position=\u00a0\u00bbbottom\u00a0\u00bb shape_type=\u00a0\u00bb\u00a0\u00bb][vc_column column_padding=\u00a0\u00bbno-extra-padding\u00a0\u00bb column_padding_position=\u00a0\u00bball\u00a0\u00bb background_color_opacity=\u00a0\u00bb1&Prime; background_hover_color_opacity=\u00a0\u00bb1&Prime; column_link_target=\u00a0\u00bb_self\u00a0\u00bb column_shadow=\u00a0\u00bbnone\u00a0\u00bb column_border_radius=\u00a0\u00bbnone\u00a0\u00bb width=\u00a0\u00bb1\/1&Prime; tablet_width_inherit=\u00a0\u00bbdefault\u00a0\u00bb tablet_text_alignment=\u00a0\u00bbdefault\u00a0\u00bb phone_text_alignment=\u00a0\u00bbdefault\u00a0\u00bb column_border_width=\u00a0\u00bbnone\u00a0\u00bb column_border_style=\u00a0\u00bbsolid\u00a0\u00bb][vc_raw_js]JTNDJTIxLS0lMjBDYWxlbmRseSUyMGlubGluZSUyMHdpZGdldCUyMGJlZ2luJTIwLS0lM0UlMEElM0NkaXYlMjBjbGFzcyUzRCUyMmNhbGVuZGx5LWlubGluZS13aWRnZXQlMjIlMjBkYXRhLXVybCUzRCUyMmh0dHBzJTNBJTJGJTJGY2FsZW5kbHkuY29tJTJGbGF1d2Vycy1zZXV0aW4lMkZjb25zdWx0YXRpb24tZW4lMjIlMjBzdHlsZSUzRCUyMm1pbi13aWR0aCUzQTMyMHB4JTNCaGVpZ2h0JTNBNzUwcHglM0IlMjIlM0UlM0MlMkZkaXYlM0UlMEElM0NzY3JpcHQlMjB0eXBlJTNEJTIydGV4dCUyRmphdmFzY3JpcHQlMjIlMjBzcmMlM0QlMjJodHRwcyUzQSUyRiUyRmFzc2V0cy5jYWxlbmRseS5jb20lMkZhc3NldHMlMkZleHRlcm5hbCUyRndpZGdldC5qcyUyMiUzRSUzQyUyRnNjcmlwdCUzRSUwQSUzQyUyMS0tJTIwQ2FsZW5kbHklMjBpbmxpbmUlMjB3aWRnZXQlMjBlbmQlMjAtLSUzRQ==[\/vc_raw_js][\/vc_column][\/vc_row][vc_row type=\u00a0\u00bbin_container\u00a0\u00bb full_screen_row_position=\u00a0\u00bbmiddle\u00a0\u00bb scene_position=\u00a0\u00bbcenter\u00a0\u00bb text_color=\u00a0\u00bbdark\u00a0\u00bb text_align=\u00a0\u00bbleft\u00a0\u00bb top_padding=\u00a0\u00bb3%\u00a0\u00bb bottom_padding=\u00a0\u00bb3%\u00a0\u00bb overlay_strength=\u00a0\u00bb0.3&Prime; shape_divider_position=\u00a0\u00bbbottom\u00a0\u00bb shape_type=\u00a0\u00bb\u00a0\u00bb][vc_column column_padding=\u00a0\u00bbno-extra-padding\u00a0\u00bb column_padding_position=\u00a0\u00bball\u00a0\u00bb background_color_opacity=\u00a0\u00bb1&Prime; background_hover_color_opacity=\u00a0\u00bb1&Prime; column_link_target=\u00a0\u00bb_self\u00a0\u00bb column_shadow=\u00a0\u00bbnone\u00a0\u00bb column_border_radius=\u00a0\u00bbnone\u00a0\u00bb width=\u00a0\u00bb1\/1&Prime; tablet_width_inherit=\u00a0\u00bbdefault\u00a0\u00bb tablet_text_alignment=\u00a0\u00bbdefault\u00a0\u00bb phone_text_alignment=\u00a0\u00bbdefault\u00a0\u00bb column_border_width=\u00a0\u00bbnone\u00a0\u00bb column_border_style=\u00a0\u00bbsolid\u00a0\u00bb][recent_posts style=\u00a0\u00bblist_featured_first_row\u00a0\u00bb category=\u00a0\u00bbbitcoin-fr,crypto-monnaies\u00a0\u00bb columns=\u00a0\u00bb4&Prime; order=\u00a0\u00bbDESC\u00a0\u00bb orderby=\u00a0\u00bbdate\u00a0\u00bb][\/vc_column][\/vc_row]\n","protected":false},"excerpt":{"rendered":"<p>[vc_row type=\u00a0\u00bbin_container\u00a0\u00bb full_screen_row_position=\u00a0\u00bbmiddle\u00a0\u00bb scene_position=\u00a0\u00bbcenter\u00a0\u00bb text_color=\u00a0\u00bbdark\u00a0\u00bb text_align=\u00a0\u00bbleft\u00a0\u00bb overlay_strength=\u00a0\u00bb0.3&Prime; shape_divider_position=\u00a0\u00bbbottom\u00a0\u00bb][vc_column column_padding=\u00a0\u00bbno-extra-padding\u00a0\u00bb column_padding_position=\u00a0\u00bball\u00a0\u00bb background_color_opacity=\u00a0\u00bb1&Prime; background_hover_color_opacity=\u00a0\u00bb1&Prime; column_link_target=\u00a0\u00bb_self\u00a0\u00bb column_shadow=\u00a0\u00bbnone\u00a0\u00bb column_border_radius=\u00a0\u00bbnone\u00a0\u00bb width=\u00a0\u00bb1\/2&Prime; tablet_width_inherit=\u00a0\u00bbdefault\u00a0\u00bb tablet_text_alignment=\u00a0\u00bbdefault\u00a0\u00bb phone_text_alignment=\u00a0\u00bbdefault\u00a0\u00bb column_border_width=\u00a0\u00bbnone\u00a0\u00bb column_border_style=\u00a0\u00bbsolid\u00a0\u00bb][vc_custom_heading text=\u00a0\u00bbBITCOINS\u00a0\u00bb font_container=\u00a0\u00bbtag:h2|text_align:left|color:%230b3279&Prime; use_theme_fonts=\u00a0\u00bbyes\u00a0\u00bb css=\u00a0\u00bb.vc_custom_1505896113251{margin-bottom:&#8230;<\/p>\n","protected":false},"author":5,"featured_media":0,"parent":3894,"menu_order":0,"comment_status":"closed","ping_status":"closed","template":"","meta":{"content-type":"","_uf_show_specific_survey":0,"_uf_disable_surveys":false,"footnotes":""},"yoast_head":"<!-- This site is optimized with the Yoast SEO plugin v22.3 - https:\/\/yoast.com\/wordpress\/plugins\/seo\/ -->\n<title>Bitcoin, Blockchain et Crypto-monnaies | Lauwers Avocats en droit fiscal<\/title>\n<meta name=\"description\" content=\"Quel est le statut l\u00e9gal de cette crypto-monnaie en Belgique ? Une analyse s\u2019impose au cas par cas. Contactez-nous pour toutes vos questions \u00e0 ce sujet.\" \/>\n<meta name=\"robots\" content=\"index, follow, max-snippet:-1, max-image-preview:large, max-video-preview:-1\" \/>\n<link rel=\"canonical\" href=\"https:\/\/lauwers-law.be\/fr\/services\/bitcoin-blockchain-et-crypto-monnaies\/?lang=fr\" \/>\n<meta property=\"og:locale\" content=\"fr_FR\" \/>\n<meta property=\"og:type\" content=\"article\" \/>\n<meta property=\"og:title\" content=\"Bitcoin, Blockchain et Crypto-monnaies | Lauwers Avocats en droit fiscal\" \/>\n<meta property=\"og:description\" content=\"Quel est le statut l\u00e9gal de cette crypto-monnaie en Belgique ? Une analyse s\u2019impose au cas par cas. Contactez-nous pour toutes vos questions \u00e0 ce sujet.\" \/>\n<meta property=\"og:url\" content=\"https:\/\/lauwers-law.be\/services\/bitcoin-blockchain-et-crypto-monnaies\/?lang=fr\" \/>\n<meta property=\"og:site_name\" content=\"Lauwers Law\" \/>\n<meta property=\"article:modified_time\" content=\"2018-10-02T16:39:02+00:00\" \/>\n<meta name=\"twitter:card\" content=\"summary_large_image\" \/>\n<meta name=\"twitter:site\" content=\"@lauwersthierry\" \/>\n<meta name=\"twitter:label1\" content=\"Dur\u00e9e de lecture estim\u00e9e\" \/>\n\t<meta name=\"twitter:data1\" content=\"3 minutes\" \/>\n<script type=\"application\/ld+json\" class=\"yoast-schema-graph\">{\"@context\":\"https:\/\/schema.org\",\"@graph\":[{\"@type\":\"WebPage\",\"@id\":\"https:\/\/lauwers-law.be\/services\/bitcoin-blockchain-et-crypto-monnaies\/?lang=fr\",\"url\":\"https:\/\/lauwers-law.be\/services\/bitcoin-blockchain-et-crypto-monnaies\/?lang=fr\",\"name\":\"Bitcoin, Blockchain et Crypto-monnaies | Lauwers Avocats en droit fiscal\",\"isPartOf\":{\"@id\":\"https:\/\/lauwers-law.be\/#website\"},\"datePublished\":\"2017-08-31T10:03:40+00:00\",\"dateModified\":\"2018-10-02T16:39:02+00:00\",\"description\":\"Quel est le statut l\u00e9gal de cette crypto-monnaie en Belgique ? Une analyse s\u2019impose au cas par cas. Contactez-nous pour toutes vos questions \u00e0 ce sujet.\",\"breadcrumb\":{\"@id\":\"https:\/\/lauwers-law.be\/services\/bitcoin-blockchain-et-crypto-monnaies\/?lang=fr#breadcrumb\"},\"inLanguage\":\"fr-FR\",\"potentialAction\":[{\"@type\":\"ReadAction\",\"target\":[\"https:\/\/lauwers-law.be\/services\/bitcoin-blockchain-et-crypto-monnaies\/?lang=fr\"]}]},{\"@type\":\"BreadcrumbList\",\"@id\":\"https:\/\/lauwers-law.be\/services\/bitcoin-blockchain-et-crypto-monnaies\/?lang=fr#breadcrumb\",\"itemListElement\":[{\"@type\":\"ListItem\",\"position\":1,\"name\":\"Accueil\",\"item\":\"https:\/\/lauwers-law.be\/fr\/\"},{\"@type\":\"ListItem\",\"position\":2,\"name\":\"Services\",\"item\":\"https:\/\/lauwers-law.be\/services\/?lang=fr\"},{\"@type\":\"ListItem\",\"position\":3,\"name\":\"Bitcoin, Blockchain et Crypto-monnaies\"}]},{\"@type\":\"WebSite\",\"@id\":\"https:\/\/lauwers-law.be\/#website\",\"url\":\"https:\/\/lauwers-law.be\/\",\"name\":\"Lauwers Law\",\"description\":\"Avocats en Droit Fiscal\",\"potentialAction\":[{\"@type\":\"SearchAction\",\"target\":{\"@type\":\"EntryPoint\",\"urlTemplate\":\"https:\/\/lauwers-law.be\/?s={search_term_string}\"},\"query-input\":\"required name=search_term_string\"}],\"inLanguage\":\"fr-FR\"}]}<\/script>\n<!-- \/ Yoast SEO plugin. -->","yoast_head_json":{"title":"Bitcoin, Blockchain et Crypto-monnaies | Lauwers Avocats en droit fiscal","description":"Quel est le statut l\u00e9gal de cette crypto-monnaie en Belgique ? Une analyse s\u2019impose au cas par cas. Contactez-nous pour toutes vos questions \u00e0 ce sujet.","robots":{"index":"index","follow":"follow","max-snippet":"max-snippet:-1","max-image-preview":"max-image-preview:large","max-video-preview":"max-video-preview:-1"},"canonical":"https:\/\/lauwers-law.be\/fr\/services\/bitcoin-blockchain-et-crypto-monnaies\/?lang=fr","og_locale":"fr_FR","og_type":"article","og_title":"Bitcoin, Blockchain et Crypto-monnaies | Lauwers Avocats en droit fiscal","og_description":"Quel est le statut l\u00e9gal de cette crypto-monnaie en Belgique ? Une analyse s\u2019impose au cas par cas. Contactez-nous pour toutes vos questions \u00e0 ce sujet.","og_url":"https:\/\/lauwers-law.be\/services\/bitcoin-blockchain-et-crypto-monnaies\/?lang=fr","og_site_name":"Lauwers Law","article_modified_time":"2018-10-02T16:39:02+00:00","twitter_card":"summary_large_image","twitter_site":"@lauwersthierry","twitter_misc":{"Dur\u00e9e de lecture estim\u00e9e":"3 minutes"},"schema":{"@context":"https:\/\/schema.org","@graph":[{"@type":"WebPage","@id":"https:\/\/lauwers-law.be\/services\/bitcoin-blockchain-et-crypto-monnaies\/?lang=fr","url":"https:\/\/lauwers-law.be\/services\/bitcoin-blockchain-et-crypto-monnaies\/?lang=fr","name":"Bitcoin, Blockchain et Crypto-monnaies | Lauwers Avocats en droit fiscal","isPartOf":{"@id":"https:\/\/lauwers-law.be\/#website"},"datePublished":"2017-08-31T10:03:40+00:00","dateModified":"2018-10-02T16:39:02+00:00","description":"Quel est le statut l\u00e9gal de cette crypto-monnaie en Belgique ? Une analyse s\u2019impose au cas par cas. Contactez-nous pour toutes vos questions \u00e0 ce sujet.","breadcrumb":{"@id":"https:\/\/lauwers-law.be\/services\/bitcoin-blockchain-et-crypto-monnaies\/?lang=fr#breadcrumb"},"inLanguage":"fr-FR","potentialAction":[{"@type":"ReadAction","target":["https:\/\/lauwers-law.be\/services\/bitcoin-blockchain-et-crypto-monnaies\/?lang=fr"]}]},{"@type":"BreadcrumbList","@id":"https:\/\/lauwers-law.be\/services\/bitcoin-blockchain-et-crypto-monnaies\/?lang=fr#breadcrumb","itemListElement":[{"@type":"ListItem","position":1,"name":"Accueil","item":"https:\/\/lauwers-law.be\/fr\/"},{"@type":"ListItem","position":2,"name":"Services","item":"https:\/\/lauwers-law.be\/services\/?lang=fr"},{"@type":"ListItem","position":3,"name":"Bitcoin, Blockchain et Crypto-monnaies"}]},{"@type":"WebSite","@id":"https:\/\/lauwers-law.be\/#website","url":"https:\/\/lauwers-law.be\/","name":"Lauwers Law","description":"Avocats en Droit Fiscal","potentialAction":[{"@type":"SearchAction","target":{"@type":"EntryPoint","urlTemplate":"https:\/\/lauwers-law.be\/?s={search_term_string}"},"query-input":"required name=search_term_string"}],"inLanguage":"fr-FR"}]}},"_links":{"self":[{"href":"https:\/\/lauwers-law.be\/fr\/wp-json\/wp\/v2\/pages\/3981\/"}],"collection":[{"href":"https:\/\/lauwers-law.be\/fr\/wp-json\/wp\/v2\/pages\/"}],"about":[{"href":"https:\/\/lauwers-law.be\/fr\/wp-json\/wp\/v2\/types\/page\/"}],"author":[{"embeddable":true,"href":"https:\/\/lauwers-law.be\/fr\/wp-json\/wp\/v2\/users\/5\/"}],"replies":[{"embeddable":true,"href":"https:\/\/lauwers-law.be\/fr\/wp-json\/wp\/v2\/comments\/?post=3981"}],"version-history":[{"count":0,"href":"https:\/\/lauwers-law.be\/fr\/wp-json\/wp\/v2\/pages\/3981\/revisions\/"}],"up":[{"embeddable":true,"href":"https:\/\/lauwers-law.be\/fr\/wp-json\/wp\/v2\/pages\/3894\/"}],"wp:attachment":[{"href":"https:\/\/lauwers-law.be\/fr\/wp-json\/wp\/v2\/media\/?parent=3981"}],"curies":[{"name":"wp","href":"https:\/\/api.w.org\/{rel}","templated":true}]}}