{"id":4117,"date":"2017-09-20T15:22:43","date_gmt":"2017-09-20T14:22:43","guid":{"rendered":"https:\/\/www.lauwers-seutin.be\/?page_id=4117"},"modified":"2017-12-15T15:31:01","modified_gmt":"2017-12-15T14:31:01","slug":"livres","status":"publish","type":"page","link":"https:\/\/lauwers-law.be\/fr\/livres\/","title":{"rendered":"Livres"},"content":{"rendered":"","protected":false},"excerpt":{"rendered":"","protected":false},"author":5,"featured_media":0,"parent":0,"menu_order":0,"comment_status":"closed","ping_status":"closed","template":"","meta":{"content-type":"","_uf_show_specific_survey":0,"_uf_disable_surveys":false,"footnotes":""},"yoast_head":"<!-- This site is optimized with the Yoast SEO plugin v22.3 - https:\/\/yoast.com\/wordpress\/plugins\/seo\/ -->\n<title>Livres de fiscalit\u00e9 de Thierry Lauwers<\/title>\n<meta name=\"description\" content=\"Thierry Lauwers est l\u2019auteur de diff\u00e9rents ouvrages sp\u00e9cialis\u00e9s, comme le \u00ab Recueil de Jurisprudence Fiscale\u00bb annuel. En savoirs plus.\" \/>\n<meta name=\"robots\" content=\"index, follow, max-snippet:-1, max-image-preview:large, max-video-preview:-1\" \/>\n<link rel=\"canonical\" href=\"https:\/\/lauwers-law.be\/fr\/livres\/?lang=fr\" \/>\n<meta property=\"og:locale\" content=\"fr_FR\" \/>\n<meta property=\"og:type\" content=\"article\" \/>\n<meta property=\"og:title\" content=\"Livres de fiscalit\u00e9 de Thierry Lauwers\" \/>\n<meta property=\"og:description\" content=\"Thierry Lauwers est l\u2019auteur de diff\u00e9rents ouvrages sp\u00e9cialis\u00e9s, comme le \u00ab Recueil de Jurisprudence Fiscale\u00bb annuel. En savoirs plus.\" \/>\n<meta property=\"og:url\" content=\"https:\/\/lauwers-law.be\/livres\/?lang=fr\" \/>\n<meta property=\"og:site_name\" content=\"Lauwers Law\" \/>\n<meta property=\"article:modified_time\" content=\"2017-12-15T14:31:01+00:00\" \/>\n<meta name=\"twitter:card\" content=\"summary_large_image\" \/>\n<meta name=\"twitter:site\" content=\"@lauwersthierry\" \/>\n<script type=\"application\/ld+json\" class=\"yoast-schema-graph\">{\"@context\":\"https:\/\/schema.org\",\"@graph\":[{\"@type\":\"WebPage\",\"@id\":\"https:\/\/lauwers-law.be\/livres\/?lang=fr\",\"url\":\"https:\/\/lauwers-law.be\/livres\/?lang=fr\",\"name\":\"Livres de fiscalit\u00e9 de Thierry Lauwers\",\"isPartOf\":{\"@id\":\"https:\/\/lauwers-law.be\/#website\"},\"datePublished\":\"2017-09-20T14:22:43+00:00\",\"dateModified\":\"2017-12-15T14:31:01+00:00\",\"description\":\"Thierry Lauwers est l\u2019auteur de diff\u00e9rents ouvrages sp\u00e9cialis\u00e9s, comme le \u00ab Recueil de Jurisprudence Fiscale\u00bb annuel. En savoirs plus.\",\"breadcrumb\":{\"@id\":\"https:\/\/lauwers-law.be\/livres\/?lang=fr#breadcrumb\"},\"inLanguage\":\"fr-FR\",\"potentialAction\":[{\"@type\":\"ReadAction\",\"target\":[\"https:\/\/lauwers-law.be\/livres\/?lang=fr\"]}]},{\"@type\":\"BreadcrumbList\",\"@id\":\"https:\/\/lauwers-law.be\/livres\/?lang=fr#breadcrumb\",\"itemListElement\":[{\"@type\":\"ListItem\",\"position\":1,\"name\":\"Accueil\",\"item\":\"https:\/\/lauwers-law.be\/fr\/\"},{\"@type\":\"ListItem\",\"position\":2,\"name\":\"Livres\"}]},{\"@type\":\"WebSite\",\"@id\":\"https:\/\/lauwers-law.be\/#website\",\"url\":\"https:\/\/lauwers-law.be\/\",\"name\":\"Lauwers Law\",\"description\":\"Avocats en Droit Fiscal\",\"potentialAction\":[{\"@type\":\"SearchAction\",\"target\":{\"@type\":\"EntryPoint\",\"urlTemplate\":\"https:\/\/lauwers-law.be\/?s={search_term_string}\"},\"query-input\":\"required name=search_term_string\"}],\"inLanguage\":\"fr-FR\"}]}<\/script>\n<!-- \/ Yoast SEO plugin. -->","yoast_head_json":{"title":"Livres de fiscalit\u00e9 de Thierry Lauwers","description":"Thierry Lauwers est l\u2019auteur de diff\u00e9rents ouvrages sp\u00e9cialis\u00e9s, comme le \u00ab Recueil de Jurisprudence Fiscale\u00bb annuel. En savoirs plus.","robots":{"index":"index","follow":"follow","max-snippet":"max-snippet:-1","max-image-preview":"max-image-preview:large","max-video-preview":"max-video-preview:-1"},"canonical":"https:\/\/lauwers-law.be\/fr\/livres\/?lang=fr","og_locale":"fr_FR","og_type":"article","og_title":"Livres de fiscalit\u00e9 de Thierry Lauwers","og_description":"Thierry Lauwers est l\u2019auteur de diff\u00e9rents ouvrages sp\u00e9cialis\u00e9s, comme le \u00ab Recueil de Jurisprudence Fiscale\u00bb annuel. En savoirs plus.","og_url":"https:\/\/lauwers-law.be\/livres\/?lang=fr","og_site_name":"Lauwers Law","article_modified_time":"2017-12-15T14:31:01+00:00","twitter_card":"summary_large_image","twitter_site":"@lauwersthierry","schema":{"@context":"https:\/\/schema.org","@graph":[{"@type":"WebPage","@id":"https:\/\/lauwers-law.be\/livres\/?lang=fr","url":"https:\/\/lauwers-law.be\/livres\/?lang=fr","name":"Livres de fiscalit\u00e9 de Thierry Lauwers","isPartOf":{"@id":"https:\/\/lauwers-law.be\/#website"},"datePublished":"2017-09-20T14:22:43+00:00","dateModified":"2017-12-15T14:31:01+00:00","description":"Thierry Lauwers est l\u2019auteur de diff\u00e9rents ouvrages sp\u00e9cialis\u00e9s, comme le \u00ab Recueil de Jurisprudence Fiscale\u00bb annuel. En savoirs plus.","breadcrumb":{"@id":"https:\/\/lauwers-law.be\/livres\/?lang=fr#breadcrumb"},"inLanguage":"fr-FR","potentialAction":[{"@type":"ReadAction","target":["https:\/\/lauwers-law.be\/livres\/?lang=fr"]}]},{"@type":"BreadcrumbList","@id":"https:\/\/lauwers-law.be\/livres\/?lang=fr#breadcrumb","itemListElement":[{"@type":"ListItem","position":1,"name":"Accueil","item":"https:\/\/lauwers-law.be\/fr\/"},{"@type":"ListItem","position":2,"name":"Livres"}]},{"@type":"WebSite","@id":"https:\/\/lauwers-law.be\/#website","url":"https:\/\/lauwers-law.be\/","name":"Lauwers Law","description":"Avocats en Droit Fiscal","potentialAction":[{"@type":"SearchAction","target":{"@type":"EntryPoint","urlTemplate":"https:\/\/lauwers-law.be\/?s={search_term_string}"},"query-input":"required name=search_term_string"}],"inLanguage":"fr-FR"}]}},"_links":{"self":[{"href":"https:\/\/lauwers-law.be\/fr\/wp-json\/wp\/v2\/pages\/4117\/"}],"collection":[{"href":"https:\/\/lauwers-law.be\/fr\/wp-json\/wp\/v2\/pages\/"}],"about":[{"href":"https:\/\/lauwers-law.be\/fr\/wp-json\/wp\/v2\/types\/page\/"}],"author":[{"embeddable":true,"href":"https:\/\/lauwers-law.be\/fr\/wp-json\/wp\/v2\/users\/5\/"}],"replies":[{"embeddable":true,"href":"https:\/\/lauwers-law.be\/fr\/wp-json\/wp\/v2\/comments\/?post=4117"}],"version-history":[{"count":0,"href":"https:\/\/lauwers-law.be\/fr\/wp-json\/wp\/v2\/pages\/4117\/revisions\/"}],"wp:attachment":[{"href":"https:\/\/lauwers-law.be\/fr\/wp-json\/wp\/v2\/media\/?parent=4117"}],"curies":[{"name":"wp","href":"https:\/\/api.w.org\/{rel}","templated":true}]}}