{"id":4249,"date":"2017-09-25T13:15:04","date_gmt":"2017-09-25T12:15:04","guid":{"rendered":"https:\/\/www.lauwers-seutin.be\/?page_id=4249"},"modified":"2017-12-15T15:16:37","modified_gmt":"2017-12-15T14:16:37","slug":"intermediaires","status":"publish","type":"page","link":"https:\/\/lauwers-law.be\/fr\/clients\/intermediaires\/","title":{"rendered":"Interm\u00e9diaires"},"content":{"rendered":"[vc_row type=\u00a0\u00bbin_container\u00a0\u00bb full_screen_row_position=\u00a0\u00bbmiddle\u00a0\u00bb scene_position=\u00a0\u00bbcenter\u00a0\u00bb text_color=\u00a0\u00bbdark\u00a0\u00bb text_align=\u00a0\u00bbleft\u00a0\u00bb overlay_strength=\u00a0\u00bb0.3&Prime;][vc_column column_padding=\u00a0\u00bbno-extra-padding\u00a0\u00bb column_padding_position=\u00a0\u00bball\u00a0\u00bb background_color_opacity=\u00a0\u00bb1&Prime; background_hover_color_opacity=\u00a0\u00bb1&Prime; column_shadow=\u00a0\u00bbnone\u00a0\u00bb width=\u00a0\u00bb4\/6&Prime; tablet_text_alignment=\u00a0\u00bbdefault\u00a0\u00bb phone_text_alignment=\u00a0\u00bbdefault\u00a0\u00bb column_border_width=\u00a0\u00bbnone\u00a0\u00bb column_border_style=\u00a0\u00bbsolid\u00a0\u00bb][vc_custom_heading text=\u00a0\u00bbINTERM\u00c9DIAIRES\u00a0\u00bb font_container=\u00a0\u00bbtag:h2|text_align:left|color:%230b3279&Prime; use_theme_fonts=\u00a0\u00bbyes\u00a0\u00bb css=\u00a0\u00bb.vc_custom_1506343449181{margin-bottom: 20px !important;}\u00a0\u00bb][vc_column_text]Vous \u00eates expert-comptable, r\u00e9viseur d\u2019entreprises, conseiller fiscal, comptable ou fiscaliste?<br \/>\nComment nos services peuvent-ils vous aider\u00a0?<\/p>\n<ul>\n<li><img loading=\"lazy\" decoding=\"async\" class=\"wp-image-5429 alignright\" src=\"https:\/\/lauwers-law.be\/wp-content\/uploads\/intermediair-fr-300x300.png\" alt=\"\" width=\"350\" height=\"350\" srcset=\"https:\/\/lauwers-law.be\/wp-content\/uploads\/intermediair-fr-300x300.png 300w, https:\/\/lauwers-law.be\/wp-content\/uploads\/intermediair-fr-150x150.png 150w, https:\/\/lauwers-law.be\/wp-content\/uploads\/intermediair-fr-768x768.png 768w, https:\/\/lauwers-law.be\/wp-content\/uploads\/intermediair-fr-100x100.png 100w, https:\/\/lauwers-law.be\/wp-content\/uploads\/intermediair-fr-500x500.png 500w, https:\/\/lauwers-law.be\/wp-content\/uploads\/intermediair-fr-350x350.png 350w, https:\/\/lauwers-law.be\/wp-content\/uploads\/intermediair-fr.png 1000w\" sizes=\"(max-width: 350px) 100vw, 350px\" \/>Nous enrichissons vos comp\u00e9tences avec notre exp\u00e9rience et notre expertise juridique.<\/li>\n<li>Nous vous aidons \u00e0 d\u00e9velopper une strat\u00e9gie durable \u00e0 long terme pour votre client\u00e8le.<\/li>\n<li>Gr\u00e2ce \u00e0 des concertations p\u00e9riodiques, nous garantissons une approche proactive et un meilleur service pour votre client.<\/li>\n<li>Nous anticipons les difficult\u00e9s et vous offrons une assistance compl\u00e9mentaire id\u00e9ale en mati\u00e8re d\u2019accompagnement lors de litiges.<\/li>\n<\/ul>\n<p>Valeur ajout\u00e9e de notre collaboration<\/p>\n<ul>\n<li>Vous pouvez offrir une solution compl\u00e8te \u00e0 votre client\u00e8le en \u00e9vitant tout chevauchement \u00e9ventuel.<\/li>\n<li>Vous avez acc\u00e8s \u00e0 tous nos recueils de droit fiscal (comprenant arr\u00eats in\u00e9dits, analyses, etc.).<\/li>\n<li>Vous pouvez participer \u00e0 la Lauwers Academy, des formations exclusives et uniques en leur genre, sp\u00e9cifiquement adapt\u00e9es \u00e0 vos besoins.<\/li>\n<\/ul>\n<p><a href=\"https:\/\/lauwers-law.be\/fr\/contact\/\">N\u2019h\u00e9sitez pas \u00e0 nous contacter.<\/a>[\/vc_column_text][\/vc_column][vc_column column_padding=\u00a0\u00bbpadding-4-percent\u00a0\u00bb column_padding_position=\u00a0\u00bball\u00a0\u00bb background_color=\u00a0\u00bb#0b3279&Prime; background_color_opacity=\u00a0\u00bb1&Prime; background_hover_color_opacity=\u00a0\u00bb1&Prime; column_shadow=\u00a0\u00bbnone\u00a0\u00bb width=\u00a0\u00bb1\/3&Prime; tablet_text_alignment=\u00a0\u00bbdefault\u00a0\u00bb phone_text_alignment=\u00a0\u00bbdefault\u00a0\u00bb column_border_width=\u00a0\u00bbnone\u00a0\u00bb column_border_style=\u00a0\u00bbsolid\u00a0\u00bb][vc_custom_heading text=\u00a0\u00bbNOS ATOUTS\u00a0\u00bb font_container=\u00a0\u00bbtag:h4|text_align:left|color:%23ffffff\u00a0\u00bb use_theme_fonts=\u00a0\u00bbyes\u00a0\u00bb css=\u00a0\u00bb.vc_custom_1506412513011{margin-bottom: 20px !important;}\u00a0\u00bb][vc_column_text]\n<h6><span style=\"color: #ffffff;\">Nous sommes un cabinet sp\u00e9cialis\u00e9 en droit fiscal \u2013 nous g\u00e9rons tous les aspects de la fiscalit\u00e9.<\/span><\/h6>\n<h6><span style=\"color: #ffffff;\">Nous faisons en sorte que nos services co\u00efncident parfaitement avec vos connaissances internes ou celles de vos conseillers. Nous travaillons de mani\u00e8re compl\u00e9mentaire et \u00e9vitons ainsi une double charge de travail (par ex., lors de la prise de connaissance d\u2019un dossier).<\/span><\/h6>\n<h6><span style=\"color: #ffffff;\">Notre approche est personnelle, discr\u00e8te et orient\u00e9e sur les r\u00e9sultats.<\/span><\/h6>\n<h6><span style=\"color: #ffffff;\">Nous sommes actifs dans trois cabinets r\u00e9partis dans les trois r\u00e9gions du pays : Flandre (cabinet \u00e0 Gand), Bruxelles (cabinet \u00e0 Ganshoren) et Wallonie (cabinet \u00e0 Li\u00e8ge).<\/span><\/h6>\n<h6><\/h6>\n[\/vc_column_text][\/vc_column][\/vc_row]\n","protected":false},"excerpt":{"rendered":"<p>[vc_row type=\u00a0\u00bbin_container\u00a0\u00bb full_screen_row_position=\u00a0\u00bbmiddle\u00a0\u00bb scene_position=\u00a0\u00bbcenter\u00a0\u00bb text_color=\u00a0\u00bbdark\u00a0\u00bb text_align=\u00a0\u00bbleft\u00a0\u00bb overlay_strength=\u00a0\u00bb0.3&Prime;][vc_column column_padding=\u00a0\u00bbno-extra-padding\u00a0\u00bb column_padding_position=\u00a0\u00bball\u00a0\u00bb background_color_opacity=\u00a0\u00bb1&Prime; background_hover_color_opacity=\u00a0\u00bb1&Prime; column_shadow=\u00a0\u00bbnone\u00a0\u00bb width=\u00a0\u00bb4\/6&Prime; tablet_text_alignment=\u00a0\u00bbdefault\u00a0\u00bb phone_text_alignment=\u00a0\u00bbdefault\u00a0\u00bb column_border_width=\u00a0\u00bbnone\u00a0\u00bb column_border_style=\u00a0\u00bbsolid\u00a0\u00bb][vc_custom_heading text=\u00a0\u00bbINTERM\u00c9DIAIRES\u00a0\u00bb font_container=\u00a0\u00bbtag:h2|text_align:left|color:%230b3279&Prime; use_theme_fonts=\u00a0\u00bbyes\u00a0\u00bb css=\u00a0\u00bb.vc_custom_1506343449181{margin-bottom: 20px !important;}\u00a0\u00bb][vc_column_text]Vous \u00eates expert-comptable,&#8230;<\/p>\n","protected":false},"author":5,"featured_media":0,"parent":6705,"menu_order":0,"comment_status":"closed","ping_status":"closed","template":"","meta":{"content-type":"","_uf_show_specific_survey":0,"_uf_disable_surveys":false,"footnotes":""},"yoast_head":"<!-- This site is optimized with the Yoast SEO plugin v22.3 - https:\/\/yoast.com\/wordpress\/plugins\/seo\/ -->\n<title>Nos services fiscaux pour des interm\u00e9diaires financiers<\/title>\n<meta name=\"description\" content=\"Vous \u00eates expert-comptable, r\u00e9viseur d\u2019entreprises, conseiller fiscal, comptable ou fiscaliste? Offrez une solution compl\u00e8te \u00e0 votre client\u00e8le.\" \/>\n<meta name=\"robots\" content=\"index, follow, max-snippet:-1, max-image-preview:large, max-video-preview:-1\" \/>\n<link rel=\"canonical\" href=\"https:\/\/lauwers-law.be\/fr\/clients\/intermediaires\/\" \/>\n<meta property=\"og:locale\" content=\"fr_FR\" \/>\n<meta property=\"og:type\" content=\"article\" \/>\n<meta property=\"og:title\" content=\"Nos services fiscaux pour des interm\u00e9diaires financiers\" \/>\n<meta property=\"og:description\" content=\"Vous \u00eates expert-comptable, r\u00e9viseur d\u2019entreprises, conseiller fiscal, comptable ou fiscaliste? Offrez une solution compl\u00e8te \u00e0 votre client\u00e8le.\" \/>\n<meta property=\"og:url\" content=\"https:\/\/lauwers-law.be\/fr\/clients\/intermediaires\/\" \/>\n<meta property=\"og:site_name\" content=\"Lauwers Law\" \/>\n<meta property=\"article:modified_time\" content=\"2017-12-15T14:16:37+00:00\" \/>\n<meta property=\"og:image\" content=\"https:\/\/lauwers-law.be\/wp-content\/uploads\/intermediair-fr-300x300.png\" \/>\n<meta name=\"twitter:card\" content=\"summary_large_image\" \/>\n<meta name=\"twitter:site\" content=\"@lauwersthierry\" \/>\n<meta name=\"twitter:label1\" content=\"Dur\u00e9e de lecture estim\u00e9e\" \/>\n\t<meta name=\"twitter:data1\" content=\"2 minutes\" \/>\n<script type=\"application\/ld+json\" class=\"yoast-schema-graph\">{\"@context\":\"https:\/\/schema.org\",\"@graph\":[{\"@type\":\"WebPage\",\"@id\":\"https:\/\/lauwers-law.be\/fr\/clients\/intermediaires\/\",\"url\":\"https:\/\/lauwers-law.be\/fr\/clients\/intermediaires\/\",\"name\":\"Nos services fiscaux pour des interm\u00e9diaires financiers\",\"isPartOf\":{\"@id\":\"https:\/\/lauwers-law.be\/#website\"},\"primaryImageOfPage\":{\"@id\":\"https:\/\/lauwers-law.be\/fr\/clients\/intermediaires\/#primaryimage\"},\"image\":{\"@id\":\"https:\/\/lauwers-law.be\/fr\/clients\/intermediaires\/#primaryimage\"},\"thumbnailUrl\":\"https:\/\/lauwers-law.be\/wp-content\/uploads\/intermediair-fr-300x300.png\",\"datePublished\":\"2017-09-25T12:15:04+00:00\",\"dateModified\":\"2017-12-15T14:16:37+00:00\",\"description\":\"Vous \u00eates expert-comptable, r\u00e9viseur d\u2019entreprises, conseiller fiscal, comptable ou fiscaliste? Offrez une solution compl\u00e8te \u00e0 votre client\u00e8le.\",\"breadcrumb\":{\"@id\":\"https:\/\/lauwers-law.be\/fr\/clients\/intermediaires\/#breadcrumb\"},\"inLanguage\":\"fr-FR\",\"potentialAction\":[{\"@type\":\"ReadAction\",\"target\":[\"https:\/\/lauwers-law.be\/fr\/clients\/intermediaires\/\"]}]},{\"@type\":\"ImageObject\",\"inLanguage\":\"fr-FR\",\"@id\":\"https:\/\/lauwers-law.be\/fr\/clients\/intermediaires\/#primaryimage\",\"url\":\"https:\/\/lauwers-law.be\/wp-content\/uploads\/intermediair-fr.png\",\"contentUrl\":\"https:\/\/lauwers-law.be\/wp-content\/uploads\/intermediair-fr.png\",\"width\":1000,\"height\":1000},{\"@type\":\"BreadcrumbList\",\"@id\":\"https:\/\/lauwers-law.be\/fr\/clients\/intermediaires\/#breadcrumb\",\"itemListElement\":[{\"@type\":\"ListItem\",\"position\":1,\"name\":\"Accueil\",\"item\":\"https:\/\/lauwers-law.be\/fr\/\"},{\"@type\":\"ListItem\",\"position\":2,\"name\":\"Clients\",\"item\":\"https:\/\/lauwers-law.be\/clients\/?lang=fr\"},{\"@type\":\"ListItem\",\"position\":3,\"name\":\"Interm\u00e9diaires\"}]},{\"@type\":\"WebSite\",\"@id\":\"https:\/\/lauwers-law.be\/#website\",\"url\":\"https:\/\/lauwers-law.be\/\",\"name\":\"Lauwers Law\",\"description\":\"Avocats en Droit Fiscal\",\"potentialAction\":[{\"@type\":\"SearchAction\",\"target\":{\"@type\":\"EntryPoint\",\"urlTemplate\":\"https:\/\/lauwers-law.be\/?s={search_term_string}\"},\"query-input\":\"required name=search_term_string\"}],\"inLanguage\":\"fr-FR\"}]}<\/script>\n<!-- \/ Yoast SEO plugin. -->","yoast_head_json":{"title":"Nos services fiscaux pour des interm\u00e9diaires financiers","description":"Vous \u00eates expert-comptable, r\u00e9viseur d\u2019entreprises, conseiller fiscal, comptable ou fiscaliste? Offrez une solution compl\u00e8te \u00e0 votre client\u00e8le.","robots":{"index":"index","follow":"follow","max-snippet":"max-snippet:-1","max-image-preview":"max-image-preview:large","max-video-preview":"max-video-preview:-1"},"canonical":"https:\/\/lauwers-law.be\/fr\/clients\/intermediaires\/","og_locale":"fr_FR","og_type":"article","og_title":"Nos services fiscaux pour des interm\u00e9diaires financiers","og_description":"Vous \u00eates expert-comptable, r\u00e9viseur d\u2019entreprises, conseiller fiscal, comptable ou fiscaliste? Offrez une solution compl\u00e8te \u00e0 votre client\u00e8le.","og_url":"https:\/\/lauwers-law.be\/fr\/clients\/intermediaires\/","og_site_name":"Lauwers Law","article_modified_time":"2017-12-15T14:16:37+00:00","og_image":[{"url":"https:\/\/lauwers-law.be\/wp-content\/uploads\/intermediair-fr-300x300.png"}],"twitter_card":"summary_large_image","twitter_site":"@lauwersthierry","twitter_misc":{"Dur\u00e9e de lecture estim\u00e9e":"2 minutes"},"schema":{"@context":"https:\/\/schema.org","@graph":[{"@type":"WebPage","@id":"https:\/\/lauwers-law.be\/fr\/clients\/intermediaires\/","url":"https:\/\/lauwers-law.be\/fr\/clients\/intermediaires\/","name":"Nos services fiscaux pour des interm\u00e9diaires financiers","isPartOf":{"@id":"https:\/\/lauwers-law.be\/#website"},"primaryImageOfPage":{"@id":"https:\/\/lauwers-law.be\/fr\/clients\/intermediaires\/#primaryimage"},"image":{"@id":"https:\/\/lauwers-law.be\/fr\/clients\/intermediaires\/#primaryimage"},"thumbnailUrl":"https:\/\/lauwers-law.be\/wp-content\/uploads\/intermediair-fr-300x300.png","datePublished":"2017-09-25T12:15:04+00:00","dateModified":"2017-12-15T14:16:37+00:00","description":"Vous \u00eates expert-comptable, r\u00e9viseur d\u2019entreprises, conseiller fiscal, comptable ou fiscaliste? Offrez une solution compl\u00e8te \u00e0 votre client\u00e8le.","breadcrumb":{"@id":"https:\/\/lauwers-law.be\/fr\/clients\/intermediaires\/#breadcrumb"},"inLanguage":"fr-FR","potentialAction":[{"@type":"ReadAction","target":["https:\/\/lauwers-law.be\/fr\/clients\/intermediaires\/"]}]},{"@type":"ImageObject","inLanguage":"fr-FR","@id":"https:\/\/lauwers-law.be\/fr\/clients\/intermediaires\/#primaryimage","url":"https:\/\/lauwers-law.be\/wp-content\/uploads\/intermediair-fr.png","contentUrl":"https:\/\/lauwers-law.be\/wp-content\/uploads\/intermediair-fr.png","width":1000,"height":1000},{"@type":"BreadcrumbList","@id":"https:\/\/lauwers-law.be\/fr\/clients\/intermediaires\/#breadcrumb","itemListElement":[{"@type":"ListItem","position":1,"name":"Accueil","item":"https:\/\/lauwers-law.be\/fr\/"},{"@type":"ListItem","position":2,"name":"Clients","item":"https:\/\/lauwers-law.be\/clients\/?lang=fr"},{"@type":"ListItem","position":3,"name":"Interm\u00e9diaires"}]},{"@type":"WebSite","@id":"https:\/\/lauwers-law.be\/#website","url":"https:\/\/lauwers-law.be\/","name":"Lauwers Law","description":"Avocats en Droit Fiscal","potentialAction":[{"@type":"SearchAction","target":{"@type":"EntryPoint","urlTemplate":"https:\/\/lauwers-law.be\/?s={search_term_string}"},"query-input":"required name=search_term_string"}],"inLanguage":"fr-FR"}]}},"_links":{"self":[{"href":"https:\/\/lauwers-law.be\/fr\/wp-json\/wp\/v2\/pages\/4249\/"}],"collection":[{"href":"https:\/\/lauwers-law.be\/fr\/wp-json\/wp\/v2\/pages\/"}],"about":[{"href":"https:\/\/lauwers-law.be\/fr\/wp-json\/wp\/v2\/types\/page\/"}],"author":[{"embeddable":true,"href":"https:\/\/lauwers-law.be\/fr\/wp-json\/wp\/v2\/users\/5\/"}],"replies":[{"embeddable":true,"href":"https:\/\/lauwers-law.be\/fr\/wp-json\/wp\/v2\/comments\/?post=4249"}],"version-history":[{"count":0,"href":"https:\/\/lauwers-law.be\/fr\/wp-json\/wp\/v2\/pages\/4249\/revisions\/"}],"up":[{"embeddable":true,"href":"https:\/\/lauwers-law.be\/fr\/wp-json\/wp\/v2\/pages\/6705\/"}],"wp:attachment":[{"href":"https:\/\/lauwers-law.be\/fr\/wp-json\/wp\/v2\/media\/?parent=4249"}],"curies":[{"name":"wp","href":"https:\/\/api.w.org\/{rel}","templated":true}]}}