{"id":4259,"date":"2017-09-25T13:25:24","date_gmt":"2017-09-25T12:25:24","guid":{"rendered":"https:\/\/www.lauwers-seutin.be\/?page_id=4259"},"modified":"2017-12-15T15:19:25","modified_gmt":"2017-12-15T14:19:25","slug":"personnes-physiques","status":"publish","type":"page","link":"https:\/\/lauwers-law.be\/fr\/clients\/personnes-physiques\/","title":{"rendered":"Personnes Physiques"},"content":{"rendered":"[vc_row type=\u00a0\u00bbin_container\u00a0\u00bb full_screen_row_position=\u00a0\u00bbmiddle\u00a0\u00bb scene_position=\u00a0\u00bbcenter\u00a0\u00bb text_color=\u00a0\u00bbdark\u00a0\u00bb text_align=\u00a0\u00bbleft\u00a0\u00bb overlay_strength=\u00a0\u00bb0.3&Prime;][vc_column column_padding=\u00a0\u00bbno-extra-padding\u00a0\u00bb column_padding_position=\u00a0\u00bball\u00a0\u00bb background_color_opacity=\u00a0\u00bb1&Prime; background_hover_color_opacity=\u00a0\u00bb1&Prime; column_shadow=\u00a0\u00bbnone\u00a0\u00bb width=\u00a0\u00bb3\/6&Prime; tablet_text_alignment=\u00a0\u00bbdefault\u00a0\u00bb phone_text_alignment=\u00a0\u00bbdefault\u00a0\u00bb column_border_width=\u00a0\u00bbnone\u00a0\u00bb column_border_style=\u00a0\u00bbsolid\u00a0\u00bb][vc_custom_heading text=\u00a0\u00bbPERSONNES PHYSIQUES\u00a0\u00bb font_container=\u00a0\u00bbtag:h2|text_align:left|color:%230b3279&Prime; use_theme_fonts=\u00a0\u00bbyes\u00a0\u00bb css=\u00a0\u00bb.vc_custom_1506412259774{margin-bottom: 20px !important;}\u00a0\u00bb][vc_column_text]Vous \u00eates une personne physique \u00e0 la recherche d\u2019un avis fiscal ou d\u2019une optimisation successorale?<br \/>\nComment nos services sp\u00e9cialis\u00e9s peuvent-ils vous aider\u00a0?<\/p>\n<ul>\n<li>Toutes vos questions fiscales sont trait\u00e9es avec soin, votre visite aupr\u00e8s du contr\u00f4leur est pr\u00e9par\u00e9e ou votre planification successorale est optimalis\u00e9e.<\/li>\n<li>Nous organisons des concertations p\u00e9riodiques pour analyser la situation et \u00e9tudier de nouvelles possibilit\u00e9s, les risques \u00e0 \u00e9viter et les nouvelles opportunit\u00e9s.<\/li>\n<li>Nous vous assistons tout au long de votre contentieux fiscal sans soucis suppl\u00e9mentaires<\/li>\n<\/ul>\n<p>Quel est votre r\u00e9el avantage\u00a0?<\/p>\n<ul>\n<li>Vous r\u00e9alisez une \u00e9pargne ou obtenez un remboursement d\u2019imp\u00f4ts.<\/li>\n<li>Nous vous \u00ab\u00a0d\u00e9chargeons\u00a0\u00bb enti\u00e8rement des mati\u00e8res parfois complexes et nous vous \u00e9vitons des surprises et proc\u00e9dures.<\/li>\n<li>Nous travaillons \u00e0 la recherche de la meilleure solution possible en cas de probl\u00e8mes ou contentieux.<\/li>\n<\/ul>\n<p><a href=\"\/fr\/contact\/\">N\u2019h\u00e9sitez pas \u00e0 nous contacter.<\/a>[\/vc_column_text][\/vc_column][vc_column column_padding=\u00a0\u00bbno-extra-padding\u00a0\u00bb column_padding_position=\u00a0\u00bball\u00a0\u00bb background_color_opacity=\u00a0\u00bb1&Prime; background_hover_color_opacity=\u00a0\u00bb1&Prime; column_shadow=\u00a0\u00bbnone\u00a0\u00bb width=\u00a0\u00bb1\/6&Prime; tablet_text_alignment=\u00a0\u00bbdefault\u00a0\u00bb phone_text_alignment=\u00a0\u00bbdefault\u00a0\u00bb column_border_width=\u00a0\u00bbnone\u00a0\u00bb column_border_style=\u00a0\u00bbsolid\u00a0\u00bb][\/vc_column][vc_column column_padding=\u00a0\u00bbpadding-4-percent\u00a0\u00bb column_padding_position=\u00a0\u00bball\u00a0\u00bb background_color=\u00a0\u00bb#0b3279&Prime; background_color_opacity=\u00a0\u00bb1&Prime; background_hover_color_opacity=\u00a0\u00bb1&Prime; column_shadow=\u00a0\u00bbnone\u00a0\u00bb width=\u00a0\u00bb1\/3&Prime; tablet_text_alignment=\u00a0\u00bbdefault\u00a0\u00bb phone_text_alignment=\u00a0\u00bbdefault\u00a0\u00bb column_border_width=\u00a0\u00bbnone\u00a0\u00bb column_border_style=\u00a0\u00bbsolid\u00a0\u00bb][vc_custom_heading text=\u00a0\u00bbNOS ATOUTS\u00a0\u00bb font_container=\u00a0\u00bbtag:h4|text_align:left|color:%23ffffff\u00a0\u00bb use_theme_fonts=\u00a0\u00bbyes\u00a0\u00bb css=\u00a0\u00bb.vc_custom_1506412191631{margin-bottom: 20px !important;}\u00a0\u00bb][vc_column_text]\n<h6><span style=\"color: #ffffff;\">Nous sommes un cabinet sp\u00e9cialis\u00e9 en droit fiscal \u2013 nous g\u00e9rons tous les aspects de la fiscalit\u00e9.<\/span><\/h6>\n<h6><span style=\"color: #ffffff;\">Nous faisons en sorte que nos services co\u00efncident parfaitement avec vos connaissances internes ou celles de vos conseillers. Nous travaillons de mani\u00e8re compl\u00e9mentaire et \u00e9vitons ainsi une double charge de travail (par ex., lors de la prise de connaissance d\u2019un dossier).<\/span><\/h6>\n<h6><span style=\"color: #ffffff;\">Notre approche est personnelle, discr\u00e8te et orient\u00e9e sur les r\u00e9sultats.<\/span><\/h6>\n<h6><span style=\"color: #ffffff;\">Nous sommes actifs dans trois cabinets r\u00e9partis dans les trois r\u00e9gions du pays : Flandre (cabinet \u00e0 Gand), Bruxelles (cabinet \u00e0 Ganshoren) et Wallonie (cabinet \u00e0 Li\u00e8ge).<\/span><\/h6>\n<h6><\/h6>\n[\/vc_column_text][\/vc_column][\/vc_row][vc_row type=\u00a0\u00bbin_container\u00a0\u00bb full_screen_row_position=\u00a0\u00bbmiddle\u00a0\u00bb scene_position=\u00a0\u00bbcenter\u00a0\u00bb text_color=\u00a0\u00bbdark\u00a0\u00bb text_align=\u00a0\u00bbleft\u00a0\u00bb overlay_strength=\u00a0\u00bb0.3&Prime;][vc_column column_padding=\u00a0\u00bbno-extra-padding\u00a0\u00bb column_padding_position=\u00a0\u00bball\u00a0\u00bb background_color_opacity=\u00a0\u00bb1&Prime; background_hover_color_opacity=\u00a0\u00bb1&Prime; column_shadow=\u00a0\u00bbnone\u00a0\u00bb width=\u00a0\u00bb1\/1&Prime; tablet_text_alignment=\u00a0\u00bbdefault\u00a0\u00bb phone_text_alignment=\u00a0\u00bbdefault\u00a0\u00bb column_border_width=\u00a0\u00bbnone\u00a0\u00bb column_border_style=\u00a0\u00bbsolid\u00a0\u00bb][\/vc_column][\/vc_row]\n","protected":false},"excerpt":{"rendered":"<p>[vc_row type=\u00a0\u00bbin_container\u00a0\u00bb full_screen_row_position=\u00a0\u00bbmiddle\u00a0\u00bb scene_position=\u00a0\u00bbcenter\u00a0\u00bb text_color=\u00a0\u00bbdark\u00a0\u00bb text_align=\u00a0\u00bbleft\u00a0\u00bb overlay_strength=\u00a0\u00bb0.3&Prime;][vc_column column_padding=\u00a0\u00bbno-extra-padding\u00a0\u00bb column_padding_position=\u00a0\u00bball\u00a0\u00bb background_color_opacity=\u00a0\u00bb1&Prime; background_hover_color_opacity=\u00a0\u00bb1&Prime; column_shadow=\u00a0\u00bbnone\u00a0\u00bb width=\u00a0\u00bb3\/6&Prime; tablet_text_alignment=\u00a0\u00bbdefault\u00a0\u00bb phone_text_alignment=\u00a0\u00bbdefault\u00a0\u00bb column_border_width=\u00a0\u00bbnone\u00a0\u00bb column_border_style=\u00a0\u00bbsolid\u00a0\u00bb][vc_custom_heading text=\u00a0\u00bbPERSONNES PHYSIQUES\u00a0\u00bb font_container=\u00a0\u00bbtag:h2|text_align:left|color:%230b3279&Prime; use_theme_fonts=\u00a0\u00bbyes\u00a0\u00bb css=\u00a0\u00bb.vc_custom_1506412259774{margin-bottom: 20px !important;}\u00a0\u00bb][vc_column_text]Vous \u00eates&#8230;<\/p>\n","protected":false},"author":5,"featured_media":0,"parent":6705,"menu_order":0,"comment_status":"closed","ping_status":"closed","template":"","meta":{"content-type":"","_uf_show_specific_survey":0,"_uf_disable_surveys":false,"footnotes":""},"yoast_head":"<!-- This site is optimized with the Yoast SEO plugin v22.3 - https:\/\/yoast.com\/wordpress\/plugins\/seo\/ -->\n<title>Nos services fiscaux pour des personnes physiques<\/title>\n<meta name=\"description\" content=\"Vous \u00eates une personne physique \u00e0 la recherche d\u2019un avis fiscal ou d\u2019une optimisation successorale? R\u00e9alisez une \u00e9pargne ou un remboursement d\u2019imp\u00f4ts.\" \/>\n<meta name=\"robots\" content=\"index, follow, max-snippet:-1, max-image-preview:large, max-video-preview:-1\" \/>\n<link rel=\"canonical\" href=\"https:\/\/lauwers-law.be\/fr\/clients\/personnes-physiques\/\" \/>\n<meta property=\"og:locale\" content=\"fr_FR\" \/>\n<meta property=\"og:type\" content=\"article\" \/>\n<meta property=\"og:title\" content=\"Nos services fiscaux pour des personnes physiques\" \/>\n<meta property=\"og:description\" content=\"Vous \u00eates une personne physique \u00e0 la recherche d\u2019un avis fiscal ou d\u2019une optimisation successorale? R\u00e9alisez une \u00e9pargne ou un remboursement d\u2019imp\u00f4ts.\" \/>\n<meta property=\"og:url\" content=\"https:\/\/lauwers-law.be\/fr\/clients\/personnes-physiques\/\" \/>\n<meta property=\"og:site_name\" content=\"Lauwers Law\" \/>\n<meta property=\"article:modified_time\" content=\"2017-12-15T14:19:25+00:00\" \/>\n<meta name=\"twitter:card\" content=\"summary_large_image\" \/>\n<meta name=\"twitter:site\" content=\"@lauwersthierry\" \/>\n<meta name=\"twitter:label1\" content=\"Dur\u00e9e de lecture estim\u00e9e\" \/>\n\t<meta name=\"twitter:data1\" content=\"3 minutes\" \/>\n<script type=\"application\/ld+json\" class=\"yoast-schema-graph\">{\"@context\":\"https:\/\/schema.org\",\"@graph\":[{\"@type\":\"WebPage\",\"@id\":\"https:\/\/lauwers-law.be\/fr\/clients\/personnes-physiques\/\",\"url\":\"https:\/\/lauwers-law.be\/fr\/clients\/personnes-physiques\/\",\"name\":\"Nos services fiscaux pour des personnes physiques\",\"isPartOf\":{\"@id\":\"https:\/\/lauwers-law.be\/#website\"},\"datePublished\":\"2017-09-25T12:25:24+00:00\",\"dateModified\":\"2017-12-15T14:19:25+00:00\",\"description\":\"Vous \u00eates une personne physique \u00e0 la recherche d\u2019un avis fiscal ou d\u2019une optimisation successorale? R\u00e9alisez une \u00e9pargne ou un remboursement d\u2019imp\u00f4ts.\",\"breadcrumb\":{\"@id\":\"https:\/\/lauwers-law.be\/fr\/clients\/personnes-physiques\/#breadcrumb\"},\"inLanguage\":\"fr-FR\",\"potentialAction\":[{\"@type\":\"ReadAction\",\"target\":[\"https:\/\/lauwers-law.be\/fr\/clients\/personnes-physiques\/\"]}]},{\"@type\":\"BreadcrumbList\",\"@id\":\"https:\/\/lauwers-law.be\/fr\/clients\/personnes-physiques\/#breadcrumb\",\"itemListElement\":[{\"@type\":\"ListItem\",\"position\":1,\"name\":\"Accueil\",\"item\":\"https:\/\/lauwers-law.be\/fr\/\"},{\"@type\":\"ListItem\",\"position\":2,\"name\":\"Clients\",\"item\":\"https:\/\/lauwers-law.be\/clients\/?lang=fr\"},{\"@type\":\"ListItem\",\"position\":3,\"name\":\"Personnes Physiques\"}]},{\"@type\":\"WebSite\",\"@id\":\"https:\/\/lauwers-law.be\/#website\",\"url\":\"https:\/\/lauwers-law.be\/\",\"name\":\"Lauwers Law\",\"description\":\"Avocats en Droit Fiscal\",\"potentialAction\":[{\"@type\":\"SearchAction\",\"target\":{\"@type\":\"EntryPoint\",\"urlTemplate\":\"https:\/\/lauwers-law.be\/?s={search_term_string}\"},\"query-input\":\"required name=search_term_string\"}],\"inLanguage\":\"fr-FR\"}]}<\/script>\n<!-- \/ Yoast SEO plugin. -->","yoast_head_json":{"title":"Nos services fiscaux pour des personnes physiques","description":"Vous \u00eates une personne physique \u00e0 la recherche d\u2019un avis fiscal ou d\u2019une optimisation successorale? R\u00e9alisez une \u00e9pargne ou un remboursement d\u2019imp\u00f4ts.","robots":{"index":"index","follow":"follow","max-snippet":"max-snippet:-1","max-image-preview":"max-image-preview:large","max-video-preview":"max-video-preview:-1"},"canonical":"https:\/\/lauwers-law.be\/fr\/clients\/personnes-physiques\/","og_locale":"fr_FR","og_type":"article","og_title":"Nos services fiscaux pour des personnes physiques","og_description":"Vous \u00eates une personne physique \u00e0 la recherche d\u2019un avis fiscal ou d\u2019une optimisation successorale? R\u00e9alisez une \u00e9pargne ou un remboursement d\u2019imp\u00f4ts.","og_url":"https:\/\/lauwers-law.be\/fr\/clients\/personnes-physiques\/","og_site_name":"Lauwers Law","article_modified_time":"2017-12-15T14:19:25+00:00","twitter_card":"summary_large_image","twitter_site":"@lauwersthierry","twitter_misc":{"Dur\u00e9e de lecture estim\u00e9e":"3 minutes"},"schema":{"@context":"https:\/\/schema.org","@graph":[{"@type":"WebPage","@id":"https:\/\/lauwers-law.be\/fr\/clients\/personnes-physiques\/","url":"https:\/\/lauwers-law.be\/fr\/clients\/personnes-physiques\/","name":"Nos services fiscaux pour des personnes physiques","isPartOf":{"@id":"https:\/\/lauwers-law.be\/#website"},"datePublished":"2017-09-25T12:25:24+00:00","dateModified":"2017-12-15T14:19:25+00:00","description":"Vous \u00eates une personne physique \u00e0 la recherche d\u2019un avis fiscal ou d\u2019une optimisation successorale? R\u00e9alisez une \u00e9pargne ou un remboursement d\u2019imp\u00f4ts.","breadcrumb":{"@id":"https:\/\/lauwers-law.be\/fr\/clients\/personnes-physiques\/#breadcrumb"},"inLanguage":"fr-FR","potentialAction":[{"@type":"ReadAction","target":["https:\/\/lauwers-law.be\/fr\/clients\/personnes-physiques\/"]}]},{"@type":"BreadcrumbList","@id":"https:\/\/lauwers-law.be\/fr\/clients\/personnes-physiques\/#breadcrumb","itemListElement":[{"@type":"ListItem","position":1,"name":"Accueil","item":"https:\/\/lauwers-law.be\/fr\/"},{"@type":"ListItem","position":2,"name":"Clients","item":"https:\/\/lauwers-law.be\/clients\/?lang=fr"},{"@type":"ListItem","position":3,"name":"Personnes Physiques"}]},{"@type":"WebSite","@id":"https:\/\/lauwers-law.be\/#website","url":"https:\/\/lauwers-law.be\/","name":"Lauwers Law","description":"Avocats en Droit Fiscal","potentialAction":[{"@type":"SearchAction","target":{"@type":"EntryPoint","urlTemplate":"https:\/\/lauwers-law.be\/?s={search_term_string}"},"query-input":"required name=search_term_string"}],"inLanguage":"fr-FR"}]}},"_links":{"self":[{"href":"https:\/\/lauwers-law.be\/fr\/wp-json\/wp\/v2\/pages\/4259\/"}],"collection":[{"href":"https:\/\/lauwers-law.be\/fr\/wp-json\/wp\/v2\/pages\/"}],"about":[{"href":"https:\/\/lauwers-law.be\/fr\/wp-json\/wp\/v2\/types\/page\/"}],"author":[{"embeddable":true,"href":"https:\/\/lauwers-law.be\/fr\/wp-json\/wp\/v2\/users\/5\/"}],"replies":[{"embeddable":true,"href":"https:\/\/lauwers-law.be\/fr\/wp-json\/wp\/v2\/comments\/?post=4259"}],"version-history":[{"count":0,"href":"https:\/\/lauwers-law.be\/fr\/wp-json\/wp\/v2\/pages\/4259\/revisions\/"}],"up":[{"embeddable":true,"href":"https:\/\/lauwers-law.be\/fr\/wp-json\/wp\/v2\/pages\/6705\/"}],"wp:attachment":[{"href":"https:\/\/lauwers-law.be\/fr\/wp-json\/wp\/v2\/media\/?parent=4259"}],"curies":[{"name":"wp","href":"https:\/\/api.w.org\/{rel}","templated":true}]}}