{"id":5094,"date":"2017-10-09T08:26:09","date_gmt":"2017-10-09T07:26:09","guid":{"rendered":"https:\/\/www.lauwers-seutin.be\/?page_id=5094"},"modified":"2017-12-15T15:58:12","modified_gmt":"2017-12-15T14:58:12","slug":"realisations","status":"publish","type":"page","link":"https:\/\/lauwers-law.be\/fr\/realisations\/","title":{"rendered":"R\u00e9alisations"},"content":{"rendered":"[vc_row type=\u00a0\u00bbin_container\u00a0\u00bb full_screen_row_position=\u00a0\u00bbmiddle\u00a0\u00bb scene_position=\u00a0\u00bbcenter\u00a0\u00bb text_color=\u00a0\u00bbdark\u00a0\u00bb text_align=\u00a0\u00bbleft\u00a0\u00bb overlay_strength=\u00a0\u00bb0.3&Prime;][vc_column column_padding=\u00a0\u00bbno-extra-padding\u00a0\u00bb column_padding_position=\u00a0\u00bball\u00a0\u00bb background_color_opacity=\u00a0\u00bb1&Prime; background_hover_color_opacity=\u00a0\u00bb1&Prime; column_shadow=\u00a0\u00bbnone\u00a0\u00bb width=\u00a0\u00bb3\/6&Prime; tablet_text_alignment=\u00a0\u00bbdefault\u00a0\u00bb phone_text_alignment=\u00a0\u00bbdefault\u00a0\u00bb column_border_width=\u00a0\u00bbnone\u00a0\u00bb column_border_style=\u00a0\u00bbsolid\u00a0\u00bb][vc_custom_heading text=\u00a0\u00bbNOS R\u00c9ALISATIONS\u00a0\u00bb font_container=\u00a0\u00bbtag:h2|text_align:left|color:%230b3279&Prime; use_theme_fonts=\u00a0\u00bbyes\u00a0\u00bb css=\u00a0\u00bb.vc_custom_1507535190146{margin-bottom: 20px !important;}\u00a0\u00bb][vc_column_text]Le cabinet est intervenu dans des dossiers fiscaux parmi les plus complexes; ainsi, r\u00e9cemment:<\/p>\n<ul>\n<li>Nous avons optimalis\u00e9 fiscalement la transmission d\u2019entreprises familiales.<\/li>\n<li>Nous sommes intervenus dans des restructurations et fusions de plusieurs groupes multinationaux.<\/li>\n<li>Nous avons conseill\u00e9 une soci\u00e9t\u00e9 cot\u00e9e en bourse concernant les risques de requalification des revenus.<\/li>\n<li>Nous avons effectu\u00e9 une analyse du r\u00e9gime fiscal des contrats de capitalisation de la branche 26.<\/li>\n<li>Nous avons introduit une demande de ruling concernant la scission d\u2019un groupe de soci\u00e9t\u00e9s et la compensation des pertes apr\u00e8s restructuration.<\/li>\n<li>Nous avons introduit\u00a0une demande de r\u00e9gularisation des revenus non d\u00e9clar\u00e9s d\u2019origine \u00e9trang\u00e8re.<\/li>\n<\/ul>\n<p>En ce qui concerne les litiges, relevons, parmi nos interventions r\u00e9centes:<\/p>\n<ul>\n<li>Un recours en annulation aupr\u00e8s de la Cour Constitutionnelle contre la disposition anti-abus. Notre cabinet a obtenu l\u2019annulation de la r\u00e9gularisation fiscale des droits de succession et d\u2019enregistrement.<\/li>\n<li>La d\u00e9ductibilit\u00e9 des \u00ab\u00a0management fees\u00a0\u00bb entre des soci\u00e9t\u00e9s d\u2019un groupe industriel\u00a0internationale a \u00e9t\u00e9 d\u00e9fendue avec succ\u00e8s.<\/li>\n<li>Pas d\u2019exclusion de l\u2019actif net li\u00e9 \u00e0 l\u2019\u00e9tablissement stable \u00e9tranger de la base de calcul de la d\u00e9duction d\u2019int\u00e9r\u00eats notionnels dans le chef d\u2019une soci\u00e9t\u00e9 multinationale.<\/li>\n<li>Suite \u00e0 une proc\u00e9dure introduite devant le Conseil d\u2019\u00c9tat, un r\u00e8glement-taxe communal\u00a0sur l\u2019activit\u00e9 \u00e9conomique a \u00e9t\u00e9 annul\u00e9 pour violation du principe d\u2019\u00e9galit\u00e9.<\/li>\n<li>Nous avons obtenu l\u2019annulation de dizaines de taxes locales.<\/li>\n<li>Nous sommes intervenus dans des litiges concernant la visite fiscale \u00e0 domicile en mati\u00e8re de TVA et d\u2019imp\u00f4ts sur les revenus.<\/li>\n<li>Dans une affaire de TVA, nous avons obtenu l\u2019annulation d\u2019une contrainte\u00a0en raison de la prescription.<\/li>\n<\/ul>\n<p>La cabinet publie annuellement un \u00ab\u00a0<a href=\"\/fr\/livres\/?auteur_id=170\">Recueil de Jurisprudence fiscale<\/a> \u00bb reprenant les jugements et arr\u00eats les plus innovants en mati\u00e8re fiscale.[\/vc_column_text][\/vc_column][vc_column column_padding=\u00a0\u00bbno-extra-padding\u00a0\u00bb column_padding_position=\u00a0\u00bball\u00a0\u00bb background_color_opacity=\u00a0\u00bb1&Prime; background_hover_color_opacity=\u00a0\u00bb1&Prime; font_color=\u00a0\u00bb#ffffff\u00a0\u00bb column_shadow=\u00a0\u00bbnone\u00a0\u00bb width=\u00a0\u00bb1\/6&Prime; tablet_text_alignment=\u00a0\u00bbdefault\u00a0\u00bb phone_text_alignment=\u00a0\u00bbdefault\u00a0\u00bb column_border_width=\u00a0\u00bbnone\u00a0\u00bb column_border_style=\u00a0\u00bbsolid\u00a0\u00bb][\/vc_column][vc_column column_padding=\u00a0\u00bbpadding-4-percent\u00a0\u00bb column_padding_position=\u00a0\u00bball\u00a0\u00bb background_color=\u00a0\u00bb#0b3279&Prime; background_color_opacity=\u00a0\u00bb1&Prime; background_hover_color_opacity=\u00a0\u00bb1&Prime; column_shadow=\u00a0\u00bbnone\u00a0\u00bb width=\u00a0\u00bb2\/6&Prime; tablet_text_alignment=\u00a0\u00bbdefault\u00a0\u00bb phone_text_alignment=\u00a0\u00bbdefault\u00a0\u00bb column_border_width=\u00a0\u00bbnone\u00a0\u00bb column_border_style=\u00a0\u00bbsolid\u00a0\u00bb][vc_custom_heading text=\u00a0\u00bbNOS SERVICES\u00a0\u00bb font_container=\u00a0\u00bbtag:h4|text_align:left|color:%23ffffff\u00a0\u00bb use_theme_fonts=\u00a0\u00bbyes\u00a0\u00bb css=\u00a0\u00bb.vc_custom_1505487173525{margin-bottom: 20px !important;}\u00a0\u00bb][vc_column_text]\n<h6><span style=\"color: #ffffff;\">Conciliation fiscale<\/span><\/h6>\n<h6><span style=\"color: #ffffff;\">D\u00e9claration lib\u00e9ratoire unique<\/span><\/h6>\n<h6><span style=\"color: #ffffff;\">Demande de ruling<\/span><\/h6>\n<h6><span style=\"color: #ffffff;\">Douane<\/span><\/h6>\n<h6><span style=\"color: #ffffff;\">Droits d\u2019enregistrement et droits de succession<\/span><\/h6>\n<h6><span style=\"color: #ffffff;\">Droit fiscal international<\/span><\/h6>\n<h6><span style=\"color: #ffffff;\">Fiscalit\u00e9 de l\u2019immobilier<\/span><\/h6>\n<h6><span style=\"color: #ffffff;\">Fiscalit\u00e9 des produits financiers<\/span><\/h6>\n<h6><span style=\"color: #ffffff;\">L\u2019imp\u00f4t des personnes physiques<\/span><\/h6>\n<h6><span style=\"color: #ffffff;\">L\u2019imp\u00f4t des societ\u00e9s<\/span><\/h6>\n<h6><span style=\"color: #ffffff;\">Litige fiscal<\/span><\/h6>\n<h6><span style=\"color: #ffffff;\">Planifications successorales<\/span><\/h6>\n<h6><span style=\"color: #ffffff;\">R\u00e9gularisations<\/span><\/h6>\n<h6><span style=\"color: #ffffff;\">Repr\u00e9sentation devant les cours et tribunaux<\/span><\/h6>\n<h6><span style=\"color: #ffffff;\">Rulings<\/span><\/h6>\n<h6><span style=\"color: #ffffff;\">Structuration d\u2019optimalisations fiscales<\/span><\/h6>\n<h6><span style=\"color: #ffffff;\">Support et assistance<\/span><\/h6>\n<h6><span style=\"color: #ffffff;\">Taxes locales<\/span><\/h6>\n<h6><span style=\"color: #ffffff;\">Taxes r\u00e9gionales<\/span><\/h6>\n<h6><span style=\"color: #ffffff;\">TVA <\/span><\/h6>\n<h6><\/h6>\n[\/vc_column_text][\/vc_column][\/vc_row]\n","protected":false},"excerpt":{"rendered":"<p>[vc_row type=\u00a0\u00bbin_container\u00a0\u00bb full_screen_row_position=\u00a0\u00bbmiddle\u00a0\u00bb scene_position=\u00a0\u00bbcenter\u00a0\u00bb text_color=\u00a0\u00bbdark\u00a0\u00bb text_align=\u00a0\u00bbleft\u00a0\u00bb overlay_strength=\u00a0\u00bb0.3&Prime;][vc_column column_padding=\u00a0\u00bbno-extra-padding\u00a0\u00bb column_padding_position=\u00a0\u00bball\u00a0\u00bb background_color_opacity=\u00a0\u00bb1&Prime; background_hover_color_opacity=\u00a0\u00bb1&Prime; column_shadow=\u00a0\u00bbnone\u00a0\u00bb width=\u00a0\u00bb3\/6&Prime; tablet_text_alignment=\u00a0\u00bbdefault\u00a0\u00bb phone_text_alignment=\u00a0\u00bbdefault\u00a0\u00bb column_border_width=\u00a0\u00bbnone\u00a0\u00bb column_border_style=\u00a0\u00bbsolid\u00a0\u00bb][vc_custom_heading text=\u00a0\u00bbNOS R\u00c9ALISATIONS\u00a0\u00bb font_container=\u00a0\u00bbtag:h2|text_align:left|color:%230b3279&Prime; use_theme_fonts=\u00a0\u00bbyes\u00a0\u00bb css=\u00a0\u00bb.vc_custom_1507535190146{margin-bottom: 20px !important;}\u00a0\u00bb][vc_column_text]Le cabinet&#8230;<\/p>\n","protected":false},"author":5,"featured_media":0,"parent":0,"menu_order":0,"comment_status":"closed","ping_status":"closed","template":"","meta":{"content-type":"","_uf_show_specific_survey":0,"_uf_disable_surveys":false,"footnotes":""},"yoast_head":"<!-- This site is optimized with the Yoast SEO plugin v22.3 - https:\/\/yoast.com\/wordpress\/plugins\/seo\/ -->\n<title>R\u00e9alisations dans des dossiers fiscaux plus complexes<\/title>\n<meta name=\"description\" content=\"Le cabinet Lauwers est intervenu dans des dossiers fiscaux parmi les plus complexes. En savoir plus sur nos r\u00e9alisations dans l&#039;aper\u00e7u suivant.\" \/>\n<meta name=\"robots\" content=\"index, follow, max-snippet:-1, max-image-preview:large, max-video-preview:-1\" \/>\n<link rel=\"canonical\" href=\"https:\/\/lauwers-law.be\/fr\/realisations\/\" \/>\n<meta property=\"og:locale\" content=\"fr_FR\" \/>\n<meta property=\"og:type\" content=\"article\" \/>\n<meta property=\"og:title\" content=\"R\u00e9alisations dans des dossiers fiscaux plus complexes\" \/>\n<meta property=\"og:description\" content=\"Le cabinet Lauwers est intervenu dans des dossiers fiscaux parmi les plus complexes. En savoir plus sur nos r\u00e9alisations dans l&#039;aper\u00e7u suivant.\" \/>\n<meta property=\"og:url\" content=\"https:\/\/lauwers-law.be\/fr\/realisations\/\" \/>\n<meta property=\"og:site_name\" content=\"Lauwers Law\" \/>\n<meta property=\"article:modified_time\" content=\"2017-12-15T14:58:12+00:00\" \/>\n<meta name=\"twitter:card\" content=\"summary_large_image\" \/>\n<meta name=\"twitter:site\" content=\"@lauwersthierry\" \/>\n<meta name=\"twitter:label1\" content=\"Dur\u00e9e de lecture estim\u00e9e\" \/>\n\t<meta name=\"twitter:data1\" content=\"3 minutes\" \/>\n<script type=\"application\/ld+json\" class=\"yoast-schema-graph\">{\"@context\":\"https:\/\/schema.org\",\"@graph\":[{\"@type\":\"WebPage\",\"@id\":\"https:\/\/lauwers-law.be\/fr\/realisations\/\",\"url\":\"https:\/\/lauwers-law.be\/fr\/realisations\/\",\"name\":\"R\u00e9alisations dans des dossiers fiscaux plus complexes\",\"isPartOf\":{\"@id\":\"https:\/\/lauwers-law.be\/#website\"},\"datePublished\":\"2017-10-09T07:26:09+00:00\",\"dateModified\":\"2017-12-15T14:58:12+00:00\",\"description\":\"Le cabinet Lauwers est intervenu dans des dossiers fiscaux parmi les plus complexes. En savoir plus sur nos r\u00e9alisations dans l'aper\u00e7u suivant.\",\"breadcrumb\":{\"@id\":\"https:\/\/lauwers-law.be\/fr\/realisations\/#breadcrumb\"},\"inLanguage\":\"fr-FR\",\"potentialAction\":[{\"@type\":\"ReadAction\",\"target\":[\"https:\/\/lauwers-law.be\/fr\/realisations\/\"]}]},{\"@type\":\"BreadcrumbList\",\"@id\":\"https:\/\/lauwers-law.be\/fr\/realisations\/#breadcrumb\",\"itemListElement\":[{\"@type\":\"ListItem\",\"position\":1,\"name\":\"Accueil\",\"item\":\"https:\/\/lauwers-law.be\/fr\/\"},{\"@type\":\"ListItem\",\"position\":2,\"name\":\"R\u00e9alisations\"}]},{\"@type\":\"WebSite\",\"@id\":\"https:\/\/lauwers-law.be\/#website\",\"url\":\"https:\/\/lauwers-law.be\/\",\"name\":\"Lauwers Law\",\"description\":\"Avocats en Droit Fiscal\",\"potentialAction\":[{\"@type\":\"SearchAction\",\"target\":{\"@type\":\"EntryPoint\",\"urlTemplate\":\"https:\/\/lauwers-law.be\/?s={search_term_string}\"},\"query-input\":\"required name=search_term_string\"}],\"inLanguage\":\"fr-FR\"}]}<\/script>\n<!-- \/ Yoast SEO plugin. -->","yoast_head_json":{"title":"R\u00e9alisations dans des dossiers fiscaux plus complexes","description":"Le cabinet Lauwers est intervenu dans des dossiers fiscaux parmi les plus complexes. En savoir plus sur nos r\u00e9alisations dans l'aper\u00e7u suivant.","robots":{"index":"index","follow":"follow","max-snippet":"max-snippet:-1","max-image-preview":"max-image-preview:large","max-video-preview":"max-video-preview:-1"},"canonical":"https:\/\/lauwers-law.be\/fr\/realisations\/","og_locale":"fr_FR","og_type":"article","og_title":"R\u00e9alisations dans des dossiers fiscaux plus complexes","og_description":"Le cabinet Lauwers est intervenu dans des dossiers fiscaux parmi les plus complexes. En savoir plus sur nos r\u00e9alisations dans l'aper\u00e7u suivant.","og_url":"https:\/\/lauwers-law.be\/fr\/realisations\/","og_site_name":"Lauwers Law","article_modified_time":"2017-12-15T14:58:12+00:00","twitter_card":"summary_large_image","twitter_site":"@lauwersthierry","twitter_misc":{"Dur\u00e9e de lecture estim\u00e9e":"3 minutes"},"schema":{"@context":"https:\/\/schema.org","@graph":[{"@type":"WebPage","@id":"https:\/\/lauwers-law.be\/fr\/realisations\/","url":"https:\/\/lauwers-law.be\/fr\/realisations\/","name":"R\u00e9alisations dans des dossiers fiscaux plus complexes","isPartOf":{"@id":"https:\/\/lauwers-law.be\/#website"},"datePublished":"2017-10-09T07:26:09+00:00","dateModified":"2017-12-15T14:58:12+00:00","description":"Le cabinet Lauwers est intervenu dans des dossiers fiscaux parmi les plus complexes. En savoir plus sur nos r\u00e9alisations dans l'aper\u00e7u suivant.","breadcrumb":{"@id":"https:\/\/lauwers-law.be\/fr\/realisations\/#breadcrumb"},"inLanguage":"fr-FR","potentialAction":[{"@type":"ReadAction","target":["https:\/\/lauwers-law.be\/fr\/realisations\/"]}]},{"@type":"BreadcrumbList","@id":"https:\/\/lauwers-law.be\/fr\/realisations\/#breadcrumb","itemListElement":[{"@type":"ListItem","position":1,"name":"Accueil","item":"https:\/\/lauwers-law.be\/fr\/"},{"@type":"ListItem","position":2,"name":"R\u00e9alisations"}]},{"@type":"WebSite","@id":"https:\/\/lauwers-law.be\/#website","url":"https:\/\/lauwers-law.be\/","name":"Lauwers Law","description":"Avocats en Droit Fiscal","potentialAction":[{"@type":"SearchAction","target":{"@type":"EntryPoint","urlTemplate":"https:\/\/lauwers-law.be\/?s={search_term_string}"},"query-input":"required name=search_term_string"}],"inLanguage":"fr-FR"}]}},"_links":{"self":[{"href":"https:\/\/lauwers-law.be\/fr\/wp-json\/wp\/v2\/pages\/5094\/"}],"collection":[{"href":"https:\/\/lauwers-law.be\/fr\/wp-json\/wp\/v2\/pages\/"}],"about":[{"href":"https:\/\/lauwers-law.be\/fr\/wp-json\/wp\/v2\/types\/page\/"}],"author":[{"embeddable":true,"href":"https:\/\/lauwers-law.be\/fr\/wp-json\/wp\/v2\/users\/5\/"}],"replies":[{"embeddable":true,"href":"https:\/\/lauwers-law.be\/fr\/wp-json\/wp\/v2\/comments\/?post=5094"}],"version-history":[{"count":0,"href":"https:\/\/lauwers-law.be\/fr\/wp-json\/wp\/v2\/pages\/5094\/revisions\/"}],"wp:attachment":[{"href":"https:\/\/lauwers-law.be\/fr\/wp-json\/wp\/v2\/media\/?parent=5094"}],"curies":[{"name":"wp","href":"https:\/\/api.w.org\/{rel}","templated":true}]}}