{"id":5963,"date":"2018-01-03T10:02:25","date_gmt":"2018-01-03T09:02:25","guid":{"rendered":"https:\/\/www.lauwers-seutin.be\/?page_id=5963"},"modified":"2019-03-07T11:24:41","modified_gmt":"2019-03-07T10:24:41","slug":"planification-successorale","status":"publish","type":"page","link":"https:\/\/lauwers-law.be\/fr\/services\/planification-successorale\/","title":{"rendered":"Planification successorale"},"content":{"rendered":"[vc_row type=\u00a0\u00bbin_container\u00a0\u00bb full_screen_row_position=\u00a0\u00bbmiddle\u00a0\u00bb scene_position=\u00a0\u00bbcenter\u00a0\u00bb text_color=\u00a0\u00bbdark\u00a0\u00bb text_align=\u00a0\u00bbleft\u00a0\u00bb overlay_strength=\u00a0\u00bb0.3&Prime; shape_divider_position=\u00a0\u00bbbottom\u00a0\u00bb bg_image_animation=\u00a0\u00bbnone\u00a0\u00bb][vc_column column_padding=\u00a0\u00bbno-extra-padding\u00a0\u00bb column_padding_position=\u00a0\u00bball\u00a0\u00bb background_color_opacity=\u00a0\u00bb1&Prime; background_hover_color_opacity=\u00a0\u00bb1&Prime; column_link_target=\u00a0\u00bb_self\u00a0\u00bb column_shadow=\u00a0\u00bbnone\u00a0\u00bb column_border_radius=\u00a0\u00bbnone\u00a0\u00bb width=\u00a0\u00bb4\/6&Prime; tablet_width_inherit=\u00a0\u00bbdefault\u00a0\u00bb tablet_text_alignment=\u00a0\u00bbdefault\u00a0\u00bb phone_text_alignment=\u00a0\u00bbdefault\u00a0\u00bb column_border_width=\u00a0\u00bbnone\u00a0\u00bb column_border_style=\u00a0\u00bbsolid\u00a0\u00bb bg_image_animation=\u00a0\u00bbnone\u00a0\u00bb][vc_custom_heading text=\u00a0\u00bbPLANIFICATION SUCCESSORALE\u00a0\u00bb font_container=\u00a0\u00bbtag:h2|text_align:left|color:%230b3279&Prime; use_theme_fonts=\u00a0\u00bbyes\u00a0\u00bb css=\u00a0\u00bb.vc_custom_1514996272696{margin-bottom: 20px !important;}\u00a0\u00bb][vc_row_inner column_margin=\u00a0\u00bbdefault\u00a0\u00bb text_align=\u00a0\u00bbleft\u00a0\u00bb][vc_column_inner column_padding=\u00a0\u00bbno-extra-padding\u00a0\u00bb column_padding_position=\u00a0\u00bball\u00a0\u00bb background_color_opacity=\u00a0\u00bb1&Prime; background_hover_color_opacity=\u00a0\u00bb1&Prime; column_shadow=\u00a0\u00bbnone\u00a0\u00bb column_border_radius=\u00a0\u00bbnone\u00a0\u00bb column_link_target=\u00a0\u00bb_self\u00a0\u00bb width=\u00a0\u00bb2\/3&Prime; tablet_width_inherit=\u00a0\u00bbdefault\u00a0\u00bb column_border_width=\u00a0\u00bbnone\u00a0\u00bb column_border_style=\u00a0\u00bbsolid\u00a0\u00bb bg_image_animation=\u00a0\u00bbnone\u00a0\u00bb][vc_column_text]Lors de la transmission de vos biens \u00e0 la g\u00e9n\u00e9ration suivante, vos h\u00e9ritiers seront confront\u00e9s aux droits de succession. Selon la r\u00e9gion o\u00f9 vous vivez, le montant de votre succession et le degr\u00e9 de parent\u00e9 avec vos h\u00e9ritiers, les taux applicables peuvent \u00eatre \u00e9normes. Pour \u00e9viter un pr\u00e9l\u00e8vement massif, une planification successorale est n\u00e9cessaire.<\/p>\n<p>Lauwers Avocats en droit fiscal vous accompagne pour :<\/p>\n<ul>\n<li>vous conseiller sur les possibilit\u00e9s de restructuration de vos actifs\u00a0;<\/li>\n<li>optimiser fiscalement la transmission de vos biens\u00a0;<\/li>\n<li>le traitement des litiges concernant la planification successorale.<\/li>\n<\/ul>\n[\/vc_column_text][\/vc_column_inner][vc_column_inner column_padding=\u00a0\u00bbpadding-2-percent\u00a0\u00bb column_padding_position=\u00a0\u00bball\u00a0\u00bb centered_text=\u00a0\u00bbtrue\u00a0\u00bb background_color_opacity=\u00a0\u00bb1&Prime; background_hover_color_opacity=\u00a0\u00bb1&Prime; column_shadow=\u00a0\u00bbnone\u00a0\u00bb column_border_radius=\u00a0\u00bbnone\u00a0\u00bb column_link_target=\u00a0\u00bb_self\u00a0\u00bb width=\u00a0\u00bb1\/3&Prime; tablet_width_inherit=\u00a0\u00bbdefault\u00a0\u00bb column_border_width=\u00a0\u00bbnone\u00a0\u00bb column_border_style=\u00a0\u00bbsolid\u00a0\u00bb bg_image_animation=\u00a0\u00bbnone\u00a0\u00bb][image_with_animation image_url=\u00a0\u00bb9455&Prime; alignment=\u00a0\u00bbright\u00a0\u00bb animation=\u00a0\u00bbFade In\u00a0\u00bb border_radius=\u00a0\u00bbnone\u00a0\u00bb box_shadow=\u00a0\u00bbnone\u00a0\u00bb max_width=\u00a0\u00bb100%\u00a0\u00bb][nectar_btn size=\u00a0\u00bbmedium\u00a0\u00bb button_style=\u00a0\u00bbregular\u00a0\u00bb button_color_2=\u00a0\u00bbAccent-Color\u00a0\u00bb icon_family=\u00a0\u00bbnone\u00a0\u00bb url=\u00a0\u00bb\/fr\/contact\/\u00a0\u00bb text=\u00a0\u00bbCONTACTEZ-NOUS\u00a0\u00bb margin_top=\u00a0\u00bb25&Prime;][\/vc_column_inner][\/vc_row_inner][\/vc_column][vc_column column_padding=\u00a0\u00bbpadding-4-percent\u00a0\u00bb column_padding_position=\u00a0\u00bball\u00a0\u00bb background_color=\u00a0\u00bb#0b3279&Prime; background_color_opacity=\u00a0\u00bb1&Prime; background_hover_color_opacity=\u00a0\u00bb1&Prime; column_link_target=\u00a0\u00bb_self\u00a0\u00bb column_shadow=\u00a0\u00bbnone\u00a0\u00bb column_border_radius=\u00a0\u00bbnone\u00a0\u00bb width=\u00a0\u00bb2\/6&Prime; tablet_width_inherit=\u00a0\u00bbdefault\u00a0\u00bb tablet_text_alignment=\u00a0\u00bbdefault\u00a0\u00bb phone_text_alignment=\u00a0\u00bbdefault\u00a0\u00bb column_border_width=\u00a0\u00bbnone\u00a0\u00bb column_border_style=\u00a0\u00bbsolid\u00a0\u00bb bg_image_animation=\u00a0\u00bbnone\u00a0\u00bb][vc_custom_heading text=\u00a0\u00bbNOS SERVICES\u00a0\u00bb font_container=\u00a0\u00bbtag:h4|text_align:left|color:%23ffffff\u00a0\u00bb use_theme_fonts=\u00a0\u00bbyes\u00a0\u00bb css=\u00a0\u00bb.vc_custom_1505487173525{margin-bottom: 20px !important;}\u00a0\u00bb][vc_column_text]\n<h6><a href=\"https:\/\/lauwers-law.be\/fr\/services\/audit-fiscal-sur-mesure\/\"><span style=\"color: #ffffff;\">Audit fiscal sur mesure <i class=\"icon-tiny fa fa-chevron-right extra-color-3\"><\/i><\/span><\/a><\/h6>\n<h6><a href=\"https:\/\/lauwers-law.be\/fr\/services\/avis-fiscal-sur-mesure\/\"><span style=\"color: #ffffff;\">Avis fiscal sur mesure <i class=\"icon-tiny fa fa-chevron-right extra-color-3\"><\/i><\/span><\/a><\/h6>\n<h6><a href=\"https:\/\/lauwers-law.be\/fr\/services\/conciliation-avec-ladministration-fiscale\/\"><span style=\"color: #ffffff;\">Conciliation avec l&rsquo;administration fiscale <i class=\"icon-tiny fa fa-chevron-right extra-color-3\"><\/i><\/span><\/a><\/h6>\n<h6><a href=\"https:\/\/lauwers-law.be\/fr\/services\/jurisprudence-fiscale\/\"><span style=\"color: #ffffff;\">Jurisprudence fiscale <i class=\"icon-tiny fa fa-chevron-right extra-color-3\"><\/i><\/span><\/a><\/h6>\n<h6><a href=\"https:\/\/lauwers-law.be\/fr\/expertise\/mise-en-place-optimisation-fiscale\/\"><span style=\"color: #ffffff;\">Mise en place d\u2019une optimisation fiscale <i class=\"icon-tiny fa fa-chevron-right extra-color-3\"><\/i><\/span><\/a><\/h6>\n<h6><a href=\"https:\/\/lauwers-law.be\/fr\/expertise\/planification-successorale\/\"><span style=\"color: #ffffff;\">Planification successorale <i class=\"icon-tiny fa fa-chevron-right extra-color-3\"><\/i><\/span><\/a><\/h6>\n<h6><a href=\"https:\/\/lauwers-law.be\/fr\/services\/visite-domiciliaire-en-matiere-fiscale\/\"><span style=\"color: #ffffff;\">Visite domiciliaire en mati\u00e8re fiscale <i class=\"icon-tiny fa fa-chevron-right extra-color-3\"><\/i><\/span><\/a><\/h6>\n[\/vc_column_text][\/vc_column][\/vc_row][vc_row type=\u00a0\u00bbfull_width_background\u00a0\u00bb full_screen_row_position=\u00a0\u00bbmiddle\u00a0\u00bb bg_color=\u00a0\u00bb#ffffff\u00a0\u00bb scene_position=\u00a0\u00bbcenter\u00a0\u00bb text_color=\u00a0\u00bbdark\u00a0\u00bb text_align=\u00a0\u00bbcenter\u00a0\u00bb top_padding=\u00a0\u00bb7%\u00a0\u00bb bottom_padding=\u00a0\u00bb7%\u00a0\u00bb overlay_strength=\u00a0\u00bb0.3&Prime; shape_divider_position=\u00a0\u00bbbottom\u00a0\u00bb bg_image_animation=\u00a0\u00bbnone\u00a0\u00bb shape_type=\u00a0\u00bb\u00a0\u00bb][vc_column centered_text=\u00a0\u00bbtrue\u00a0\u00bb column_padding=\u00a0\u00bbno-extra-padding\u00a0\u00bb column_padding_position=\u00a0\u00bbleft\u00a0\u00bb background_color_opacity=\u00a0\u00bb1&Prime; background_hover_color_opacity=\u00a0\u00bb1&Prime; column_link_target=\u00a0\u00bb_self\u00a0\u00bb column_shadow=\u00a0\u00bbnone\u00a0\u00bb column_border_radius=\u00a0\u00bbnone\u00a0\u00bb width=\u00a0\u00bb1\/4&Prime; tablet_width_inherit=\u00a0\u00bbdefault\u00a0\u00bb tablet_text_alignment=\u00a0\u00bbdefault\u00a0\u00bb phone_text_alignment=\u00a0\u00bbdefault\u00a0\u00bb column_border_width=\u00a0\u00bbnone\u00a0\u00bb column_border_style=\u00a0\u00bbsolid\u00a0\u00bb bg_image_animation=\u00a0\u00bbnone\u00a0\u00bb][nectar_icon icon_family=\u00a0\u00bbiconsmind\u00a0\u00bb icon_style=\u00a0\u00bbdefault\u00a0\u00bb icon_color=\u00a0\u00bbAccent-Color\u00a0\u00bb icon_padding=\u00a0\u00bb0px\u00a0\u00bb icon_iconsmind=\u00a0\u00bbiconsmind-Books-2&Prime; margin_bottom=\u00a0\u00bb30&Prime; icon_size=\u00a0\u00bb60&Prime;][vc_column_text max_width=\u00a0\u00bb315&Prime;]\n<h6 style=\"text-align: center;\">COMP\u00c9TANCES APPROFONDIES<\/h6>\n<p style=\"color: #aaaaaa; text-align: center;\">Nous sommes un Cabinet de niche dot\u00e9 de comp\u00e9tences approfondies en droit fiscal: aussi bien le conseil fiscal que le contentieux.<\/p>\n[\/vc_column_text][\/vc_column][vc_column centered_text=\u00a0\u00bbtrue\u00a0\u00bb column_padding=\u00a0\u00bbno-extra-padding\u00a0\u00bb column_padding_position=\u00a0\u00bball\u00a0\u00bb background_color_opacity=\u00a0\u00bb1&Prime; background_hover_color_opacity=\u00a0\u00bb1&Prime; column_link_target=\u00a0\u00bb_self\u00a0\u00bb column_shadow=\u00a0\u00bbnone\u00a0\u00bb column_border_radius=\u00a0\u00bbnone\u00a0\u00bb width=\u00a0\u00bb1\/4&Prime; tablet_width_inherit=\u00a0\u00bbdefault\u00a0\u00bb tablet_text_alignment=\u00a0\u00bbdefault\u00a0\u00bb phone_text_alignment=\u00a0\u00bbdefault\u00a0\u00bb column_border_width=\u00a0\u00bbnone\u00a0\u00bb column_border_style=\u00a0\u00bbsolid\u00a0\u00bb bg_image_animation=\u00a0\u00bbnone\u00a0\u00bb][nectar_icon icon_family=\u00a0\u00bbiconsmind\u00a0\u00bb icon_style=\u00a0\u00bbdefault\u00a0\u00bb icon_color=\u00a0\u00bbAccent-Color\u00a0\u00bb icon_padding=\u00a0\u00bb0px\u00a0\u00bb icon_iconsmind=\u00a0\u00bbiconsmind-Gears-2&Prime; margin_bottom=\u00a0\u00bb30&Prime; icon_size=\u00a0\u00bb60&Prime;][vc_column_text max_width=\u00a0\u00bb315&Prime;]\n<h6 style=\"text-align: center;\">COMPL\u00c9MENTAIRE<\/h6>\n<p style=\"color: #aaaaaa; text-align: center;\">Nous alignons notre service sur vos connaissances internes ou celles de vos conseillers.<\/p>\n[\/vc_column_text][\/vc_column][vc_column centered_text=\u00a0\u00bbtrue\u00a0\u00bb column_padding=\u00a0\u00bbno-extra-padding\u00a0\u00bb column_padding_position=\u00a0\u00bball\u00a0\u00bb background_color_opacity=\u00a0\u00bb1&Prime; background_hover_color_opacity=\u00a0\u00bb1&Prime; column_link_target=\u00a0\u00bb_self\u00a0\u00bb column_shadow=\u00a0\u00bbnone\u00a0\u00bb column_border_radius=\u00a0\u00bbnone\u00a0\u00bb width=\u00a0\u00bb1\/4&Prime; tablet_width_inherit=\u00a0\u00bbdefault\u00a0\u00bb tablet_text_alignment=\u00a0\u00bbdefault\u00a0\u00bb phone_text_alignment=\u00a0\u00bbdefault\u00a0\u00bb column_border_width=\u00a0\u00bbnone\u00a0\u00bb column_border_style=\u00a0\u00bbsolid\u00a0\u00bb bg_image_animation=\u00a0\u00bbnone\u00a0\u00bb][nectar_icon icon_family=\u00a0\u00bbiconsmind\u00a0\u00bb icon_style=\u00a0\u00bbdefault\u00a0\u00bb icon_color=\u00a0\u00bbAccent-Color\u00a0\u00bb icon_padding=\u00a0\u00bb0px\u00a0\u00bb icon_iconsmind=\u00a0\u00bbiconsmind-Map2&Prime; margin_bottom=\u00a0\u00bb30&Prime; icon_size=\u00a0\u00bb60&Prime;][vc_column_text max_width=\u00a0\u00bb315&Prime;]\n<h6 style=\"text-align: center;\">DANS LES 3 R\u00c9GIONS<\/h6>\n<p style=\"color: #aaaaaa; text-align: center;\">Nous sommes actifs dans les 3 R\u00e9gions du pays (Flandre, Bruxelles et Wallonie) o\u00f9 nous disposons de bureaux.<\/p>\n[\/vc_column_text][\/vc_column][vc_column centered_text=\u00a0\u00bbtrue\u00a0\u00bb column_padding=\u00a0\u00bbno-extra-padding\u00a0\u00bb column_padding_position=\u00a0\u00bball\u00a0\u00bb background_color_opacity=\u00a0\u00bb1&Prime; background_hover_color_opacity=\u00a0\u00bb1&Prime; column_link_target=\u00a0\u00bb_self\u00a0\u00bb column_shadow=\u00a0\u00bbnone\u00a0\u00bb column_border_radius=\u00a0\u00bbnone\u00a0\u00bb width=\u00a0\u00bb1\/4&Prime; tablet_width_inherit=\u00a0\u00bbdefault\u00a0\u00bb tablet_text_alignment=\u00a0\u00bbdefault\u00a0\u00bb phone_text_alignment=\u00a0\u00bbdefault\u00a0\u00bb column_border_width=\u00a0\u00bbnone\u00a0\u00bb column_border_style=\u00a0\u00bbsolid\u00a0\u00bb bg_image_animation=\u00a0\u00bbnone\u00a0\u00bb][nectar_icon icon_family=\u00a0\u00bbiconsmind\u00a0\u00bb icon_style=\u00a0\u00bbdefault\u00a0\u00bb icon_color=\u00a0\u00bbAccent-Color\u00a0\u00bb icon_padding=\u00a0\u00bb0px\u00a0\u00bb icon_iconsmind=\u00a0\u00bbiconsmind-Mens\u00a0\u00bb margin_bottom=\u00a0\u00bb30&Prime; icon_size=\u00a0\u00bb60&Prime;][vc_column_text max_width=\u00a0\u00bb315&Prime;]\n<h6 style=\"text-align: center;\">NOTRE APPROCHE<\/h6>\n<p style=\"color: #aaaaaa; text-align: center;\">Notre approche est personnelle, discr\u00e8te et ax\u00e9e sur le r\u00e9sultat.<\/p>\n[\/vc_column_text][\/vc_column][\/vc_row]\n","protected":false},"excerpt":{"rendered":"<p>[vc_row type=\u00a0\u00bbin_container\u00a0\u00bb full_screen_row_position=\u00a0\u00bbmiddle\u00a0\u00bb scene_position=\u00a0\u00bbcenter\u00a0\u00bb text_color=\u00a0\u00bbdark\u00a0\u00bb text_align=\u00a0\u00bbleft\u00a0\u00bb overlay_strength=\u00a0\u00bb0.3&Prime; shape_divider_position=\u00a0\u00bbbottom\u00a0\u00bb bg_image_animation=\u00a0\u00bbnone\u00a0\u00bb][vc_column column_padding=\u00a0\u00bbno-extra-padding\u00a0\u00bb column_padding_position=\u00a0\u00bball\u00a0\u00bb background_color_opacity=\u00a0\u00bb1&Prime; background_hover_color_opacity=\u00a0\u00bb1&Prime; column_link_target=\u00a0\u00bb_self\u00a0\u00bb column_shadow=\u00a0\u00bbnone\u00a0\u00bb column_border_radius=\u00a0\u00bbnone\u00a0\u00bb width=\u00a0\u00bb4\/6&Prime; tablet_width_inherit=\u00a0\u00bbdefault\u00a0\u00bb tablet_text_alignment=\u00a0\u00bbdefault\u00a0\u00bb phone_text_alignment=\u00a0\u00bbdefault\u00a0\u00bb column_border_width=\u00a0\u00bbnone\u00a0\u00bb column_border_style=\u00a0\u00bbsolid\u00a0\u00bb bg_image_animation=\u00a0\u00bbnone\u00a0\u00bb][vc_custom_heading text=\u00a0\u00bbPLANIFICATION SUCCESSORALE\u00a0\u00bb&#8230;<\/p>\n","protected":false},"author":7,"featured_media":0,"parent":3894,"menu_order":0,"comment_status":"closed","ping_status":"closed","template":"","meta":{"content-type":"","_uf_show_specific_survey":0,"_uf_disable_surveys":false,"footnotes":""},"yoast_head":"<!-- This site is optimized with the Yoast SEO plugin v22.3 - https:\/\/yoast.com\/wordpress\/plugins\/seo\/ -->\n<title>Planification successorale | Lauwers Avocats en droit fiscal<\/title>\n<meta name=\"description\" content=\"Lors de la transmission de vos biens \u00e0 la g\u00e9n\u00e9ration suivante, vos h\u00e9ritiers seront confront\u00e9s aux droits de succession. Pour \u00e9viter un pr\u00e9l\u00e8vement massif, une planification successorale est n\u00e9cessaire. Lauwers Avocats en droit fiscal vous conseille sur les possibilit\u00e9s de restructuration de vos actifs.\" \/>\n<meta name=\"robots\" content=\"index, follow, max-snippet:-1, max-image-preview:large, max-video-preview:-1\" \/>\n<link rel=\"canonical\" href=\"https:\/\/lauwers-law.be\/fr\/services\/planification-successorale\/?lang=fr\" \/>\n<meta property=\"og:locale\" content=\"fr_FR\" \/>\n<meta property=\"og:type\" content=\"article\" \/>\n<meta property=\"og:title\" content=\"Planification successorale | Lauwers Avocats en droit fiscal\" \/>\n<meta property=\"og:description\" content=\"Lors de la transmission de vos biens \u00e0 la g\u00e9n\u00e9ration suivante, vos h\u00e9ritiers seront confront\u00e9s aux droits de succession. Pour \u00e9viter un pr\u00e9l\u00e8vement massif, une planification successorale est n\u00e9cessaire. Lauwers Avocats en droit fiscal vous conseille sur les possibilit\u00e9s de restructuration de vos actifs.\" \/>\n<meta property=\"og:url\" content=\"https:\/\/lauwers-law.be\/services\/planification-successorale\/?lang=fr\" \/>\n<meta property=\"og:site_name\" content=\"Lauwers Law\" \/>\n<meta property=\"article:modified_time\" content=\"2019-03-07T10:24:41+00:00\" \/>\n<meta name=\"twitter:card\" content=\"summary_large_image\" \/>\n<meta name=\"twitter:site\" content=\"@lauwersthierry\" \/>\n<meta name=\"twitter:label1\" content=\"Dur\u00e9e de lecture estim\u00e9e\" \/>\n\t<meta name=\"twitter:data1\" content=\"5 minutes\" \/>\n<script type=\"application\/ld+json\" class=\"yoast-schema-graph\">{\"@context\":\"https:\/\/schema.org\",\"@graph\":[{\"@type\":\"WebPage\",\"@id\":\"https:\/\/lauwers-law.be\/services\/planification-successorale\/?lang=fr\",\"url\":\"https:\/\/lauwers-law.be\/services\/planification-successorale\/?lang=fr\",\"name\":\"Planification successorale | Lauwers Avocats en droit fiscal\",\"isPartOf\":{\"@id\":\"https:\/\/lauwers-law.be\/#website\"},\"datePublished\":\"2018-01-03T09:02:25+00:00\",\"dateModified\":\"2019-03-07T10:24:41+00:00\",\"description\":\"Lors de la transmission de vos biens \u00e0 la g\u00e9n\u00e9ration suivante, vos h\u00e9ritiers seront confront\u00e9s aux droits de succession. Pour \u00e9viter un pr\u00e9l\u00e8vement massif, une planification successorale est n\u00e9cessaire. Lauwers Avocats en droit fiscal vous conseille sur les possibilit\u00e9s de restructuration de vos actifs.\",\"breadcrumb\":{\"@id\":\"https:\/\/lauwers-law.be\/services\/planification-successorale\/?lang=fr#breadcrumb\"},\"inLanguage\":\"fr-FR\",\"potentialAction\":[{\"@type\":\"ReadAction\",\"target\":[\"https:\/\/lauwers-law.be\/services\/planification-successorale\/?lang=fr\"]}]},{\"@type\":\"BreadcrumbList\",\"@id\":\"https:\/\/lauwers-law.be\/services\/planification-successorale\/?lang=fr#breadcrumb\",\"itemListElement\":[{\"@type\":\"ListItem\",\"position\":1,\"name\":\"Accueil\",\"item\":\"https:\/\/lauwers-law.be\/fr\/\"},{\"@type\":\"ListItem\",\"position\":2,\"name\":\"Services\",\"item\":\"https:\/\/lauwers-law.be\/services\/?lang=fr\"},{\"@type\":\"ListItem\",\"position\":3,\"name\":\"Planification successorale\"}]},{\"@type\":\"WebSite\",\"@id\":\"https:\/\/lauwers-law.be\/#website\",\"url\":\"https:\/\/lauwers-law.be\/\",\"name\":\"Lauwers Law\",\"description\":\"Avocats en Droit Fiscal\",\"potentialAction\":[{\"@type\":\"SearchAction\",\"target\":{\"@type\":\"EntryPoint\",\"urlTemplate\":\"https:\/\/lauwers-law.be\/?s={search_term_string}\"},\"query-input\":\"required name=search_term_string\"}],\"inLanguage\":\"fr-FR\"}]}<\/script>\n<!-- \/ Yoast SEO plugin. -->","yoast_head_json":{"title":"Planification successorale | Lauwers Avocats en droit fiscal","description":"Lors de la transmission de vos biens \u00e0 la g\u00e9n\u00e9ration suivante, vos h\u00e9ritiers seront confront\u00e9s aux droits de succession. Pour \u00e9viter un pr\u00e9l\u00e8vement massif, une planification successorale est n\u00e9cessaire. Lauwers Avocats en droit fiscal vous conseille sur les possibilit\u00e9s de restructuration de vos actifs.","robots":{"index":"index","follow":"follow","max-snippet":"max-snippet:-1","max-image-preview":"max-image-preview:large","max-video-preview":"max-video-preview:-1"},"canonical":"https:\/\/lauwers-law.be\/fr\/services\/planification-successorale\/?lang=fr","og_locale":"fr_FR","og_type":"article","og_title":"Planification successorale | Lauwers Avocats en droit fiscal","og_description":"Lors de la transmission de vos biens \u00e0 la g\u00e9n\u00e9ration suivante, vos h\u00e9ritiers seront confront\u00e9s aux droits de succession. Pour \u00e9viter un pr\u00e9l\u00e8vement massif, une planification successorale est n\u00e9cessaire. Lauwers Avocats en droit fiscal vous conseille sur les possibilit\u00e9s de restructuration de vos actifs.","og_url":"https:\/\/lauwers-law.be\/services\/planification-successorale\/?lang=fr","og_site_name":"Lauwers Law","article_modified_time":"2019-03-07T10:24:41+00:00","twitter_card":"summary_large_image","twitter_site":"@lauwersthierry","twitter_misc":{"Dur\u00e9e de lecture estim\u00e9e":"5 minutes"},"schema":{"@context":"https:\/\/schema.org","@graph":[{"@type":"WebPage","@id":"https:\/\/lauwers-law.be\/services\/planification-successorale\/?lang=fr","url":"https:\/\/lauwers-law.be\/services\/planification-successorale\/?lang=fr","name":"Planification successorale | Lauwers Avocats en droit fiscal","isPartOf":{"@id":"https:\/\/lauwers-law.be\/#website"},"datePublished":"2018-01-03T09:02:25+00:00","dateModified":"2019-03-07T10:24:41+00:00","description":"Lors de la transmission de vos biens \u00e0 la g\u00e9n\u00e9ration suivante, vos h\u00e9ritiers seront confront\u00e9s aux droits de succession. Pour \u00e9viter un pr\u00e9l\u00e8vement massif, une planification successorale est n\u00e9cessaire. Lauwers Avocats en droit fiscal vous conseille sur les possibilit\u00e9s de restructuration de vos actifs.","breadcrumb":{"@id":"https:\/\/lauwers-law.be\/services\/planification-successorale\/?lang=fr#breadcrumb"},"inLanguage":"fr-FR","potentialAction":[{"@type":"ReadAction","target":["https:\/\/lauwers-law.be\/services\/planification-successorale\/?lang=fr"]}]},{"@type":"BreadcrumbList","@id":"https:\/\/lauwers-law.be\/services\/planification-successorale\/?lang=fr#breadcrumb","itemListElement":[{"@type":"ListItem","position":1,"name":"Accueil","item":"https:\/\/lauwers-law.be\/fr\/"},{"@type":"ListItem","position":2,"name":"Services","item":"https:\/\/lauwers-law.be\/services\/?lang=fr"},{"@type":"ListItem","position":3,"name":"Planification successorale"}]},{"@type":"WebSite","@id":"https:\/\/lauwers-law.be\/#website","url":"https:\/\/lauwers-law.be\/","name":"Lauwers Law","description":"Avocats en Droit Fiscal","potentialAction":[{"@type":"SearchAction","target":{"@type":"EntryPoint","urlTemplate":"https:\/\/lauwers-law.be\/?s={search_term_string}"},"query-input":"required name=search_term_string"}],"inLanguage":"fr-FR"}]}},"_links":{"self":[{"href":"https:\/\/lauwers-law.be\/fr\/wp-json\/wp\/v2\/pages\/5963\/"}],"collection":[{"href":"https:\/\/lauwers-law.be\/fr\/wp-json\/wp\/v2\/pages\/"}],"about":[{"href":"https:\/\/lauwers-law.be\/fr\/wp-json\/wp\/v2\/types\/page\/"}],"author":[{"embeddable":true,"href":"https:\/\/lauwers-law.be\/fr\/wp-json\/wp\/v2\/users\/7\/"}],"replies":[{"embeddable":true,"href":"https:\/\/lauwers-law.be\/fr\/wp-json\/wp\/v2\/comments\/?post=5963"}],"version-history":[{"count":0,"href":"https:\/\/lauwers-law.be\/fr\/wp-json\/wp\/v2\/pages\/5963\/revisions\/"}],"up":[{"embeddable":true,"href":"https:\/\/lauwers-law.be\/fr\/wp-json\/wp\/v2\/pages\/3894\/"}],"wp:attachment":[{"href":"https:\/\/lauwers-law.be\/fr\/wp-json\/wp\/v2\/media\/?parent=5963"}],"curies":[{"name":"wp","href":"https:\/\/api.w.org\/{rel}","templated":true}]}}