{"id":6145,"date":"2018-01-05T13:33:42","date_gmt":"2018-01-05T12:33:42","guid":{"rendered":"https:\/\/www.lauwers-seutin.be\/?page_id=6145"},"modified":"2018-09-25T13:55:45","modified_gmt":"2018-09-25T12:55:45","slug":"tva","status":"publish","type":"page","link":"https:\/\/lauwers-law.be\/fr\/services\/tva\/","title":{"rendered":"TVA"},"content":{"rendered":"[vc_row type=\u00a0\u00bbin_container\u00a0\u00bb full_screen_row_position=\u00a0\u00bbmiddle\u00a0\u00bb scene_position=\u00a0\u00bbcenter\u00a0\u00bb text_color=\u00a0\u00bbdark\u00a0\u00bb text_align=\u00a0\u00bbleft\u00a0\u00bb bottom_padding=\u00a0\u00bb3%\u00a0\u00bb overlay_strength=\u00a0\u00bb0.3&Prime; shape_divider_position=\u00a0\u00bbbottom\u00a0\u00bb shape_type=\u00a0\u00bb\u00a0\u00bb][vc_column column_padding=\u00a0\u00bbno-extra-padding\u00a0\u00bb column_padding_position=\u00a0\u00bball\u00a0\u00bb background_color_opacity=\u00a0\u00bb1&Prime; background_hover_color_opacity=\u00a0\u00bb1&Prime; column_link_target=\u00a0\u00bb_self\u00a0\u00bb column_shadow=\u00a0\u00bbnone\u00a0\u00bb column_border_radius=\u00a0\u00bbnone\u00a0\u00bb width=\u00a0\u00bb4\/6&Prime; tablet_width_inherit=\u00a0\u00bbdefault\u00a0\u00bb tablet_text_alignment=\u00a0\u00bbdefault\u00a0\u00bb phone_text_alignment=\u00a0\u00bbdefault\u00a0\u00bb column_border_width=\u00a0\u00bbnone\u00a0\u00bb column_border_style=\u00a0\u00bbsolid\u00a0\u00bb][vc_custom_heading text=\u00a0\u00bbTVA\u00a0\u00bb font_container=\u00a0\u00bbtag:h2|text_align:left|color:%230b3279&Prime; use_theme_fonts=\u00a0\u00bbyes\u00a0\u00bb css=\u00a0\u00bb.vc_custom_1515155693632{margin-bottom: 20px !important;}\u00a0\u00bb][vc_row_inner column_margin=\u00a0\u00bbdefault\u00a0\u00bb text_align=\u00a0\u00bbleft\u00a0\u00bb][vc_column_inner column_padding=\u00a0\u00bbno-extra-padding\u00a0\u00bb column_padding_position=\u00a0\u00bball\u00a0\u00bb background_color_opacity=\u00a0\u00bb1&Prime; background_hover_color_opacity=\u00a0\u00bb1&Prime; column_shadow=\u00a0\u00bbnone\u00a0\u00bb column_border_radius=\u00a0\u00bbnone\u00a0\u00bb column_link_target=\u00a0\u00bb_self\u00a0\u00bb width=\u00a0\u00bb2\/3&Prime; tablet_width_inherit=\u00a0\u00bbdefault\u00a0\u00bb column_border_width=\u00a0\u00bbnone\u00a0\u00bb column_border_style=\u00a0\u00bbsolid\u00a0\u00bb][vc_column_text]La TVA ou taxe sur la valeur ajout\u00e9e est une taxe indirecte sur la fourniture de biens et de services. C&rsquo;est l&rsquo;une des principales sources de revenus de l&rsquo;\u00c9tat belge.<\/p>\n<p>Presque tous les entrepreneurs sont confront\u00e9s aux obligations l\u00e9gales en mati\u00e8re de TVA. Il s\u2019agit de formalit\u00e9s sp\u00e9cifiques, dont la non-conformit\u00e9 peut donner lieu \u00e0 de lourds redressements et amendes. En outre, la l\u00e9gislation sur la TVA est une mati\u00e8re particuli\u00e8rement vaste o\u00f9 les directives europ\u00e9ennes constituent la base par rapport \u00e0 laquelle la l\u00e9gislation nationale des \u00c9tats membres doit se conformer.<\/p>\n<p>Lauwers Avocats en droit fiscal vous accompagne pour:<\/p>\n<ul>\n<li>vous donner des conseils sur vos droits, devoirs et obligations en mati\u00e8re de TVA;<\/li>\n<li>la n\u00e9gociation de rulings et de d\u00e9cisions individuelles avec le service des d\u00e9cisions anticip\u00e9es et les diff\u00e9rentes administrations de la TVA;<\/li>\n<li>vous assister lors d\u2019un contr\u00f4le fiscal;<\/li>\n<li>mener des proc\u00e9dures administratives et judiciaires en mati\u00e8re de TVA.<\/li>\n<\/ul>\n[\/vc_column_text][divider line_type=\u00a0\u00bbNo Line\u00a0\u00bb custom_height=\u00a0\u00bb40&Prime;][nectar_btn size=\u00a0\u00bbsmall\u00a0\u00bb button_style=\u00a0\u00bbregular\u00a0\u00bb button_color_2=\u00a0\u00bbAccent-Color\u00a0\u00bb icon_family=\u00a0\u00bbnone\u00a0\u00bb url=\u00a0\u00bb\/fr\/contact\/\u00a0\u00bb text=\u00a0\u00bbPRENDRE RENDEZ-VOUS\u00a0\u00bb][\/vc_column_inner][vc_column_inner column_padding=\u00a0\u00bbpadding-2-percent\u00a0\u00bb column_padding_position=\u00a0\u00bball\u00a0\u00bb background_color_opacity=\u00a0\u00bb1&Prime; background_hover_color_opacity=\u00a0\u00bb1&Prime; column_shadow=\u00a0\u00bbnone\u00a0\u00bb column_border_radius=\u00a0\u00bbnone\u00a0\u00bb column_link_target=\u00a0\u00bb_self\u00a0\u00bb width=\u00a0\u00bb1\/3&Prime; tablet_width_inherit=\u00a0\u00bbdefault\u00a0\u00bb column_border_width=\u00a0\u00bbnone\u00a0\u00bb column_border_style=\u00a0\u00bbsolid\u00a0\u00bb][image_with_animation image_url=\u00a0\u00bb5307&Prime; alignment=\u00a0\u00bbright\u00a0\u00bb animation=\u00a0\u00bbFade In\u00a0\u00bb border_radius=\u00a0\u00bbnone\u00a0\u00bb box_shadow=\u00a0\u00bbnone\u00a0\u00bb max_width=\u00a0\u00bb100%\u00a0\u00bb][\/vc_column_inner][\/vc_row_inner][\/vc_column][vc_column column_padding=\u00a0\u00bbpadding-4-percent\u00a0\u00bb column_padding_position=\u00a0\u00bball\u00a0\u00bb background_color=\u00a0\u00bb#0b3279&Prime; background_color_opacity=\u00a0\u00bb1&Prime; background_hover_color_opacity=\u00a0\u00bb1&Prime; column_link_target=\u00a0\u00bb_self\u00a0\u00bb column_shadow=\u00a0\u00bbnone\u00a0\u00bb column_border_radius=\u00a0\u00bbnone\u00a0\u00bb width=\u00a0\u00bb2\/6&Prime; tablet_width_inherit=\u00a0\u00bbdefault\u00a0\u00bb tablet_text_alignment=\u00a0\u00bbdefault\u00a0\u00bb phone_text_alignment=\u00a0\u00bbdefault\u00a0\u00bb column_border_width=\u00a0\u00bbnone\u00a0\u00bb column_border_style=\u00a0\u00bbsolid\u00a0\u00bb][vc_custom_heading text=\u00a0\u00bbNOS EXPERTISES\u00a0\u00bb font_container=\u00a0\u00bbtag:h4|text_align:left|color:%23ffffff\u00a0\u00bb use_theme_fonts=\u00a0\u00bbyes\u00a0\u00bb css=\u00a0\u00bb.vc_custom_1537880126655{margin-bottom: 20px !important;}\u00a0\u00bb][vc_column_text]\n<h6><span style=\"color: #ffffff;\"><a style=\"color: #ffffff;\" href=\"https:\/\/lauwers-law.be\/fr\/services\/bitcoin-blockchain-et-crypto-monnaies\/\">Bitcoin et Crypto-monnaies <i class=\"icon-tiny fa fa-chevron-right extra-color-3\"><\/i><\/a><\/span><\/h6>\n<h6><span style=\"color: #ffffff;\"><a style=\"color: #ffffff;\" href=\"https:\/\/lauwers-law.be\/fr\/services\/douane\/\">Douane <i class=\"icon-tiny fa fa-chevron-right extra-color-3\"><\/i><\/a><\/span><\/h6>\n<h6><span style=\"color: #ffffff;\"><a style=\"color: #ffffff;\" href=\"https:\/\/lauwers-law.be\/fr\/services\/droits-denregistrement-et-succession\/\">Droits d\u2019enregistrement et droits de succession <i class=\"icon-tiny fa fa-chevron-right extra-color-3\"><\/i><\/a><\/span><\/h6>\n<h6><span style=\"color: #ffffff;\"><a style=\"color: #ffffff;\" href=\"https:\/\/lauwers-law.be\/fr\/services\/droit-fiscal-international\/\">Droit fiscal international <i class=\"icon-tiny fa fa-chevron-right extra-color-3\"><\/i><\/a><\/span><\/h6>\n<h6><span style=\"color: #ffffff;\"><a style=\"color: #ffffff;\" href=\"https:\/\/lauwers-law.be\/fr\/services\/fiscalite-lepargne-et-des-placements\/\">Fiscalit\u00e9 de l\u2019\u00e9pargne et des placements <i class=\"icon-tiny fa fa-chevron-right extra-color-3\"><\/i><\/a><\/span><\/h6>\n<h6><span style=\"color: #ffffff;\"><a style=\"color: #ffffff;\" href=\"https:\/\/lauwers-law.be\/fr\/services\/fiscalite-immobiliere\/\">Fiscalit\u00e9 immobili\u00e8re <i class=\"icon-tiny fa fa-chevron-right extra-color-3\"><\/i><\/a><\/span><\/h6>\n<h6><span style=\"color: #ffffff;\"><a style=\"color: #ffffff;\" href=\"https:\/\/lauwers-law.be\/fr\/services\/impot-des-personnes-physiques\/\">Imp\u00f4t des personnes physiques <i class=\"icon-tiny fa fa-chevron-right extra-color-3\"><\/i><\/a><\/span><\/h6>\n<h6><span style=\"color: #ffffff;\"><a style=\"color: #ffffff;\" href=\"https:\/\/lauwers-law.be\/fr\/services\/impot-des-societes\/\">Imp\u00f4t des soci\u00e9t\u00e9s <i class=\"icon-tiny fa fa-chevron-right extra-color-3\"><\/i><\/a><\/span><\/h6>\n<h6><span style=\"color: #ffffff;\"><a style=\"color: #ffffff;\" href=\"https:\/\/lauwers-law.be\/fr\/services\/impots-regionaux\/\">Imp\u00f4ts r\u00e9gionaux <i class=\"icon-tiny fa fa-chevron-right extra-color-3\"><\/i><\/a><\/span><\/h6>\n<h6><span style=\"color: #ffffff;\"><a style=\"color: #ffffff;\" href=\"https:\/\/lauwers-law.be\/fr\/services\/regularisations\/\">R\u00e9gularisations <i class=\"icon-tiny fa fa-chevron-right extra-color-3\"><\/i><\/a><\/span><\/h6>\n<h6><span style=\"color: #ffffff;\"><a style=\"color: #ffffff;\" href=\"https:\/\/lauwers-law.be\/fr\/services\/ruling-ou-decision-anticipee\/\">Ruling ou d\u00e9cision anticip\u00e9e <i class=\"icon-tiny fa fa-chevron-right extra-color-3\"><\/i><\/a><\/span><\/h6>\n<h6><span style=\"color: #ffffff;\"><a style=\"color: #ffffff;\" href=\"https:\/\/lauwers-law.be\/fr\/services\/taxes-locales\/\">Taxes locales <i class=\"icon-tiny fa fa-chevron-right extra-color-3\"><\/i><\/a><\/span><\/h6>\n<h6><span style=\"color: #ffffff;\"><a style=\"color: #ffffff;\" href=\"https:\/\/lauwers-law.be\/fr\/services\/tva\/\">TVA <i class=\"icon-tiny fa fa-chevron-right extra-color-3\"><\/i><\/a><\/span><\/h6>\n<h6><\/h6>\n[\/vc_column_text][\/vc_column][\/vc_row]\n","protected":false},"excerpt":{"rendered":"<p>[vc_row type=\u00a0\u00bbin_container\u00a0\u00bb full_screen_row_position=\u00a0\u00bbmiddle\u00a0\u00bb scene_position=\u00a0\u00bbcenter\u00a0\u00bb text_color=\u00a0\u00bbdark\u00a0\u00bb text_align=\u00a0\u00bbleft\u00a0\u00bb bottom_padding=\u00a0\u00bb3%\u00a0\u00bb overlay_strength=\u00a0\u00bb0.3&Prime; shape_divider_position=\u00a0\u00bbbottom\u00a0\u00bb shape_type=\u00a0\u00bb\u00a0\u00bb][vc_column column_padding=\u00a0\u00bbno-extra-padding\u00a0\u00bb column_padding_position=\u00a0\u00bball\u00a0\u00bb background_color_opacity=\u00a0\u00bb1&Prime; background_hover_color_opacity=\u00a0\u00bb1&Prime; column_link_target=\u00a0\u00bb_self\u00a0\u00bb column_shadow=\u00a0\u00bbnone\u00a0\u00bb column_border_radius=\u00a0\u00bbnone\u00a0\u00bb width=\u00a0\u00bb4\/6&Prime; tablet_width_inherit=\u00a0\u00bbdefault\u00a0\u00bb tablet_text_alignment=\u00a0\u00bbdefault\u00a0\u00bb phone_text_alignment=\u00a0\u00bbdefault\u00a0\u00bb column_border_width=\u00a0\u00bbnone\u00a0\u00bb column_border_style=\u00a0\u00bbsolid\u00a0\u00bb][vc_custom_heading text=\u00a0\u00bbTVA\u00a0\u00bb font_container=\u00a0\u00bbtag:h2|text_align:left|color:%230b3279&Prime;&#8230;<\/p>\n","protected":false},"author":7,"featured_media":0,"parent":3894,"menu_order":0,"comment_status":"closed","ping_status":"closed","template":"","meta":{"content-type":"","_uf_show_specific_survey":0,"_uf_disable_surveys":false,"footnotes":""},"yoast_head":"<!-- This site is optimized with the Yoast SEO plugin v22.3 - https:\/\/yoast.com\/wordpress\/plugins\/seo\/ -->\n<title>TVA: conseils sur vos droits | Lauwers Avocats en droit fiscal<\/title>\n<meta name=\"description\" content=\"Lauwers Avocats en droit fiscal vous donne des conseils sur vos droits, devoirs et obligations en mati\u00e8re de TVA. Nou n\u00e9gocions des rulings et des d\u00e9cisions individuelles avec le service des d\u00e9cisions anticip\u00e9es. Nous vous assistons lors d\u2019un contr\u00f4le fiscal et des proc\u00e9dures judiciaires en mati\u00e8re de TVA.\" \/>\n<meta name=\"robots\" content=\"index, follow, max-snippet:-1, max-image-preview:large, max-video-preview:-1\" \/>\n<link rel=\"canonical\" href=\"https:\/\/lauwers-law.be\/fr\/services\/tva\/\" \/>\n<meta property=\"og:locale\" content=\"fr_FR\" \/>\n<meta property=\"og:type\" content=\"article\" \/>\n<meta property=\"og:title\" content=\"TVA: conseils sur vos droits | Lauwers Avocats en droit fiscal\" \/>\n<meta property=\"og:description\" content=\"Lauwers Avocats en droit fiscal vous donne des conseils sur vos droits, devoirs et obligations en mati\u00e8re de TVA. Nou n\u00e9gocions des rulings et des d\u00e9cisions individuelles avec le service des d\u00e9cisions anticip\u00e9es. Nous vous assistons lors d\u2019un contr\u00f4le fiscal et des proc\u00e9dures judiciaires en mati\u00e8re de TVA.\" \/>\n<meta property=\"og:url\" content=\"https:\/\/lauwers-law.be\/fr\/services\/tva\/\" \/>\n<meta property=\"og:site_name\" content=\"Lauwers Law\" \/>\n<meta property=\"article:modified_time\" content=\"2018-09-25T12:55:45+00:00\" \/>\n<meta name=\"twitter:card\" content=\"summary_large_image\" \/>\n<meta name=\"twitter:site\" content=\"@lauwersthierry\" \/>\n<meta name=\"twitter:label1\" content=\"Dur\u00e9e de lecture estim\u00e9e\" \/>\n\t<meta name=\"twitter:data1\" content=\"3 minutes\" \/>\n<script type=\"application\/ld+json\" class=\"yoast-schema-graph\">{\"@context\":\"https:\/\/schema.org\",\"@graph\":[{\"@type\":\"WebPage\",\"@id\":\"https:\/\/lauwers-law.be\/fr\/services\/tva\/\",\"url\":\"https:\/\/lauwers-law.be\/fr\/services\/tva\/\",\"name\":\"TVA: conseils sur vos droits | Lauwers Avocats en droit fiscal\",\"isPartOf\":{\"@id\":\"https:\/\/lauwers-law.be\/#website\"},\"datePublished\":\"2018-01-05T12:33:42+00:00\",\"dateModified\":\"2018-09-25T12:55:45+00:00\",\"description\":\"Lauwers Avocats en droit fiscal vous donne des conseils sur vos droits, devoirs et obligations en mati\u00e8re de TVA. Nou n\u00e9gocions des rulings et des d\u00e9cisions individuelles avec le service des d\u00e9cisions anticip\u00e9es. Nous vous assistons lors d\u2019un contr\u00f4le fiscal et des proc\u00e9dures judiciaires en mati\u00e8re de TVA.\",\"breadcrumb\":{\"@id\":\"https:\/\/lauwers-law.be\/fr\/services\/tva\/#breadcrumb\"},\"inLanguage\":\"fr-FR\",\"potentialAction\":[{\"@type\":\"ReadAction\",\"target\":[\"https:\/\/lauwers-law.be\/fr\/services\/tva\/\"]}]},{\"@type\":\"BreadcrumbList\",\"@id\":\"https:\/\/lauwers-law.be\/fr\/services\/tva\/#breadcrumb\",\"itemListElement\":[{\"@type\":\"ListItem\",\"position\":1,\"name\":\"Accueil\",\"item\":\"https:\/\/lauwers-law.be\/fr\/\"},{\"@type\":\"ListItem\",\"position\":2,\"name\":\"Services\",\"item\":\"https:\/\/lauwers-law.be\/services\/?lang=fr\"},{\"@type\":\"ListItem\",\"position\":3,\"name\":\"TVA\"}]},{\"@type\":\"WebSite\",\"@id\":\"https:\/\/lauwers-law.be\/#website\",\"url\":\"https:\/\/lauwers-law.be\/\",\"name\":\"Lauwers Law\",\"description\":\"Avocats en Droit Fiscal\",\"potentialAction\":[{\"@type\":\"SearchAction\",\"target\":{\"@type\":\"EntryPoint\",\"urlTemplate\":\"https:\/\/lauwers-law.be\/?s={search_term_string}\"},\"query-input\":\"required name=search_term_string\"}],\"inLanguage\":\"fr-FR\"}]}<\/script>\n<!-- \/ Yoast SEO plugin. -->","yoast_head_json":{"title":"TVA: conseils sur vos droits | Lauwers Avocats en droit fiscal","description":"Lauwers Avocats en droit fiscal vous donne des conseils sur vos droits, devoirs et obligations en mati\u00e8re de TVA. Nou n\u00e9gocions des rulings et des d\u00e9cisions individuelles avec le service des d\u00e9cisions anticip\u00e9es. Nous vous assistons lors d\u2019un contr\u00f4le fiscal et des proc\u00e9dures judiciaires en mati\u00e8re de TVA.","robots":{"index":"index","follow":"follow","max-snippet":"max-snippet:-1","max-image-preview":"max-image-preview:large","max-video-preview":"max-video-preview:-1"},"canonical":"https:\/\/lauwers-law.be\/fr\/services\/tva\/","og_locale":"fr_FR","og_type":"article","og_title":"TVA: conseils sur vos droits | Lauwers Avocats en droit fiscal","og_description":"Lauwers Avocats en droit fiscal vous donne des conseils sur vos droits, devoirs et obligations en mati\u00e8re de TVA. Nou n\u00e9gocions des rulings et des d\u00e9cisions individuelles avec le service des d\u00e9cisions anticip\u00e9es. Nous vous assistons lors d\u2019un contr\u00f4le fiscal et des proc\u00e9dures judiciaires en mati\u00e8re de TVA.","og_url":"https:\/\/lauwers-law.be\/fr\/services\/tva\/","og_site_name":"Lauwers Law","article_modified_time":"2018-09-25T12:55:45+00:00","twitter_card":"summary_large_image","twitter_site":"@lauwersthierry","twitter_misc":{"Dur\u00e9e de lecture estim\u00e9e":"3 minutes"},"schema":{"@context":"https:\/\/schema.org","@graph":[{"@type":"WebPage","@id":"https:\/\/lauwers-law.be\/fr\/services\/tva\/","url":"https:\/\/lauwers-law.be\/fr\/services\/tva\/","name":"TVA: conseils sur vos droits | Lauwers Avocats en droit fiscal","isPartOf":{"@id":"https:\/\/lauwers-law.be\/#website"},"datePublished":"2018-01-05T12:33:42+00:00","dateModified":"2018-09-25T12:55:45+00:00","description":"Lauwers Avocats en droit fiscal vous donne des conseils sur vos droits, devoirs et obligations en mati\u00e8re de TVA. Nou n\u00e9gocions des rulings et des d\u00e9cisions individuelles avec le service des d\u00e9cisions anticip\u00e9es. Nous vous assistons lors d\u2019un contr\u00f4le fiscal et des proc\u00e9dures judiciaires en mati\u00e8re de TVA.","breadcrumb":{"@id":"https:\/\/lauwers-law.be\/fr\/services\/tva\/#breadcrumb"},"inLanguage":"fr-FR","potentialAction":[{"@type":"ReadAction","target":["https:\/\/lauwers-law.be\/fr\/services\/tva\/"]}]},{"@type":"BreadcrumbList","@id":"https:\/\/lauwers-law.be\/fr\/services\/tva\/#breadcrumb","itemListElement":[{"@type":"ListItem","position":1,"name":"Accueil","item":"https:\/\/lauwers-law.be\/fr\/"},{"@type":"ListItem","position":2,"name":"Services","item":"https:\/\/lauwers-law.be\/services\/?lang=fr"},{"@type":"ListItem","position":3,"name":"TVA"}]},{"@type":"WebSite","@id":"https:\/\/lauwers-law.be\/#website","url":"https:\/\/lauwers-law.be\/","name":"Lauwers Law","description":"Avocats en Droit Fiscal","potentialAction":[{"@type":"SearchAction","target":{"@type":"EntryPoint","urlTemplate":"https:\/\/lauwers-law.be\/?s={search_term_string}"},"query-input":"required name=search_term_string"}],"inLanguage":"fr-FR"}]}},"_links":{"self":[{"href":"https:\/\/lauwers-law.be\/fr\/wp-json\/wp\/v2\/pages\/6145\/"}],"collection":[{"href":"https:\/\/lauwers-law.be\/fr\/wp-json\/wp\/v2\/pages\/"}],"about":[{"href":"https:\/\/lauwers-law.be\/fr\/wp-json\/wp\/v2\/types\/page\/"}],"author":[{"embeddable":true,"href":"https:\/\/lauwers-law.be\/fr\/wp-json\/wp\/v2\/users\/7\/"}],"replies":[{"embeddable":true,"href":"https:\/\/lauwers-law.be\/fr\/wp-json\/wp\/v2\/comments\/?post=6145"}],"version-history":[{"count":0,"href":"https:\/\/lauwers-law.be\/fr\/wp-json\/wp\/v2\/pages\/6145\/revisions\/"}],"up":[{"embeddable":true,"href":"https:\/\/lauwers-law.be\/fr\/wp-json\/wp\/v2\/pages\/3894\/"}],"wp:attachment":[{"href":"https:\/\/lauwers-law.be\/fr\/wp-json\/wp\/v2\/media\/?parent=6145"}],"curies":[{"name":"wp","href":"https:\/\/api.w.org\/{rel}","templated":true}]}}