{"id":6705,"date":"2018-03-21T18:19:32","date_gmt":"2018-03-21T17:19:32","guid":{"rendered":"https:\/\/www.lauwers-seutin.be\/?page_id=6705"},"modified":"2018-09-25T11:33:18","modified_gmt":"2018-09-25T10:33:18","slug":"clients","status":"publish","type":"page","link":"https:\/\/lauwers-law.be\/fr\/clients\/","title":{"rendered":"Clients"},"content":{"rendered":"[vc_row type=\u00a0\u00bbin_container\u00a0\u00bb full_screen_row_position=\u00a0\u00bbmiddle\u00a0\u00bb scene_position=\u00a0\u00bbcenter\u00a0\u00bb text_color=\u00a0\u00bbdark\u00a0\u00bb text_align=\u00a0\u00bbleft\u00a0\u00bb id=\u00a0\u00bbcreative-services\u00a0\u00bb overlay_strength=\u00a0\u00bb0.3&Prime; shape_divider_position=\u00a0\u00bbbottom\u00a0\u00bb shape_type=\u00a0\u00bb\u00a0\u00bb][vc_column column_padding=\u00a0\u00bbpadding-2-percent\u00a0\u00bb column_padding_position=\u00a0\u00bbright\u00a0\u00bb background_color_opacity=\u00a0\u00bb1&Prime; background_hover_color_opacity=\u00a0\u00bb1&Prime; column_link_target=\u00a0\u00bb_self\u00a0\u00bb column_shadow=\u00a0\u00bbnone\u00a0\u00bb column_border_radius=\u00a0\u00bbnone\u00a0\u00bb width=\u00a0\u00bb2\/3&Prime; tablet_width_inherit=\u00a0\u00bbdefault\u00a0\u00bb tablet_text_alignment=\u00a0\u00bbdefault\u00a0\u00bb phone_text_alignment=\u00a0\u00bbdefault\u00a0\u00bb column_border_width=\u00a0\u00bbnone\u00a0\u00bb column_border_style=\u00a0\u00bbsolid\u00a0\u00bb][vc_custom_heading text=\u00a0\u00bbNOS CLIENTS\u00a0\u00bb font_container=\u00a0\u00bbtag:h2|text_align:left|color:%230b3279&Prime; use_theme_fonts=\u00a0\u00bbyes\u00a0\u00bb css=\u00a0\u00bb.vc_custom_1524148060512{margin-bottom: 20px !important;}\u00a0\u00bb][vc_column_text css=\u00a0\u00bb.vc_custom_1537543531268{padding-right: 10% !important;}\u00a0\u00bb]Le cabinet d\u2019avocats Lauwers est sp\u00e9cialis\u00e9 en droit fiscal. C\u2019est <strong>un cabinet unique<\/strong> en Belgique avec des bureaux dans chacune des trois r\u00e9gions \u00e0 Sint-Martens-Latem, Bruxelles et Li\u00e8ge. Notre approche est directe et personnelle. Vous recevrez la\u00a0qualit\u00e9 \u00e0 port\u00e9e de main.<\/p>\n<p>Notre pratique se nourrit\u00a0de plus de <strong>45 ans<\/strong>\u00a0d\u2019exp\u00e9rience\u00a0en droit fiscal et embrasse tous les domaines du droit fiscal.<\/p>\n<p class=\"p1\">Nous fournissons des <strong>avis proactifs<\/strong>. Eviter des litiges fiscaux est notre priorit\u00e9. Nous traitons les diff\u00e9rends dans le respect mutuel en vue d\u2019atteindre une solution constructive.<\/p>\n<p>Le cabinet d\u2019avocats Lauwers est synonyme d&rsquo;une approche personnelle, discr\u00e8te et ax\u00e9e sur les r\u00e9sultats. Nous avons une client\u00e8le tr\u00e8s fid\u00e8le.<\/p>\n<p>Notre client\u00e8le est compos\u00e9e de:<\/p>\n<ul>\n<li>Particuliers;<\/li>\n<li>Dirigeants d&rsquo;entreprise;<\/li>\n<li>Entreprises;<\/li>\n<li>Comptables, r\u00e9viseurs d\u2019entreprise, conseillers fiscaux et de fiscalistes;<\/li>\n<li>Confr\u00e8res sp\u00e9cialis\u00e9s dans d&rsquo;autres disciplines juridiques;<\/li>\n<li>Organismes \u00e0 but lucratif \/ sans but lucratif<\/li>\n<li>Autorit\u00e9s publiques<\/li>\n<\/ul>\n<p>La client\u00e8le qualifie le cabinet d\u2019avocats Lauwers de \u00ab\u00a0<strong>cabinet d&rsquo;avocats dot\u00e9 d\u2019une excellente r\u00e9putation en Belgique<\/strong>\u00ab\u00a0.[\/vc_column_text][divider line_type=\u00a0\u00bbNo Line\u00a0\u00bb custom_height=\u00a0\u00bb40px\u00a0\u00bb][nectar_btn size=\u00a0\u00bbsmall\u00a0\u00bb button_style=\u00a0\u00bbregular\u00a0\u00bb button_color_2=\u00a0\u00bbAccent-Color\u00a0\u00bb icon_family=\u00a0\u00bbnone\u00a0\u00bb url=\u00a0\u00bb\/fr\/contact\/\u00a0\u00bb text=\u00a0\u00bbPrendre rendez-vous\u00a0\u00bb][\/vc_column][vc_column column_padding=\u00a0\u00bbno-extra-padding\u00a0\u00bb column_padding_position=\u00a0\u00bball\u00a0\u00bb background_color_opacity=\u00a0\u00bb1&Prime; background_hover_color_opacity=\u00a0\u00bb1&Prime; column_link_target=\u00a0\u00bb_self\u00a0\u00bb column_shadow=\u00a0\u00bbnone\u00a0\u00bb column_border_radius=\u00a0\u00bbnone\u00a0\u00bb width=\u00a0\u00bb1\/3&Prime; tablet_width_inherit=\u00a0\u00bbdefault\u00a0\u00bb tablet_text_alignment=\u00a0\u00bbdefault\u00a0\u00bb phone_text_alignment=\u00a0\u00bbdefault\u00a0\u00bb column_border_width=\u00a0\u00bbnone\u00a0\u00bb column_border_style=\u00a0\u00bbsolid\u00a0\u00bb][vc_row_inner content_placement=\u00a0\u00bbtop\u00a0\u00bb column_margin=\u00a0\u00bbnone\u00a0\u00bb text_align=\u00a0\u00bbleft\u00a0\u00bb][vc_column_inner column_padding=\u00a0\u00bbpadding-2-percent\u00a0\u00bb column_padding_position=\u00a0\u00bball\u00a0\u00bb background_color_opacity=\u00a0\u00bb1&Prime; background_hover_color_opacity=\u00a0\u00bb1&Prime; column_shadow=\u00a0\u00bbnone\u00a0\u00bb column_border_radius=\u00a0\u00bbnone\u00a0\u00bb column_link_target=\u00a0\u00bb_self\u00a0\u00bb width=\u00a0\u00bb1\/1&Prime; tablet_width_inherit=\u00a0\u00bbdefault\u00a0\u00bb column_border_width=\u00a0\u00bbnone\u00a0\u00bb column_border_style=\u00a0\u00bbsolid\u00a0\u00bb][fancy_box box_style=\u00a0\u00bbdefault\u00a0\u00bb icon_family=\u00a0\u00bbnone\u00a0\u00bb image_url=\u00a0\u00bb3245&Prime; color=\u00a0\u00bbAccent-Color\u00a0\u00bb min_height=\u00a0\u00bb100&Prime; link_text=\u00a0\u00bbEn savoir plus\u00a0\u00bb link_url=\u00a0\u00bb\/fr\/intermediaires\/\u00a0\u00bb]\n<h3>Professionnel des finances<\/h3>\n<p class=\"vc_custom_heading\">Expert-comptable, r\u00e9viseur d\u2019entreprises, conseiller fiscal, comptable ou fiscaliste<\/p>\n[\/fancy_box][fancy_box box_style=\u00a0\u00bbdefault\u00a0\u00bb icon_family=\u00a0\u00bbnone\u00a0\u00bb image_url=\u00a0\u00bb3243&Prime; color=\u00a0\u00bbAccent-Color\u00a0\u00bb min_height=\u00a0\u00bb100&Prime; link_text=\u00a0\u00bbEn savoir plus\u00a0\u00bb link_url=\u00a0\u00bb\/fr\/decideurs\/\u00a0\u00bb]\n<h3>D\u00e9cideur<\/h3>\n<p>CEO, CFO ou chef d\u2019entreprise[\/fancy_box][fancy_box box_style=\u00a0\u00bbdefault\u00a0\u00bb icon_family=\u00a0\u00bbnone\u00a0\u00bb image_url=\u00a0\u00bb3246&Prime; color=\u00a0\u00bbAccent-Color\u00a0\u00bb min_height=\u00a0\u00bb100&Prime; link_text=\u00a0\u00bbEn savoir plus\u00a0\u00bb link_url=\u00a0\u00bb\/fr\/personnes-physiques\/\u00a0\u00bb]\n<h3>Personne physique<\/h3>\n<p>Des personnes physiques \u00e0 la recherche d\u2019un avis fiscal ou d\u2019une optimisation successorale[\/fancy_box][\/vc_column_inner][\/vc_row_inner][\/vc_column][\/vc_row][vc_row type=\u00a0\u00bbfull_width_background\u00a0\u00bb full_screen_row_position=\u00a0\u00bbmiddle\u00a0\u00bb equal_height=\u00a0\u00bbyes\u00a0\u00bb content_placement=\u00a0\u00bbmiddle\u00a0\u00bb bg_color=\u00a0\u00bb#ffffff\u00a0\u00bb scene_position=\u00a0\u00bbcenter\u00a0\u00bb text_color=\u00a0\u00bbdark\u00a0\u00bb text_align=\u00a0\u00bbleft\u00a0\u00bb top_padding=\u00a0\u00bb10%\u00a0\u00bb bottom_padding=\u00a0\u00bb10%\u00a0\u00bb id=\u00a0\u00bbdiscover\u00a0\u00bb overlay_strength=\u00a0\u00bb0.3&Prime; shape_divider_position=\u00a0\u00bbbottom\u00a0\u00bb shape_type=\u00a0\u00bb\u00a0\u00bb][vc_column column_padding=\u00a0\u00bbno-extra-padding\u00a0\u00bb column_padding_position=\u00a0\u00bball\u00a0\u00bb background_color_opacity=\u00a0\u00bb1&Prime; background_hover_color_opacity=\u00a0\u00bb1&Prime; column_link_target=\u00a0\u00bb_self\u00a0\u00bb column_shadow=\u00a0\u00bbnone\u00a0\u00bb column_border_radius=\u00a0\u00bbnone\u00a0\u00bb width=\u00a0\u00bb2\/3&Prime; tablet_width_inherit=\u00a0\u00bbdefault\u00a0\u00bb tablet_text_alignment=\u00a0\u00bbdefault\u00a0\u00bb phone_text_alignment=\u00a0\u00bbdefault\u00a0\u00bb column_border_width=\u00a0\u00bbnone\u00a0\u00bb column_border_style=\u00a0\u00bbsolid\u00a0\u00bb][vc_row_inner column_margin=\u00a0\u00bbdefault\u00a0\u00bb text_align=\u00a0\u00bbleft\u00a0\u00bb css=\u00a0\u00bb.vc_custom_1504128844236{margin-right: -1px !important;}\u00a0\u00bb][vc_column_inner enable_animation=\u00a0\u00bbtrue\u00a0\u00bb animation=\u00a0\u00bbfade-in-from-left\u00a0\u00bb column_padding=\u00a0\u00bbno-extra-padding\u00a0\u00bb column_padding_position=\u00a0\u00bball\u00a0\u00bb background_color_opacity=\u00a0\u00bb1&Prime; background_hover_color_opacity=\u00a0\u00bb1&Prime; column_shadow=\u00a0\u00bbnone\u00a0\u00bb column_border_radius=\u00a0\u00bbnone\u00a0\u00bb column_link_target=\u00a0\u00bb_self\u00a0\u00bb width=\u00a0\u00bb1\/1&Prime; tablet_width_inherit=\u00a0\u00bbdefault\u00a0\u00bb column_border_width=\u00a0\u00bbnone\u00a0\u00bb column_border_style=\u00a0\u00bbsolid\u00a0\u00bb][nectar_single_testimonial testimonial_style=\u00a0\u00bbbold\u00a0\u00bb image=\u00a0\u00bb8138&Prime; color=\u00a0\u00bbAccent-Color\u00a0\u00bb quote=\u00a0\u00bbJe tiens \u00e0 personnellement vous remercier pour votre soutien et vos conseils que vous nous offrez depuis un an d\u00e9j\u00e0. Ce fut un tr\u00e8s long chemin lors duquel vous \u00e9tiez toujours disponible. Vous nous avez permis de surmonter les pi\u00e8ges incroyables que nous avons rencontr\u00e9s.<\/p>\n<p>D\u00e8s notre premier entretien, j\u2019ai pu appr\u00e9cier votre consid\u00e9rable expertise et vos connaissances extraordinaires. Sans vous, nous n&rsquo;aurions jamais atteint ce r\u00e9sultat.\u00a0\u00bb name=\u00a0\u00bbT\u00e9moignage\u00a0\u00bb subtitle=\u00a0\u00bbAnonyme\u00a0\u00bb][\/vc_column_inner][\/vc_row_inner][\/vc_column][vc_column column_padding=\u00a0\u00bbno-extra-padding\u00a0\u00bb column_padding_position=\u00a0\u00bball\u00a0\u00bb background_color_opacity=\u00a0\u00bb1&Prime; background_hover_color_opacity=\u00a0\u00bb1&Prime; column_link_target=\u00a0\u00bb_self\u00a0\u00bb column_shadow=\u00a0\u00bbnone\u00a0\u00bb column_border_radius=\u00a0\u00bbnone\u00a0\u00bb width=\u00a0\u00bb1\/3&Prime; tablet_width_inherit=\u00a0\u00bbdefault\u00a0\u00bb tablet_text_alignment=\u00a0\u00bbdefault\u00a0\u00bb phone_text_alignment=\u00a0\u00bbdefault\u00a0\u00bb column_border_width=\u00a0\u00bbnone\u00a0\u00bb column_border_style=\u00a0\u00bbsolid\u00a0\u00bb][image_with_animation image_url=\u00a0\u00bb8134&Prime; alignment=\u00a0\u00bbright\u00a0\u00bb animation=\u00a0\u00bbGrow In\u00a0\u00bb border_radius=\u00a0\u00bbnone\u00a0\u00bb box_shadow=\u00a0\u00bbnone\u00a0\u00bb max_width=\u00a0\u00bb175%\u00a0\u00bb][\/vc_column][\/vc_row]\n","protected":false},"excerpt":{"rendered":"<p>[vc_row type=\u00a0\u00bbin_container\u00a0\u00bb full_screen_row_position=\u00a0\u00bbmiddle\u00a0\u00bb scene_position=\u00a0\u00bbcenter\u00a0\u00bb text_color=\u00a0\u00bbdark\u00a0\u00bb text_align=\u00a0\u00bbleft\u00a0\u00bb id=\u00a0\u00bbcreative-services\u00a0\u00bb overlay_strength=\u00a0\u00bb0.3&Prime; shape_divider_position=\u00a0\u00bbbottom\u00a0\u00bb shape_type=\u00a0\u00bb\u00a0\u00bb][vc_column column_padding=\u00a0\u00bbpadding-2-percent\u00a0\u00bb column_padding_position=\u00a0\u00bbright\u00a0\u00bb background_color_opacity=\u00a0\u00bb1&Prime; background_hover_color_opacity=\u00a0\u00bb1&Prime; column_link_target=\u00a0\u00bb_self\u00a0\u00bb column_shadow=\u00a0\u00bbnone\u00a0\u00bb column_border_radius=\u00a0\u00bbnone\u00a0\u00bb width=\u00a0\u00bb2\/3&Prime; tablet_width_inherit=\u00a0\u00bbdefault\u00a0\u00bb tablet_text_alignment=\u00a0\u00bbdefault\u00a0\u00bb phone_text_alignment=\u00a0\u00bbdefault\u00a0\u00bb column_border_width=\u00a0\u00bbnone\u00a0\u00bb column_border_style=\u00a0\u00bbsolid\u00a0\u00bb][vc_custom_heading text=\u00a0\u00bbNOS CLIENTS\u00a0\u00bb&#8230;<\/p>\n","protected":false},"author":4,"featured_media":0,"parent":0,"menu_order":0,"comment_status":"closed","ping_status":"closed","template":"","meta":{"content-type":"","_uf_show_specific_survey":0,"_uf_disable_surveys":false,"footnotes":""},"yoast_head":"<!-- This site is optimized with the Yoast SEO plugin v22.3 - https:\/\/yoast.com\/wordpress\/plugins\/seo\/ -->\n<title>Expertise dans chaque domaine de la fiscalit\u00e9<\/title>\n<meta name=\"description\" content=\"Le cabinet d\u2019avocats Lauwers se nourrit de plus de 45 ans d\u2019exp\u00e9rience en droit fiscal et embrasse tous les domaines du droit fiscal.\" \/>\n<meta name=\"robots\" content=\"index, follow, max-snippet:-1, max-image-preview:large, max-video-preview:-1\" \/>\n<link rel=\"canonical\" href=\"https:\/\/lauwers-law.be\/fr\/clients\/?lang=fr\" \/>\n<meta property=\"og:locale\" content=\"fr_FR\" \/>\n<meta property=\"og:type\" content=\"article\" \/>\n<meta property=\"og:title\" content=\"Expertise dans chaque domaine de la fiscalit\u00e9\" \/>\n<meta property=\"og:description\" content=\"Le cabinet d\u2019avocats Lauwers se nourrit de plus de 45 ans d\u2019exp\u00e9rience en droit fiscal et embrasse tous les domaines du droit fiscal.\" \/>\n<meta property=\"og:url\" content=\"https:\/\/lauwers-law.be\/clients\/?lang=fr\" \/>\n<meta property=\"og:site_name\" content=\"Lauwers Law\" \/>\n<meta property=\"article:modified_time\" content=\"2018-09-25T10:33:18+00:00\" \/>\n<meta name=\"twitter:card\" content=\"summary_large_image\" \/>\n<meta name=\"twitter:site\" content=\"@lauwersthierry\" \/>\n<meta name=\"twitter:label1\" content=\"Dur\u00e9e de lecture estim\u00e9e\" \/>\n\t<meta name=\"twitter:data1\" content=\"4 minutes\" \/>\n<script type=\"application\/ld+json\" class=\"yoast-schema-graph\">{\"@context\":\"https:\/\/schema.org\",\"@graph\":[{\"@type\":\"WebPage\",\"@id\":\"https:\/\/lauwers-law.be\/clients\/?lang=fr\",\"url\":\"https:\/\/lauwers-law.be\/clients\/?lang=fr\",\"name\":\"Expertise dans chaque domaine de la fiscalit\u00e9\",\"isPartOf\":{\"@id\":\"https:\/\/lauwers-law.be\/#website\"},\"datePublished\":\"2018-03-21T17:19:32+00:00\",\"dateModified\":\"2018-09-25T10:33:18+00:00\",\"description\":\"Le cabinet d\u2019avocats Lauwers se nourrit de plus de 45 ans d\u2019exp\u00e9rience en droit fiscal et embrasse tous les domaines du droit fiscal.\",\"breadcrumb\":{\"@id\":\"https:\/\/lauwers-law.be\/clients\/?lang=fr#breadcrumb\"},\"inLanguage\":\"fr-FR\",\"potentialAction\":[{\"@type\":\"ReadAction\",\"target\":[\"https:\/\/lauwers-law.be\/clients\/?lang=fr\"]}]},{\"@type\":\"BreadcrumbList\",\"@id\":\"https:\/\/lauwers-law.be\/clients\/?lang=fr#breadcrumb\",\"itemListElement\":[{\"@type\":\"ListItem\",\"position\":1,\"name\":\"Accueil\",\"item\":\"https:\/\/lauwers-law.be\/fr\/\"},{\"@type\":\"ListItem\",\"position\":2,\"name\":\"Clients\"}]},{\"@type\":\"WebSite\",\"@id\":\"https:\/\/lauwers-law.be\/#website\",\"url\":\"https:\/\/lauwers-law.be\/\",\"name\":\"Lauwers Law\",\"description\":\"Avocats en Droit Fiscal\",\"potentialAction\":[{\"@type\":\"SearchAction\",\"target\":{\"@type\":\"EntryPoint\",\"urlTemplate\":\"https:\/\/lauwers-law.be\/?s={search_term_string}\"},\"query-input\":\"required name=search_term_string\"}],\"inLanguage\":\"fr-FR\"}]}<\/script>\n<!-- \/ Yoast SEO plugin. -->","yoast_head_json":{"title":"Expertise dans chaque domaine de la fiscalit\u00e9","description":"Le cabinet d\u2019avocats Lauwers se nourrit de plus de 45 ans d\u2019exp\u00e9rience en droit fiscal et embrasse tous les domaines du droit fiscal.","robots":{"index":"index","follow":"follow","max-snippet":"max-snippet:-1","max-image-preview":"max-image-preview:large","max-video-preview":"max-video-preview:-1"},"canonical":"https:\/\/lauwers-law.be\/fr\/clients\/?lang=fr","og_locale":"fr_FR","og_type":"article","og_title":"Expertise dans chaque domaine de la fiscalit\u00e9","og_description":"Le cabinet d\u2019avocats Lauwers se nourrit de plus de 45 ans d\u2019exp\u00e9rience en droit fiscal et embrasse tous les domaines du droit fiscal.","og_url":"https:\/\/lauwers-law.be\/clients\/?lang=fr","og_site_name":"Lauwers Law","article_modified_time":"2018-09-25T10:33:18+00:00","twitter_card":"summary_large_image","twitter_site":"@lauwersthierry","twitter_misc":{"Dur\u00e9e de lecture estim\u00e9e":"4 minutes"},"schema":{"@context":"https:\/\/schema.org","@graph":[{"@type":"WebPage","@id":"https:\/\/lauwers-law.be\/clients\/?lang=fr","url":"https:\/\/lauwers-law.be\/clients\/?lang=fr","name":"Expertise dans chaque domaine de la fiscalit\u00e9","isPartOf":{"@id":"https:\/\/lauwers-law.be\/#website"},"datePublished":"2018-03-21T17:19:32+00:00","dateModified":"2018-09-25T10:33:18+00:00","description":"Le cabinet d\u2019avocats Lauwers se nourrit de plus de 45 ans d\u2019exp\u00e9rience en droit fiscal et embrasse tous les domaines du droit fiscal.","breadcrumb":{"@id":"https:\/\/lauwers-law.be\/clients\/?lang=fr#breadcrumb"},"inLanguage":"fr-FR","potentialAction":[{"@type":"ReadAction","target":["https:\/\/lauwers-law.be\/clients\/?lang=fr"]}]},{"@type":"BreadcrumbList","@id":"https:\/\/lauwers-law.be\/clients\/?lang=fr#breadcrumb","itemListElement":[{"@type":"ListItem","position":1,"name":"Accueil","item":"https:\/\/lauwers-law.be\/fr\/"},{"@type":"ListItem","position":2,"name":"Clients"}]},{"@type":"WebSite","@id":"https:\/\/lauwers-law.be\/#website","url":"https:\/\/lauwers-law.be\/","name":"Lauwers Law","description":"Avocats en Droit Fiscal","potentialAction":[{"@type":"SearchAction","target":{"@type":"EntryPoint","urlTemplate":"https:\/\/lauwers-law.be\/?s={search_term_string}"},"query-input":"required name=search_term_string"}],"inLanguage":"fr-FR"}]}},"_links":{"self":[{"href":"https:\/\/lauwers-law.be\/fr\/wp-json\/wp\/v2\/pages\/6705\/"}],"collection":[{"href":"https:\/\/lauwers-law.be\/fr\/wp-json\/wp\/v2\/pages\/"}],"about":[{"href":"https:\/\/lauwers-law.be\/fr\/wp-json\/wp\/v2\/types\/page\/"}],"author":[{"embeddable":true,"href":"https:\/\/lauwers-law.be\/fr\/wp-json\/wp\/v2\/users\/4\/"}],"replies":[{"embeddable":true,"href":"https:\/\/lauwers-law.be\/fr\/wp-json\/wp\/v2\/comments\/?post=6705"}],"version-history":[{"count":0,"href":"https:\/\/lauwers-law.be\/fr\/wp-json\/wp\/v2\/pages\/6705\/revisions\/"}],"wp:attachment":[{"href":"https:\/\/lauwers-law.be\/fr\/wp-json\/wp\/v2\/media\/?parent=6705"}],"curies":[{"name":"wp","href":"https:\/\/api.w.org\/{rel}","templated":true}]}}